{"id":9375,"date":"2023-04-14T13:40:29","date_gmt":"2023-04-14T13:40:29","guid":{"rendered":"https:\/\/monrepos.rgzm.de\/?page_id=9375"},"modified":"2024-11-21T14:18:27","modified_gmt":"2024-11-21T14:18:27","slug":"mit-monrepos-am-lagerfeuer","status":"publish","type":"page","link":"https:\/\/monrepos.leiza.de\/en\/mit-monrepos-am-lagerfeuer\/","title":{"rendered":"At the campfire with MONREPOS"},"content":{"rendered":"<section id=\"section_id-19375\" class=\"fw-main-row fw-section-no-padding\" style=\" \" >\n\t<div class=\"fw-col-inner fw-container\" >\n\t\t<div class=\"fw-row\">\n\t\n<div id=\"column-69e217a9e6b62\" class=\"fw-col-xs-12\" style=\" \">\n        <div class=\"fw-col-inner\" >\n\t\t<h1 style=\"text-align: center;\">Am Lagerfeuer<\/h1><p style=\"text-align: center;\">Gemeinsam mit dem Berliner Filmregisseur Uli M. Schueppel haben wir eine Reihe von kurzen Videos gedreht. Unter dem Titel \u00bbAm Lagerfeuer\u00ab\u00a0 pr\u00e4sentieren Dir unsere Wissenschaftler:innen einzigartige Funde aus der Altsteinzeit , die von gro\u00dfer Bedeutung f\u00fcr die Erforschung der menschlichen Verhaltensevolution sind.<\/p>\n\t<div class=\"fw-divider-space\" style=\"padding-top: 50px;\"><\/div>\n<div class=\"video-wrapper shortcode-container\">\n\t<iframe loading=\"lazy\" hcb-fetch-image-from=\"https:\/\/www.youtube.com\/watch?v=zQ4F67A1sBo&amp;t=29s\" title=\"MONREPOS am Lagerfeuer - Teil 1: Der Schmuck\" width=\"300\" height=\"169\" src=\"https:\/\/www.youtube.com\/embed\/zQ4F67A1sBo?start=29&feature=oembed\" frameborder=\"0\" allow=\"accelerometer; autoplay; clipboard-write; encrypted-media; gyroscope; picture-in-picture; web-share\" allowfullscreen><\/iframe><\/div>\n\n\t<div class=\"fw-divider-space\" style=\"padding-top: 50px;\"><\/div>\n\t<\/div>\n<\/div><\/div>\n\n<div class=\"fw-row\">\n\t\n<div id=\"column-69e217a9e7376\" class=\"fw-col-xs-12\" style=\" \">\n        <div class=\"fw-col-inner\" >\n\t\t\n\t<div class=\"fw-divider-space\" style=\"padding-top: 50px;\"><\/div>\n<div class=\"video-wrapper shortcode-container\">\n\t<iframe loading=\"lazy\" hcb-fetch-image-from=\"https:\/\/www.youtube.com\/watch?v=SlB1LRbEB80&amp;t=102s\" title=\"MONREPOS am Lagerfeuer - Teil 2: Der L\u00f6wenmensch\" width=\"300\" height=\"169\" src=\"https:\/\/www.youtube.com\/embed\/SlB1LRbEB80?start=102&feature=oembed\" frameborder=\"0\" allow=\"accelerometer; autoplay; clipboard-write; encrypted-media; gyroscope; picture-in-picture; web-share\" allowfullscreen><\/iframe><\/div>\n\n\t<div class=\"fw-divider-space\" style=\"padding-top: 50px;\"><\/div>\n\t<\/div>\n<\/div><\/div>\n\n<div class=\"fw-row\">\n\t\n<div id=\"column-69e217a9e7624\" class=\"fw-col-xs-12\" style=\" \">\n        <div class=\"fw-col-inner\" >\n\t\t\n\t<div class=\"fw-divider-space\" style=\"padding-top: 50px;\"><\/div>\n<div class=\"video-wrapper shortcode-container\">\n\t<iframe loading=\"lazy\" hcb-fetch-image-from=\"https:\/\/www.youtube.com\/watch?v=DIu-aPUitQg&amp;t=8s\" title=\"MONREPOS am Lagerfeuer - Teil 3: Das Opfer\" width=\"300\" height=\"169\" src=\"https:\/\/www.youtube.com\/embed\/DIu-aPUitQg?start=8&feature=oembed\" frameborder=\"0\" allow=\"accelerometer; autoplay; clipboard-write; encrypted-media; gyroscope; picture-in-picture; web-share\" allowfullscreen><\/iframe><\/div>\n\n\t<div class=\"fw-divider-space\" style=\"padding-top: 50px;\"><\/div>\n\t<\/div>\n<\/div><\/div>\n\n<div class=\"fw-row\">\n\t\n<div id=\"column-69e217a9e7b62\" class=\"fw-col-xs-12\" style=\" \">\n        <div class=\"fw-col-inner\" >\n\t\t\n\t<div class=\"fw-divider-space\" style=\"padding-top: 50px;\"><\/div>\n<div class=\"video-wrapper shortcode-container\">\n\t<iframe loading=\"lazy\" hcb-fetch-image-from=\"https:\/\/www.youtube.com\/watch?v=8BWwC8qq4x4&amp;t=22s\" title=\"MONREPOS am Lagerfeuer - Teil 4: Der Verletzte\" width=\"300\" height=\"169\" src=\"https:\/\/www.youtube.com\/embed\/8BWwC8qq4x4?start=22&feature=oembed\" frameborder=\"0\" allow=\"accelerometer; autoplay; clipboard-write; encrypted-media; gyroscope; picture-in-picture; web-share\" allowfullscreen><\/iframe><\/div>\n\n\t<div class=\"fw-divider-space\" style=\"padding-top: 50px;\"><\/div>\n\t<\/div>\n<\/div><\/div>\n\n<div class=\"fw-row\">\n\t\n<div id=\"column-69e217a9e7db6\" class=\"fw-col-xs-12\" style=\" \">\n        <div class=\"fw-col-inner\" >\n\t\t\n\t<div class=\"fw-divider-space\" style=\"padding-top: 50px;\"><\/div>\n<div class=\"video-wrapper shortcode-container\">\n\t<iframe loading=\"lazy\" hcb-fetch-image-from=\"https:\/\/www.youtube.com\/watch?v=H1VLFmutyUY&amp;t=38s\" title=\"MONREPOS am Lagerfeuer - Teil 5: Der Nussknacker\" width=\"300\" height=\"169\" src=\"https:\/\/www.youtube.com\/embed\/H1VLFmutyUY?start=38&feature=oembed\" frameborder=\"0\" allow=\"accelerometer; autoplay; clipboard-write; encrypted-media; gyroscope; picture-in-picture; web-share\" allowfullscreen><\/iframe><\/div>\n\n\t<div class=\"fw-divider-space\" style=\"padding-top: 50px;\"><\/div>\n\t<\/div>\n<\/div><\/div>\n\n<div class=\"fw-row\">\n\t\n<div id=\"column-69e217a9e8020\" class=\"fw-col-xs-12\" style=\" \">\n        <div class=\"fw-col-inner\" >\n\t\t\n\t<div class=\"fw-divider-space\" style=\"padding-top: 50px;\"><\/div>\n<div class=\"video-wrapper shortcode-container\">\n\t<iframe loading=\"lazy\" hcb-fetch-image-from=\"https:\/\/www.youtube.com\/watch?v=Ez2GgmYH6JE&amp;t=210s\" title=\"MONREPOS am Lagerfeuer - Teil 6: Das Feuer\" width=\"300\" height=\"169\" src=\"https:\/\/www.youtube.com\/embed\/Ez2GgmYH6JE?start=210&feature=oembed\" frameborder=\"0\" allow=\"accelerometer; autoplay; clipboard-write; encrypted-media; gyroscope; picture-in-picture; web-share\" allowfullscreen><\/iframe><\/div>\n\n\t<div class=\"fw-divider-space\" style=\"padding-top: 50px;\"><\/div>\n\t<\/div>\n<\/div><\/div>\n\n\t<\/div>\n<\/section>","protected":false},"excerpt":{"rendered":"<p>Am LagerfeuerGemeinsam mit dem Berliner Filmregisseur Uli M. Schueppel haben wir eine Reihe von kurzen Videos gedreht. Unter dem Titel \u00bbAm Lagerfeuer\u00ab\u00a0 pr\u00e4sentieren Dir unsere Wissenschaftler:innen einzigartige Funde aus der Altsteinzeit , die von gro\u00dfer Bedeutung f\u00fcr die Erforschung der menschlichen Verhaltensevolution sind.<\/p>","protected":false},"author":1,"featured_media":7467,"parent":0,"menu_order":0,"comment_status":"closed","ping_status":"closed","template":"","meta":{"footnotes":""},"class_list":["post-9375","page","type-page","status-publish","has-post-thumbnail","hentry"],"aioseo_notices":[],"_links":{"self":[{"href":"https:\/\/monrepos.leiza.de\/en\/wp-json\/wp\/v2\/pages\/9375","targetHints":{"allow":["GET"]}}],"collection":[{"href":"https:\/\/monrepos.leiza.de\/en\/wp-json\/wp\/v2\/pages"}],"about":[{"href":"https:\/\/monrepos.leiza.de\/en\/wp-json\/wp\/v2\/types\/page"}],"author":[{"embeddable":true,"href":"https:\/\/monrepos.leiza.de\/en\/wp-json\/wp\/v2\/users\/1"}],"replies":[{"embeddable":true,"href":"https:\/\/monrepos.leiza.de\/en\/wp-json\/wp\/v2\/comments?post=9375"}],"version-history":[{"count":9,"href":"https:\/\/monrepos.leiza.de\/en\/wp-json\/wp\/v2\/pages\/9375\/revisions"}],"predecessor-version":[{"id":9390,"href":"https:\/\/monrepos.leiza.de\/en\/wp-json\/wp\/v2\/pages\/9375\/revisions\/9390"}],"wp:featuredmedia":[{"embeddable":true,"href":"https:\/\/monrepos.leiza.de\/en\/wp-json\/wp\/v2\/media\/7467"}],"wp:attachment":[{"href":"https:\/\/monrepos.leiza.de\/en\/wp-json\/wp\/v2\/media?parent=9375"}],"curies":[{"name":"wp","href":"https:\/\/api.w.org\/{rel}","templated":true}]}}