{"id":9242,"date":"2023-01-23T09:10:39","date_gmt":"2023-01-23T09:10:39","guid":{"rendered":"https:\/\/monrepos.rgzm.de\/?page_id=9242"},"modified":"2025-05-16T11:51:02","modified_gmt":"2025-05-16T11:51:02","slug":"monrepos-digital","status":"publish","type":"page","link":"https:\/\/monrepos.leiza.de\/en\/monrepos-digital\/","title":{"rendered":"MONREPOS Digital"},"content":{"rendered":"<section id=\"section_id-19242\" class=\"fw-main-row fw-section-no-padding\" style=\" \" >\n\t<div class=\"fw-col-inner fw-container\" >\n\t\t<div class=\"fw-row\">\n\t\n<div id=\"column-69e2062bc468e\" class=\"fw-col-xs-12\" style=\" \">\n        <div class=\"fw-col-inner\" >\n\t\t<h1 style=\"text-align: center;\">Digital with MONREPOS<\/h1><p style=\"text-align: center;\" class=\"translation-block\">Of course, you can experience MONREPOS from anywhere, whether you're on the train, in a caf\u00e9 or from your sofa at home. Simply discover our exciting digital offers and follow us on our social media channels. Exciting topics are always waiting for you there!<\/p><img loading=\"lazy\" decoding=\"async\" src=\"https:\/\/monrepos.leiza.de\/wp-content\/uploads\/2025\/01\/Smartphoe-Uebersicht-fuer-Social-media_mit-Bluesky-1200x800.png\" alt=\"https:\/\/monrepos.leiza.de\/wp-content\/uploads\/2025\/01\/Smartphoe-Uebersicht-fuer-Social-media_mit-Bluesky-1200x800.png\" width=\"1200\" height=\"800\" \/>\t<\/div>\n<\/div><\/div>\n\n<div class=\"fw-row\">\n\t\n<div id=\"column-69e2062bc49a9\" class=\"fw-col-xs-12 fw-col-sm-3\" style=\" \">\n        <div class=\"fw-col-inner\" >\n\t\t<p style=\"text-align: center;\">\n    <a href=\"https:\/\/www.facebook.com\/paleomonrepos\/?locale=de_DE\" target=\"_self\" class=\"wpz-btn wpz-btn-1 wpz-btn-black\">\n    \t<span>subscribe<\/span>\n    <\/a>\n\t<\/div>\n<\/div>\n<div id=\"column-69e2062bc4a6a\" class=\"fw-col-xs-12 fw-col-sm-3\" style=\" \">\n        <div class=\"fw-col-inner\" >\n\t\t<p style=\"text-align: center;\">\n    <a href=\"https:\/\/twitter.com\/paleomonrepos?lang=de\" target=\"_self\" class=\"wpz-btn wpz-btn-1\">\n    \t<span>subscribe<\/span>\n    <\/a>\n\t<\/div>\n<\/div>\n<div id=\"column-69e2062bc4ad7\" class=\"fw-col-xs-12 fw-col-sm-3\" style=\" \">\n        <div class=\"fw-col-inner\" >\n\t\t\n    <a href=\"https:\/\/www.instagram.com\/paleomonrepos\/?hl=de\" target=\"_self\" class=\"wpz-btn wpz-btn-1\">\n    \t<span>subscribe<\/span>\n    <\/a>\n\t<\/div>\n<\/div>\n<div id=\"column-69e2062bc4b3e\" class=\"fw-col-xs-12 fw-col-sm-3\" style=\" \">\n        <div class=\"fw-col-inner\" >\n\t\t\n    <a href=\"https:\/\/www.youtube.com\/@MonAirPaleoTV\" target=\"_self\" class=\"wpz-btn wpz-btn-1\">\n    \t<span>subscribe<\/span>\n    <\/a>\n\t<\/div>\n<\/div><\/div>\n\n<div class=\"fw-row\">\n\t\n<div id=\"column-69e2062bc4c1a\" class=\"fw-col-xs-12\" style=\" \">\n        <div class=\"fw-col-inner\" >\n\t\t\n\t<div class=\"fw-divider-space\" style=\"padding-top: 50px;\"><\/div>\n\t<div class=\"fw-divider-line\"><hr\/><\/div>\n\n\n\t<div class=\"fw-divider-space\" style=\"padding-top: 50px;\"><\/div>\n<h1 style=\"text-align: center;\">At the campfire with MONREPOS<\/h1><p style=\"text-align: center;\" class=\"translation-block\">Find out more about some of the special highlights of the \u2018Understanding humanity\u2019 exhibition and join our MONREPOS scientists around the crackling campfire.<\/p>\n<div class=\"wpz-btn-center\">\n    <a href=\"https:\/\/monrepos.leiza.de\/en\/mit-monrepos-am-lagerfeuer\/\" target=\"_blank\" class=\"wpz-btn wpz-btn-1\">\n    \t<span>To Campfire<\/span>\n    <\/a>\n<\/div>\n\n\t<div class=\"fw-divider-space\" style=\"padding-top: 50px;\"><\/div>\n<img loading=\"lazy\" decoding=\"async\" src=\"https:\/\/monrepos.leiza.de\/wp-content\/uploads\/2024\/05\/im-Rudel_verkleinert-900x500.jpg\" alt=\"https:\/\/monrepos.leiza.de\/wp-content\/uploads\/2024\/05\/im-Rudel_verkleinert-900x500.jpg\" width=\"900\" height=\"500\" \/>\n\t<div class=\"fw-divider-space\" style=\"padding-top: 50px;\"><\/div>\n\n\t<\/div>\n<\/div><\/div>\n\n<div class=\"fw-row\">\n\t\n<div id=\"column-69e2062bc4f1f\" class=\"fw-col-xs-12\" style=\" \">\n        <div class=\"fw-col-inner\" >\n\t\t\n\t<div class=\"fw-divider-space\" style=\"padding-top: 50px;\"><\/div>\n\t<div class=\"fw-divider-line\"><hr\/><\/div>\n\n\n\t<div class=\"fw-divider-space\" style=\"padding-top: 50px;\"><\/div>\n<h1 style=\"text-align: center;\">MonQuest - die interaktive Tabletf\u00fchrung<\/h1><p style=\"text-align: center;\">Warum musst Du immer ins Bett wenn am Sch\u00f6nsten ist? Warum bist du neugierig? Und warum feierst du gerne?<br \/>Zusammen mit den Arch\u00e4ologen Chip und Flake entdeckst Du die Ausstellung \"MenschlICHes Verstehen\" auf Tablets und findest Antworten auf Fragen, die Dich schon immer bewegt haben. Sei dabei und erlebe die Ausstellung auf neue digitale Weise! Insgesamt stehen acht F\u00fchrungen zu Wahl. Ein Erlebnis f\u00fcr Familien mit Kindern zwischen 8 und 12 Jahren.<\/p><p style=\"text-align: center;\">Das Format befindet sich in der Testphase und ist <strong>noch nicht<\/strong> frei buchbar. Pilotveranstaltungen finden an folgenden Tagen statt: <strong>21.06.25, 05.07<\/strong>.<strong>25<\/strong> sowie <strong>26.07<\/strong>.<strong>25<\/strong><br \/>Anmeldung und weitere Informationen unter monrepos@leiza.de<\/p>\n<div class=\"wpz-btn-center\">\n    <a href=\"https:\/\/monrepos.leiza.de\/en\/kalender\/\" target=\"_blank\" class=\"wpz-btn wpz-btn-1\">\n    \t<span>to calendar<\/span>\n    <\/a>\n<\/div>\n\n\t<div class=\"fw-divider-space\" style=\"padding-top: 50px;\"><\/div>\n<img loading=\"lazy\" decoding=\"async\" src=\"https:\/\/monrepos.leiza.de\/wp-content\/uploads\/2025\/05\/Kindheit_MonQuest_ohne-Rahmen-900x500.png\" alt=\"https:\/\/monrepos.leiza.de\/wp-content\/uploads\/2025\/05\/Kindheit_MonQuest_ohne-Rahmen-900x500.png\" width=\"900\" height=\"500\" \/>\n\t<div class=\"fw-divider-space\" style=\"padding-top: 50px;\"><\/div>\n\n\t<\/div>\n<\/div><\/div>\n\n<div class=\"fw-row\">\n\t\n<div id=\"column-69e2062bc51b5\" class=\"fw-col-xs-12\" style=\" \">\n        <div class=\"fw-col-inner\" >\n\t\t\n\t<div class=\"fw-divider-space\" style=\"padding-top: 50px;\"><\/div>\n\t<div class=\"fw-divider-line\"><hr\/><\/div>\n\n\n\t<div class=\"fw-divider-space\" style=\"padding-top: 50px;\"><\/div>\n<h1 style=\"text-align: center;\">Human Roots Award<\/h1><p style=\"text-align: center;\">The Human Roots Award is an international archaeology prize. It was established in 2017 and is awarded by MONREPOS - The Archaeological Research Centre and Museum for Human Behavioural Evolution at Monrepos Castle near Neuwied.<\/p><p style=\"text-align: center;\">Previous award winners include Richard Dawkins, Stephen Pinker and other renowned scientists. Thanks to the video documentation, you can rediscover past award ceremonies or simply watch them again.<\/p>\n<div class=\"wpz-btn-center\">\n    <a href=\"https:\/\/monrepos.leiza.de\/en\/human-roots-award\/\" target=\"_blank\" class=\"wpz-btn wpz-btn-1\">\n    \t<span>Go to the videos<\/span>\n    <\/a>\n<\/div>\n\n\t<div class=\"fw-divider-space\" style=\"padding-top: 50px;\"><\/div>\n<img loading=\"lazy\" decoding=\"async\" src=\"https:\/\/monrepos.leiza.de\/wp-content\/uploads\/2024\/11\/HRA18_cMONREPOS-Foto-von-D.M.Schwab46.jpg_verkleinert-900x500.jpg\" alt=\"https:\/\/monrepos.leiza.de\/wp-content\/uploads\/2024\/11\/HRA18_cMONREPOS-Foto-von-D.M.Schwab46.jpg_verkleinert-900x500.jpg\" width=\"900\" height=\"500\" \/>\t<\/div>\n<\/div><\/div>\n\n<div class=\"fw-row\">\n\t\n<div id=\"column-69e2062bc5402\" class=\"fw-col-xs-12\" style=\" \">\n        <div class=\"fw-col-inner\" >\n\t\t\n\t<div class=\"fw-divider-space\" style=\"padding-top: 50px;\"><\/div>\n\t<div class=\"fw-divider-line\"><hr\/><\/div>\n\n\n\t<div class=\"fw-divider-space\" style=\"padding-top: 50px;\"><\/div>\n<h1 style=\"text-align: center;\">MonMail<\/h1><p style=\"text-align: center;\">Fr\u00fcher tauschten wir unser Wissen am Lagerfeuer und informierten uns dort \u00fcber aktuelle Ereignisse.<\/p><p style=\"text-align: center;\">Auch Du willst wissen, was los ist? Statt Lagerfeuer, funktioniert das heute zum Gl\u00fcck digital.<br \/>Mit <strong>MonMail<\/strong> bist zu immer auf dem Laufenden. Einmal im Monat senden wir Dir eine \u00dcbersicht \u00fcber das aktuelle Programm sowie spannende Neuigkeiten aus MONREPOS.<\/p><p style=\"text-align: center;\">Would you also like to subscribe to MONREPOS? Then click here or contact us at: monrepos@leiza.de <strong>monrepos@leiza.de<\/strong><\/p>\n<div class=\"wpz-btn-center\">\n    <a href=\"mailto:monrepos@leiza.de\" target=\"_blank\" class=\"wpz-btn wpz-btn-1\">\n    \t<span>subscribe<\/span>\n    <\/a>\n<\/div>\n\n\t<div class=\"fw-divider-space\" style=\"padding-top: 50px;\"><\/div>\n<img loading=\"lazy\" decoding=\"async\" src=\"https:\/\/monrepos.leiza.de\/wp-content\/uploads\/2024\/11\/MG_1145clean_verkleinert-900x500.jpg\" alt=\"https:\/\/monrepos.leiza.de\/wp-content\/uploads\/2024\/11\/MG_1145clean_verkleinert-900x500.jpg\" width=\"900\" height=\"500\" \/>\n\t<div class=\"fw-divider-space\" style=\"padding-top: 50px;\"><\/div>\n\t<div class=\"fw-divider-line\"><hr\/><\/div>\n\n\n\t<div class=\"fw-divider-space\" style=\"padding-top: 50px;\"><\/div>\n\t<\/div>\n<\/div><\/div>\n\n\t<\/div>\n<\/section>","protected":false},"excerpt":{"rendered":"<p>Digital mit MONREPOSNat\u00fcrlich kannst Du MONREPOS\u00a0 von \u00fcberall erleben, ob nun von unterwegs im Zug, im Caf\u00e8 oder doch vom heimischen Sofa aus. Entdecke daf\u00fcr einfach unsere spannenden digitalen Angebote und folge uns auf unseren Social Media Kan\u00e4len. Dort erwarten Dich immer spannende Themen! Abonnieren Abonnieren Abonnieren Abonnieren Mit MONREPOS [&hellip;]<\/p>\n","protected":false},"author":1,"featured_media":7476,"parent":0,"menu_order":0,"comment_status":"closed","ping_status":"closed","template":"","meta":{"footnotes":""},"class_list":["post-9242","page","type-page","status-publish","has-post-thumbnail","hentry"],"aioseo_notices":[],"_links":{"self":[{"href":"https:\/\/monrepos.leiza.de\/en\/wp-json\/wp\/v2\/pages\/9242","targetHints":{"allow":["GET"]}}],"collection":[{"href":"https:\/\/monrepos.leiza.de\/en\/wp-json\/wp\/v2\/pages"}],"about":[{"href":"https:\/\/monrepos.leiza.de\/en\/wp-json\/wp\/v2\/types\/page"}],"author":[{"embeddable":true,"href":"https:\/\/monrepos.leiza.de\/en\/wp-json\/wp\/v2\/users\/1"}],"replies":[{"embeddable":true,"href":"https:\/\/monrepos.leiza.de\/en\/wp-json\/wp\/v2\/comments?post=9242"}],"version-history":[{"count":135,"href":"https:\/\/monrepos.leiza.de\/en\/wp-json\/wp\/v2\/pages\/9242\/revisions"}],"predecessor-version":[{"id":10260,"href":"https:\/\/monrepos.leiza.de\/en\/wp-json\/wp\/v2\/pages\/9242\/revisions\/10260"}],"wp:featuredmedia":[{"embeddable":true,"href":"https:\/\/monrepos.leiza.de\/en\/wp-json\/wp\/v2\/media\/7476"}],"wp:attachment":[{"href":"https:\/\/monrepos.leiza.de\/en\/wp-json\/wp\/v2\/media?parent=9242"}],"curies":[{"name":"wp","href":"https:\/\/api.w.org\/{rel}","templated":true}]}}