{"id":6499,"date":"2018-07-10T11:08:34","date_gmt":"2018-07-10T11:08:34","guid":{"rendered":"https:\/\/monrepos.rgzm.de\/?page_id=6499"},"modified":"2021-10-07T09:14:32","modified_gmt":"2021-10-07T09:14:32","slug":"pressemitteilungen","status":"publish","type":"page","link":"https:\/\/monrepos.leiza.de\/en\/pressemitteilungen\/","title":{"rendered":"Press Releases"},"content":{"rendered":"<p>\n\n\n<section id=\"section_id-16499\" class=\"fw-main-row-custom fw-main-row-top fw-section-no-padding\" style=\" \" >\n\t<div class=\"fw-col-inner fw-container\" >\n\t\t<div class=\"fw-row\">\n\t\n<div id=\"column-69e1d6e023ef2\" class=\"fw-col-xs-12\" style=\" \">\n        <div class=\"fw-col-inner\" >\n\t\t<div class=\"fw-heading fw-heading-center\" >\n\t\t<h2 class='fw-special-title'><h1>News from MONREPOS<\/h1><\/h2>\t<\/div>\t<\/div>\n<\/div><\/div>\n\n<div class=\"fw-row\">\n\t\n<div id=\"column-69e1d6e023fe1\" class=\"fw-col-xs-12\" style=\" \">\n        <div class=\"fw-col-inner\" >\n\t\t\n\t<div class=\"fw-divider-space\" style=\"padding-top: 50px;\"><\/div>\n\t<\/div>\n<\/div><\/div>\n\n\t<\/div>\n<\/section>\n\n\n<section id=\"section_id-26499\" class=\"fw-main-row-custom fw-section-no-padding\" style=\" \" >\n\t<div class=\"fw-col-inner fw-container\" >\n\t\t<div class=\"fw-row\">\n\t\n<div id=\"column-69e1d6e024158\" class=\"fw-col-xs-12 fw-col-sm-15\" style=\" \">\n        <div class=\"fw-col-inner\" >\n\t\t\n\t<div class=\"fw-divider-space\" style=\"padding-top: 20px;\"><\/div>\n<a href=\"https:\/\/monrepos.leiza.de\/wp-content\/uploads\/2021\/10\/PM_MONREPOS_Pilze_Foto\u00a9Andrew-Ridley_Unsplash.jpg\" target=\"_self\" ><img loading=\"lazy\" decoding=\"async\" src=\"https:\/\/monrepos.rgzm.de\/wp-content\/uploads\/2021\/10\/PM_MONREPOS_Pilze_Foto\u00a9Andrew-Ridley_Unsplash-300x200.jpg\" alt=\"https:\/\/monrepos.rgzm.de\/wp-content\/uploads\/2021\/10\/PM_MONREPOS_Pilze_Foto\u00a9Andrew-Ridley_Unsplash-300x200.jpg\" width=\"300\" height=\"200\" \/><\/a>\t<\/div>\n<\/div>\n<div id=\"column-69e1d6e0243ab\" class=\"fw-col-xs-12 fw-col-sm-9\" style=\" \">\n        <div class=\"fw-col-inner\" >\n\t\t<div class=\"fw-heading\" >\n\t\t<h3 class='fw-special-title'>Pilze in Natur und Kultur<\/h3>\t\t\t<div class=\"fw-special-subtitle\">Neuwied, 07. Oktober 2021<\/div>\n\t<\/div><p>Am 23. Oktober k\u00f6nnen Interessierte mit der Veranstaltung \u201eMonCuisine \u2013 Pilze in Natur und Kultur\u201c an einer spannenden Reise durch die au\u00dfergew\u00f6hnlich vielseitige Welt der Pilze teilnehmen, sowohl aus arch\u00e4ologischer als auch kulturhistorischer Perspektive: Pilze als Nahrungsmittel, Medizin, Werkstoff und Droge.<\/p><p><a href=\"https:\/\/monrepos.leiza.de\/wp-content\/uploads\/2021\/10\/2021-10-7_-PM_Pilze-in-Natur-und-Kultur_-MONREPOS.pdf\">Learn More...<\/a><\/p>\t<\/div>\n<\/div><\/div>\n\n<div class=\"fw-row\">\n\t\n<div id=\"column-69e1d6e0244a4\" class=\"fw-col-xs-12\" style=\" \">\n        <div class=\"fw-col-inner\" >\n\t\t\n\t<div class=\"fw-divider-space\" style=\"padding-top: 50px;\"><\/div>\n\t<\/div>\n<\/div><\/div>\n\n\t<\/div>\n<\/section>\n\n\n<section id=\"section_id-36499\" class=\"fw-main-row-custom fw-section-no-padding\" style=\" \" >\n\t<div class=\"fw-col-inner fw-container\" >\n\t\t<div class=\"fw-row\">\n\t\n<div id=\"column-69e1d6e024582\" class=\"fw-col-xs-12 fw-col-sm-15\" style=\" \">\n        <div class=\"fw-col-inner\" >\n\t\t\n\t<div class=\"fw-divider-space\" style=\"padding-top: 20px;\"><\/div>\n<a href=\"https:\/\/monrepos.leiza.de\/wp-content\/uploads\/2019\/09\/EssBar-im-HerbstcDorothea.M-Schwab.jpg\" target=\"_self\" ><img loading=\"lazy\" decoding=\"async\" src=\"https:\/\/monrepos.rgzm.de\/wp-content\/uploads\/2019\/09\/EssBar-im-HerbstcDorothea.M-Schwab-300x200.jpg\" alt=\"https:\/\/monrepos.rgzm.de\/wp-content\/uploads\/2019\/09\/EssBar-im-HerbstcDorothea.M-Schwab-300x200.jpg\" width=\"300\" height=\"200\" \/><\/a>\t<\/div>\n<\/div>\n<div id=\"column-69e1d6e024738\" class=\"fw-col-xs-12 fw-col-sm-9\" style=\" \">\n        <div class=\"fw-col-inner\" >\n\t\t<div class=\"fw-heading\" >\n\t\t<h3 class='fw-special-title'>MonCuisine - EssBar im Herbst<\/h3>\t\t\t<div class=\"fw-special-subtitle\">Neuwied, 27. August 2021<\/div>\n\t<\/div><p>MONREPOS \u2013 das Arch\u00e4ologische Forschungszentrum und Museum f\u00fcr menschliche Verhaltensevolution l\u00e4dt am 11. September zu einer arch\u00e4ologisch inspirierten Wildpflanzen- und Kr\u00e4uterwanderung ein.<\/p><p><a href=\"https:\/\/monrepos.leiza.de\/wp-content\/uploads\/2021\/08\/2021-08-27_-PM_EssBar-im-Herbst_-MONREPOS.pdf\">Learn More...<\/a><\/p>\t<\/div>\n<\/div><\/div>\n\n<div class=\"fw-row\">\n\t\n<div id=\"column-69e1d6e0247da\" class=\"fw-col-xs-12\" style=\" \">\n        <div class=\"fw-col-inner\" >\n\t\t\n\t<div class=\"fw-divider-space\" style=\"padding-top: 50px;\"><\/div>\n\t<\/div>\n<\/div><\/div>\n\n\t<\/div>\n<\/section>\n\n\n<section id=\"section_id-46499\" class=\"fw-main-row-custom fw-section-no-padding\" style=\" \" >\n\t<div class=\"fw-col-inner fw-container\" >\n\t\t<div class=\"fw-row\">\n\t\n<div id=\"column-69e1d6e0248b7\" class=\"fw-col-xs-12 fw-col-sm-15\" style=\" \">\n        <div class=\"fw-col-inner\" >\n\t\t\n\t<div class=\"fw-divider-space\" style=\"padding-top: 20px;\"><\/div>\n<a href=\"https:\/\/monrepos.leiza.de\/wp-content\/uploads\/2021\/08\/PM_MONREPOS_Vegetation-im-Klima-Wandel_Foto\u00a9-Viktoria-Spokojna.jpg\" target=\"_self\" ><img loading=\"lazy\" decoding=\"async\" src=\"https:\/\/monrepos.rgzm.de\/wp-content\/uploads\/2021\/08\/PM_MONREPOS_Vegetation-im-Klima-Wandel_Foto\u00a9-Viktoria-Spokojna-300x200.jpg\" alt=\"https:\/\/monrepos.rgzm.de\/wp-content\/uploads\/2021\/08\/PM_MONREPOS_Vegetation-im-Klima-Wandel_Foto\u00a9-Viktoria-Spokojna-300x200.jpg\" width=\"300\" height=\"200\" \/><\/a>\t<\/div>\n<\/div>\n<div id=\"column-69e1d6e024a78\" class=\"fw-col-xs-12 fw-col-sm-9\" style=\" \">\n        <div class=\"fw-col-inner\" >\n\t\t<div class=\"fw-heading\" >\n\t\t<h3 class='fw-special-title'>Vegetation im (Klima-)Wandel<\/h3>\t\t\t<div class=\"fw-special-subtitle\">Neuwied, 07. August 2021<\/div>\n\t<\/div><p>MONREPOS \u2013 das Arch\u00e4ologische Forschungszentrum und Museum f\u00fcr menschliche Verhaltensevolution und Dr. Lutz Neitzert laden am Samstag, den 28.8.2021 zu einer natur- und kulturgeschichtlichen Reise durch die Klima- und Vegetationsgeschichte von der Altsteinzeit bis heute ein.<\/p><p><a href=\"https:\/\/monrepos.leiza.de\/wp-content\/uploads\/2021\/08\/2021-8-7_-PM_MONREPOS_Vegetation-im-Klima-Wandel.pdf\">Learn More...<\/a><\/p>\t<\/div>\n<\/div><\/div>\n\n<div class=\"fw-row\">\n\t\n<div id=\"column-69e1d6e024b28\" class=\"fw-col-xs-12\" style=\" \">\n        <div class=\"fw-col-inner\" >\n\t\t\n\t<div class=\"fw-divider-space\" style=\"padding-top: 50px;\"><\/div>\n\t<\/div>\n<\/div><\/div>\n\n\t<\/div>\n<\/section>\n\n\n<section id=\"section_id-56499\" class=\"fw-main-row-custom fw-section-no-padding\" style=\" \" >\n\t<div class=\"fw-col-inner fw-container\" >\n\t\t<div class=\"fw-row\">\n\t\n<div id=\"column-69e1d6e024c0d\" class=\"fw-col-xs-12 fw-col-sm-15\" style=\" \">\n        <div class=\"fw-col-inner\" >\n\t\t\n\t<div class=\"fw-divider-space\" style=\"padding-top: 20px;\"><\/div>\n<a href=\"https:\/\/monrepos.leiza.de\/wp-content\/uploads\/2021\/07\/baumstamm_13000_jahre_laacher-see_Foto\u00a9-Olaf-Joeris.jpg\" target=\"_self\" ><img loading=\"lazy\" decoding=\"async\" src=\"https:\/\/monrepos.rgzm.de\/wp-content\/uploads\/2021\/07\/baumstamm_13000_jahre_laacher-see_Foto\u00a9-Olaf-Joeris-300x200.jpg\" alt=\"https:\/\/monrepos.rgzm.de\/wp-content\/uploads\/2021\/07\/baumstamm_13000_jahre_laacher-see_Foto\u00a9-Olaf-Joeris-300x200.jpg\" width=\"300\" height=\"200\" \/><\/a>\t<\/div>\n<\/div>\n<div id=\"column-69e1d6e024da8\" class=\"fw-col-xs-12 fw-col-sm-9\" style=\" \">\n        <div class=\"fw-col-inner\" >\n\t\t<div class=\"fw-heading\" >\n\t\t<h3 class='fw-special-title'>Ausbruch des Laacher-See-Vulkans neu datiert<\/h3>\t\t\t<div class=\"fw-special-subtitle\">Neuwied, 30. Juni 2021<\/div>\n\t<\/div><p>MONREPOS \u2013 das Arch\u00e4ologische Forschungszentrum und Museum f\u00fcr menschliche Verhaltensevolution und Dr. Lutz Neitzert laden am Samstag, den 28.8.2021 zu einer natur- und kulturgeschichtlichen Reise durch die Klima- und Vegetationsgeschichte von der Altsteinzeit bis heute ein.<\/p><p><a href=\"https:\/\/monrepos.leiza.de\/wp-content\/uploads\/2021\/08\/2021-8-7_-PM_MONREPOS_Vegetation-im-Klima-Wandel.pdf\">Learn More...<\/a><\/p>\t<\/div>\n<\/div><\/div>\n\n<div class=\"fw-row\">\n\t\n<div id=\"column-69e1d6e024e4a\" class=\"fw-col-xs-12\" style=\" \">\n        <div class=\"fw-col-inner\" >\n\t\t\n\t<div class=\"fw-divider-space\" style=\"padding-top: 50px;\"><\/div>\n\t<\/div>\n<\/div><\/div>\n\n\t<\/div>\n<\/section>\n\n\n<section id=\"section_id-66499\" class=\"fw-main-row-custom fw-section-no-padding\" style=\" \" >\n\t<div class=\"fw-col-inner fw-container\" >\n\t\t<div class=\"fw-row\">\n\t\n<div id=\"column-69e1d6e024f18\" class=\"fw-col-xs-12 fw-col-sm-15\" style=\" \">\n        <div class=\"fw-col-inner\" >\n\t\t\n\t<div class=\"fw-divider-space\" style=\"padding-top: 20px;\"><\/div>\n<a href=\"https:\/\/monrepos.leiza.de\/wp-content\/uploads\/2021\/03\/PM_MONREPOS_Ostersteinsuche.jpg\" target=\"_self\" ><img loading=\"lazy\" decoding=\"async\" src=\"https:\/\/monrepos.rgzm.de\/wp-content\/uploads\/2021\/03\/PM_MONREPOS_Ostersteinsuche-300x200.jpg\" alt=\"https:\/\/monrepos.rgzm.de\/wp-content\/uploads\/2021\/03\/PM_MONREPOS_Ostersteinsuche-300x200.jpg\" width=\"300\" height=\"200\" \/><\/a>\t<\/div>\n<\/div>\n<div id=\"column-69e1d6e0250ad\" class=\"fw-col-xs-12 fw-col-sm-9\" style=\" \">\n        <div class=\"fw-col-inner\" >\n\t\t<div class=\"fw-heading\" >\n\t\t<h3 class='fw-special-title'>Steine zu Ostern? Das gibt\u2019s nur in MONREPOS!<\/h3>\t\t\t<div class=\"fw-special-subtitle\">Neuwied, 19. M\u00e4rz 2021<\/div>\n\t<\/div><p>MONREPOS \u2013 das Arch\u00e4ologische Forschungszentrum und Museum f\u00fcr menschliche Verhaltensevolution\u00a0bietet am Karsamstag, den 3.4.2021 die erste Ostersteinsuche der Geschichte an.<\/p><p><a href=\"https:\/\/monrepos.leiza.de\/wp-content\/uploads\/2021\/03\/2021-3-19_-PM_MONREPOS_Ostersteinsuche.pdf\">Learn More...<\/a><\/p>\t<\/div>\n<\/div><\/div>\n\n<div class=\"fw-row\">\n\t\n<div id=\"column-69e1d6e02514b\" class=\"fw-col-xs-12\" style=\" \">\n        <div class=\"fw-col-inner\" >\n\t\t\n\t<div class=\"fw-divider-space\" style=\"padding-top: 50px;\"><\/div>\n\t<\/div>\n<\/div><\/div>\n\n\t<\/div>\n<\/section>\n\n\n<section id=\"section_id-76499\" class=\"fw-main-row-custom fw-section-no-padding\" style=\" \" >\n\t<div class=\"fw-col-inner fw-container\" >\n\t\t<div class=\"fw-row\">\n\t\n<div id=\"column-69e1d6e025216\" class=\"fw-col-xs-12 fw-col-sm-15\" style=\" \">\n        <div class=\"fw-col-inner\" >\n\t\t\n\t<div class=\"fw-divider-space\" style=\"padding-top: 20px;\"><\/div>\n<a href=\"https:\/\/monrepos.leiza.de\/wp-content\/uploads\/2020\/10\/2020-10-2-PM-MONREPOS_Foto-Andrew-Ridley.jpg\" target=\"_self\" ><img loading=\"lazy\" decoding=\"async\" src=\"https:\/\/monrepos.rgzm.de\/wp-content\/uploads\/2020\/10\/2020-10-2-PM-MONREPOS_Foto-Andrew-Ridley-300x200.jpg\" alt=\"https:\/\/monrepos.rgzm.de\/wp-content\/uploads\/2020\/10\/2020-10-2-PM-MONREPOS_Foto-Andrew-Ridley-300x200.jpg\" width=\"300\" height=\"200\" \/><\/a>\t<\/div>\n<\/div>\n<div id=\"column-69e1d6e02539d\" class=\"fw-col-xs-12 fw-col-sm-9\" style=\" \">\n        <div class=\"fw-col-inner\" >\n\t\t<div class=\"fw-heading\" >\n\t\t<h3 class='fw-special-title'>Wilder Herbst in Monrepos<\/h3>\t\t\t<div class=\"fw-special-subtitle\">Neuwied, 02. Oktober 2020<\/div>\n\t<\/div><p>MONREPOS \u2013 das Arch\u00e4ologische Forschungszentrum und Museum f\u00fcr menschliche Verhaltensevolution l\u00e4dt am 17. Oktober zu einer Wildpflanzen- und Kr\u00e4uterwanderung und am 24. Oktober zu einer Pilzexkursion ein.<\/p><p><a href=\"https:\/\/monrepos.leiza.de\/wp-content\/uploads\/2020\/10\/2020-10-2_PM-Wilder-Herbst-in-Monrepos_MONREPOS.pdf\">Learn More...<\/a><\/p>\t<\/div>\n<\/div><\/div>\n\n<div class=\"fw-row\">\n\t\n<div id=\"column-69e1d6e025447\" class=\"fw-col-xs-12\" style=\" \">\n        <div class=\"fw-col-inner\" >\n\t\t\n\t<div class=\"fw-divider-space\" style=\"padding-top: 50px;\"><\/div>\n\t<\/div>\n<\/div><\/div>\n\n\t<\/div>\n<\/section>\n\n\n<section id=\"section_id-86499\" class=\"fw-main-row-custom fw-section-no-padding\" style=\" \" >\n\t<div class=\"fw-col-inner fw-container\" >\n\t\t<div class=\"fw-row\">\n\t\n<div id=\"column-69e1d6e025518\" class=\"fw-col-xs-12 fw-col-sm-15\" style=\" \">\n        <div class=\"fw-col-inner\" >\n\t\t\n\t<div class=\"fw-divider-space\" style=\"padding-top: 20px;\"><\/div>\n<a href=\"https:\/\/monrepos.leiza.de\/wp-content\/uploads\/2020\/08\/Wildniscamp_\u00a9-MONREPOS-RGZM-Foto-Marie-Sj\u00f8vold-2.jpg\" target=\"_self\" ><img loading=\"lazy\" decoding=\"async\" src=\"https:\/\/monrepos.rgzm.de\/wp-content\/uploads\/2020\/08\/Wildniscamp_\u00a9-MONREPOS-RGZM-Foto-Marie-Sj\u00f8vold-2-300x200.jpg\" alt=\"https:\/\/monrepos.rgzm.de\/wp-content\/uploads\/2020\/08\/Wildniscamp_\u00a9-MONREPOS-RGZM-Foto-Marie-Sj\u00f8vold-2-300x200.jpg\" width=\"300\" height=\"200\" \/><\/a>\t<\/div>\n<\/div>\n<div id=\"column-69e1d6e0256b1\" class=\"fw-col-xs-12 fw-col-sm-9\" style=\" \">\n        <div class=\"fw-col-inner\" >\n\t\t<div class=\"fw-heading\" >\n\t\t<h3 class='fw-special-title'>Im Einklang mit der Natur \u2013 Ein Wildniscamp f\u00fcr Frauen<\/h3>\t\t\t<div class=\"fw-special-subtitle\">Neuwied, 21. August 2020<\/div>\n\t<\/div><p>Am 5. und 6. September bietet MONREPOS, das Arch\u00e4ologische Forschungszentrum und Museum f\u00fcr menschliche Verhaltensevolution ein Wildniscamp speziell f\u00fcr Frauen an. Zwei Tage lang gilt es, den Rhythmus der Natur wiederzuentdecken, den Rhythmus, dem Menschen \u00fcber Hunderttausende von Jahren gefolgt sind.<\/p><p><a href=\"https:\/\/monrepos.leiza.de\/wp-content\/uploads\/2020\/08\/2020-08-21_-PM_MONREPOS-Wildniscamp.pdf\">Learn More...<\/a><\/p>\t<\/div>\n<\/div><\/div>\n\n<div class=\"fw-row\">\n\t\n<div id=\"column-69e1d6e02574f\" class=\"fw-col-xs-12\" style=\" \">\n        <div class=\"fw-col-inner\" >\n\t\t\n\t<div class=\"fw-divider-space\" style=\"padding-top: 50px;\"><\/div>\n\t<\/div>\n<\/div><\/div>\n\n\t<\/div>\n<\/section>\n\n\n<section id=\"section_id-96499\" class=\"fw-main-row-custom fw-section-no-padding\" style=\" \" >\n\t<div class=\"fw-col-inner fw-container\" >\n\t\t<div class=\"fw-row\">\n\t\n<div id=\"column-69e1d6e025824\" class=\"fw-col-xs-12 fw-col-sm-15\" style=\" \">\n        <div class=\"fw-col-inner\" >\n\t\t\n\t<div class=\"fw-divider-space\" style=\"padding-top: 20px;\"><\/div>\n<a href=\"https:\/\/monrepos.leiza.de\/wp-content\/uploads\/2020\/04\/PM_MONREPOS_2020-4-3_Umzeichung-von-16.000-Jahre-alten-Mammutgravuren-aus-G\u00f6nnersdorf.jpg\" target=\"_self\" ><img loading=\"lazy\" decoding=\"async\" src=\"https:\/\/monrepos.rgzm.de\/wp-content\/uploads\/2020\/04\/PM_MONREPOS_2020-4-3_Umzeichung-von-16.000-Jahre-alten-Mammutgravuren-aus-G\u00f6nnersdorf-300x200.jpg\" alt=\"https:\/\/monrepos.rgzm.de\/wp-content\/uploads\/2020\/04\/PM_MONREPOS_2020-4-3_Umzeichung-von-16.000-Jahre-alten-Mammutgravuren-aus-G\u00f6nnersdorf-300x200.jpg\" width=\"300\" height=\"200\" \/><\/a>\t<\/div>\n<\/div>\n<div id=\"column-69e1d6e0259c6\" class=\"fw-col-xs-12 fw-col-sm-9\" style=\" \">\n        <div class=\"fw-col-inner\" >\n\t\t<div class=\"fw-heading\" >\n\t\t<h3 class='fw-special-title'>MONREPOS sucht das Super-Mammut<\/h3>\t\t\t<div class=\"fw-special-subtitle\">Neuwied, 3. April 2020<\/div>\n\t<\/div><p>MONREPOS \u2013 das Arch\u00e4ologische Forschungszentrum und Museum f\u00fcr menschliche Verhaltensevolution m\u00f6chte ab sofort ein wenig Abwechslung in den \u00bbKrisenalltag\u00ab bringen und ruft einen Kreativ-Wettbewerb aus.<\/p><p><a href=\"https:\/\/monrepos.leiza.de\/wp-content\/uploads\/2020\/04\/2020-4-3_-PM_-MONREPOS-sucht-das-Super-Mammut.pdf\">Learn More...<\/a><\/p>\t<\/div>\n<\/div><\/div>\n\n<div class=\"fw-row\">\n\t\n<div id=\"column-69e1d6e025a62\" class=\"fw-col-xs-12\" style=\" \">\n        <div class=\"fw-col-inner\" >\n\t\t\n\t<div class=\"fw-divider-space\" style=\"padding-top: 50px;\"><\/div>\n\t<\/div>\n<\/div><\/div>\n\n\t<\/div>\n<\/section>\n\n\n<section id=\"section_id-106499\" class=\"fw-main-row-custom fw-section-no-padding\" style=\" \" >\n\t<div class=\"fw-col-inner fw-container\" >\n\t\t<div class=\"fw-row\">\n\t\n<div id=\"column-69e1d6e025b29\" class=\"fw-col-xs-12 fw-col-sm-15\" style=\" \">\n        <div class=\"fw-col-inner\" >\n\t\t\n\t<div class=\"fw-divider-space\" style=\"padding-top: 20px;\"><\/div>\n<a href=\"https:\/\/monrepos.leiza.de\/wp-content\/uploads\/2020\/03\/PM_Monrepos_3_20_20_Foto_Dorothea-M.-Schwab.jpg\" target=\"_self\" ><img loading=\"lazy\" decoding=\"async\" src=\"https:\/\/monrepos.rgzm.de\/wp-content\/uploads\/2020\/03\/PM_Monrepos_3_20_20_Foto_Dorothea-M.-Schwab-300x200.jpg\" alt=\"https:\/\/monrepos.rgzm.de\/wp-content\/uploads\/2020\/03\/PM_Monrepos_3_20_20_Foto_Dorothea-M.-Schwab-300x200.jpg\" width=\"300\" height=\"200\" \/><\/a>\t<\/div>\n<\/div>\n<div id=\"column-69e1d6e025cbd\" class=\"fw-col-xs-12 fw-col-sm-9\" style=\" \">\n        <div class=\"fw-col-inner\" >\n\t\t<div class=\"fw-heading\" >\n\t\t<h3 class='fw-special-title'>MONREPOS schlie\u00df seine Ausstellung f\u00fcr die \u00d6ffentlichkeit<\/h3>\t\t\t<div class=\"fw-special-subtitle\">Neuwied, 20. M\u00e4rz 2020<\/div>\n\t<\/div><p>MONREPOS \u2013 das Arch\u00e4ologische Forschungszentrum und Museum f\u00fcr menschliche Verhaltensevolution schlie\u00dft sein Museum aufgrund der Ausbreitung des Corona-Virus auf unbestimmte Zeit, bleibt aber dennoch pr\u00e4sent.<\/p><p><a href=\"https:\/\/monrepos.leiza.de\/wp-content\/uploads\/2020\/03\/2020-3-20_-PM_-MONREPOS-schlie\u00dft-Museum-f\u00fcr-\u00d6ffentlichkeit.pdf\">Learn More...<\/a><\/p>\t<\/div>\n<\/div><\/div>\n\n<div class=\"fw-row\">\n\t\n<div id=\"column-69e1d6e025d64\" class=\"fw-col-xs-12\" style=\" \">\n        <div class=\"fw-col-inner\" >\n\t\t\n\t<div class=\"fw-divider-space\" style=\"padding-top: 50px;\"><\/div>\n\t<\/div>\n<\/div><\/div>\n\n\t<\/div>\n<\/section><\/p>","protected":false},"excerpt":{"rendered":"<p>AKTUELLES AUS MONREPOS Pilze in Natur und Kultur Neuwied, 07. Oktober 2021 Am 23. Oktober k\u00f6nnen Interessierte mit der Veranstaltung \u201eMonCuisine \u2013 Pilze in Natur und Kultur\u201c an einer spannenden Reise durch die au\u00dfergew\u00f6hnlich vielseitige Welt der Pilze teilnehmen, sowohl aus arch\u00e4ologischer als auch kulturhistorischer Perspektive: Pilze als Nahrungsmittel, Medizin, [&hellip;]<\/p>\n","protected":false},"author":1,"featured_media":7314,"parent":0,"menu_order":0,"comment_status":"closed","ping_status":"closed","template":"","meta":{"footnotes":""},"class_list":["post-6499","page","type-page","status-publish","has-post-thumbnail","hentry"],"aioseo_notices":[],"_links":{"self":[{"href":"https:\/\/monrepos.leiza.de\/en\/wp-json\/wp\/v2\/pages\/6499","targetHints":{"allow":["GET"]}}],"collection":[{"href":"https:\/\/monrepos.leiza.de\/en\/wp-json\/wp\/v2\/pages"}],"about":[{"href":"https:\/\/monrepos.leiza.de\/en\/wp-json\/wp\/v2\/types\/page"}],"author":[{"embeddable":true,"href":"https:\/\/monrepos.leiza.de\/en\/wp-json\/wp\/v2\/users\/1"}],"replies":[{"embeddable":true,"href":"https:\/\/monrepos.leiza.de\/en\/wp-json\/wp\/v2\/comments?post=6499"}],"version-history":[{"count":56,"href":"https:\/\/monrepos.leiza.de\/en\/wp-json\/wp\/v2\/pages\/6499\/revisions"}],"predecessor-version":[{"id":8857,"href":"https:\/\/monrepos.leiza.de\/en\/wp-json\/wp\/v2\/pages\/6499\/revisions\/8857"}],"wp:featuredmedia":[{"embeddable":true,"href":"https:\/\/monrepos.leiza.de\/en\/wp-json\/wp\/v2\/media\/7314"}],"wp:attachment":[{"href":"https:\/\/monrepos.leiza.de\/en\/wp-json\/wp\/v2\/media?parent=6499"}],"curies":[{"name":"wp","href":"https:\/\/api.w.org\/{rel}","templated":true}]}}