{"id":6346,"date":"2018-06-20T13:11:12","date_gmt":"2018-06-20T13:11:12","guid":{"rendered":"https:\/\/monrepos.rgzm.de\/?page_id=6346"},"modified":"2019-11-08T11:12:08","modified_gmt":"2019-11-08T11:12:08","slug":"kooperationspartner","status":"publish","type":"page","link":"https:\/\/monrepos.leiza.de\/en\/kooperationspartner\/","title":{"rendered":"Scientific cooperation"},"content":{"rendered":"<p>\n\n\n<section id=\"section_id-16346\" class=\"fw-main-row-custom fw-main-row-top fw-section-no-padding\" style=\" \" >\n\t<div class=\"fw-col-inner fw-container\" >\n\t\t<div class=\"fw-row\">\n\t\n<div id=\"column-69ea12461f8f3\" class=\"fw-col-xs-12\" style=\" \">\n        <div class=\"fw-col-inner\" >\n\t\t<div class=\"fw-row\"><div id=\"column-5ad5d12f4111a\" class=\"fw-col-xs-12\"><div class=\"fw-col-inner\"><h4 style=\"text-align: center;\"><a href=\"#Afrika\">Africa<\/a> | <a href=\"#Amerika\">America<\/a> | <a href=\"#Asien\">Asia<\/a> | <a href=\"#Australien\">Australia<\/a> | <a href=\"#Europa\">Europe<\/a><\/h4><\/div><\/div><\/div>\t<\/div>\n<\/div><\/div>\n\n<div class=\"fw-row\">\n\t\n<div id=\"column-69ea12461f9c2\" class=\"fw-col-xs-12\" style=\" \">\n        <div class=\"fw-col-inner\" >\n\t\t\n\t<div class=\"fw-divider-space\" style=\"padding-top: 50px;\"><\/div>\n\t<\/div>\n<\/div><\/div>\n\n\t<\/div>\n<\/section>\n\n\n<section id=\"section_id-26346\" class=\"fw-main-row-custom fw-section-no-padding\" style=\" \" >\n\t<div class=\"fw-col-inner fw-container\" >\n\t\t<div class=\"fw-row\">\n\t\n<div id=\"column-69ea12461fafa\" class=\"fw-col-xs-12\" style=\" \">\n        <div class=\"fw-col-inner\" >\n\t\t<p style=\"text-align: center;\">From local to global: Archaeology knows no boundaries and thrives on the know how of very special people. MONREPOS has been active in the world for over 30 years. We maintain a close-meshed and extensive network of cooperations with friendly partners with whom we always like to work together.<\/p>\t<\/div>\n<\/div><\/div>\n\n<div class=\"fw-row\">\n\t\n<div id=\"column-69ea12461fb78\" class=\"fw-col-xs-12\" style=\" \">\n        <div class=\"fw-col-inner\" >\n\t\t\n\t<div class=\"fw-divider-space\" style=\"padding-top: 50px;\"><\/div>\n\t<\/div>\n<\/div><\/div>\n\n<div class=\"fw-row\">\n\t\n<div id=\"column-69ea12461fbfc\" class=\"fw-col-xs-12\" style=\" \">\n        <div class=\"fw-col-inner\" >\n\t\t\t<div class=\"fw-divider-line\"><hr\/><\/div>\n\n\t<\/div>\n<\/div><\/div>\n\n<div class=\"fw-row\">\n\t\n<div id=\"column-69ea12461fc74\" class=\"fw-col-xs-12\" style=\" \">\n        <div class=\"fw-col-inner\" >\n\t\t\n\t<div class=\"fw-divider-space\" style=\"padding-top: 50px;\"><\/div>\n\t<\/div>\n<\/div><\/div>\n\n\t<\/div>\n<\/section>\n\n\n<section id=\"section_id-36346\" class=\"fw-main-row-custom fw-section-no-padding\" style=\" \" >\n\t<div class=\"fw-col-inner fw-container\" >\n\t\t<div class=\"fw-row\">\n\t\n<div id=\"column-69ea12461fda4\" class=\"fw-col-xs-12\" style=\" \">\n        <div class=\"fw-col-inner\" >\n\t\t<h1 id=\"Afrika\">AFRICA<\/h1><h3 style=\"text-align: left;\">Marocco<\/h3><p style=\"text-align: left;\"><a href=\"http:\/\/insap.ac.ma\">Institut National des Sciences de l\u2019Arch\u00e9ologie et du Patrimoine<\/a>, Rabat: Dr. Abdeljalil Bouzouggar (Project Leader)<\/p><p>&nbsp;<\/p><h1 id=\"Amerika\">AMERICA<\/h1><h3 style=\"text-align: left;\">USA<\/h3><p style=\"text-align: left;\"><a href=\"https:\/\/www.gsu.edu\/\">Georgia State University<\/a>, Atlanta: Dr. Emily J. Beverly<\/p><p style=\"text-align: left;\"><a href=\"https:\/\/www.nyu.edu\/\">New York University<\/a>, New York: Dr. Radu Iovita<\/p><p style=\"text-align: left;\"><a href=\"https:\/\/anthropology.ucdavis.edu\/people\/testeele\">UC Davis, Department of Anthropology<\/a>, Davis: Prof. Dr. Teresa E Steele<\/p><p style=\"text-align: left;\"><a href=\"https:\/\/anthropology.uconn.edu\/faculty\/\">University of Connecticut, Department of Anthropology<\/a>, Storrs: Prof. N. Munro, A. Brittingham, Dr. G. Hartman<\/p><p style=\"text-align: left;\"><a href=\"https:\/\/anthropology.uconn.edu\/old-world-archaeology\/owa-graduate-program\/\">University of Connecticut, Department of Anthropology, Old World Archaeology Program<\/a>, Storrs: Prof. Daniel, S. Adler<\/p><p style=\"text-align: left;\"><a href=\"https:\/\/www.utexas.edu\/\">University of Texas<\/a>, Austin: Dr. Frank Huffman<\/p><p style=\"text-align: left;\"><a href=\"https:\/\/anthropology.yale.edu\/\">Yale University, Department of Anthropology<\/a>, New Haven: Dr. E. Frahm<\/p><p>&nbsp;<\/p><h1 id=\"Asien\">ASIA<\/h1><h3 style=\"text-align: left;\">Armenia<\/h3><p style=\"text-align: left;\"><a href=\"http:\/\/iae.am\/en\">Institute of Archaeology and Ethnography<\/a>, National Academy of Sciences of Republic of Armenia, Yerevan: B. Gasparyan, Dr. P. Glauberman, R. Ghukasyan<\/p><p>&nbsp;<\/p><h3 style=\"text-align: left;\">China<\/h3><p style=\"text-align: left;\"><a href=\"http:\/\/english.ivpp.cas.cn\/\">Institute of Vertebrate Paleontology and Paleoanthropology<\/a>, Chinese Academy of Sciences, Bejing: Prof. Dr. Ya-Mei Hou.<\/p><p style=\"text-align: left;\">Lanzhou University, <a href=\"http:\/\/wel.lzu.edu.cn\/zdsysywz\/Home.htm\">MOE Key Laboratory of Western China\u2019s Environmental Systems<\/a> \/ Research School of Arid Environment and Climate Change, Lanzhou: Dr. Dongju Zhang, Prof. Dr. Fa-Hu Chen<\/p><p>&nbsp;<\/p><h3 style=\"text-align: left;\">Indonesia<\/h3><p style=\"text-align: left;\"><a href=\"https:\/\/www.ird.fr\/les-partenariats\/principaux-partenaires-scientifiques\/asie\/indonesie\/arkenas\">ARKENAS \/ Indonesia: Prof. Dr. Truman Simanjuntak<\/a>, Shinatria Adhityatama, Dian Ekowati<\/p><p style=\"text-align: left;\"><a href=\"https:\/\/www.neliti.com\/badan-geologi\">Center for Geological Survey<\/a>, Bandung: Dr. Dida Yurnaldi<\/p><p style=\"text-align: left;\"><a href=\"http:\/\/museum.geology.esdm.go.id\/\">Geology Museum<\/a>, Bandung: Dr. Indra Sutisna<\/p><p style=\"text-align: left;\"><a href=\"https:\/\/www.ugm.ac.id\/\">Universitas Gadjah Mada<\/a>, Jogjakarta: Dr. Didit Hadi Barianto<\/p><p>&nbsp;<\/p><h3 style=\"text-align: left;\">Israel<\/h3><p style=\"text-align: left;\"><a href=\"http:\/\/www.gsi.gov.il\/eng\/?CategoryID=239&amp;ArticleID=601\">Geological Survey of Israel, Luminescence Dating Lab<\/a>, Jerusalem: Dr. N. Porat<\/p><p style=\"text-align: left;\"><a href=\"http:\/\/nnhc.huji.ac.il\/?lang=en\">Hebrew University Jerusalem, National Natural History Collections<\/a>, Jerusalem: Dr. Rivka Rabinovich<\/p><p style=\"text-align: left;\"><a href=\"https:\/\/archaeology.huji.ac.il\/\">Hebrew University of Jerusalem, Institute of Archaeology<\/a>, Jerusalem: Prof. Dr. Leore Grosman, Prof. Dr. E. Hovers, Dr. R. Ekshtain, N. Mitki<\/p><p style=\"text-align: left;\"><a href=\"http:\/\/www.antiquities.org.il\/\">Israel Antiquities Authority<\/a>, Jerusalem: Dr. O. Barzilai<\/p><p style=\"text-align: left;\"><a href=\"https:\/\/en-med.tau.ac.il\/\">Tel Aviv University, Department of Anatomy and Anthropology<\/a>, Tel Aviv: Dr. E. Been<\/p><p style=\"text-align: left;\"><a href=\"http:\/\/overseas.haifa.ac.il\/index.php\/graduate-programs\/maritime-civilizations2\">University of Haifa, Department of Maritime Civilizations<\/a>, Haifa: Prof. Dr. R. Shahack-Gross<\/p><p style=\"text-align: left;\"><a href=\"http:\/\/arch.haifa.ac.il\/\">University of Haifa, Zinman Institute of Archaeology<\/a>, Haifa: Dr. R. Yeshurun<\/p><p style=\"text-align: left;\"><a href=\"http:\/\/management.haifa.ac.il\/index.php\/en\/2013-01-16-13-45-35\/nrem\/175-eng\/dep\/env-eng\/env-staff-eng\/env-staff-academic-eng\">University of Haifa, Department of Geography &amp; Environmental Studies<\/a>, Haifa: Prof. Dr. N. Greenbaum<\/p><p>&nbsp;<\/p><h3 style=\"text-align: left;\">Japan<\/h3><p style=\"text-align: left;\"><a href=\"http:\/\/www.kochi-tech.ac.jp\/kut_E\/activities\/organization.htm\">Research Institute, Kochi University of Technology<\/a>, Tokyo: Prof. Dr. Takeru Akazawa<\/p><p style=\"text-align: left;\"><a href=\"https:\/\/www.u-tokyo.ac.jp\/en\/about\/museums.html\">The University Museum, The University of Tokyo<\/a>, Tokyo: Prof. Dr. Yoshihiro Nishiaki<\/p><p>&nbsp;<\/p><h1 id=\"Australien\">AUSTRALIA<\/h1><p style=\"text-align: left;\">Griffith University,<a href=\"https:\/\/experts.griffith.edu.au\/academic\/m.langley\"> Australian Research Centre for Human\u00a0Evolution<\/a>, Environmental Futures Research Institute: Dr. Michelle Langley<\/p><p style=\"text-align: left;\"><a href=\"https:\/\/scholars.uow.edu.au\/display\/bo_li\">University of Wollongong<\/a>: Dr. L. Bo<\/p><p>&nbsp;<\/p><h1 id=\"Europa\">EUROPE<\/h1><h3 style=\"text-align: left;\">Bulgaria<\/h3><p style=\"text-align: left;\"><a href=\"http:\/\/naim.bg\/en\/home\/\">National Archaeological Institute with Museum<\/a> (NIAM-BAS), Sofia: Dr. Nikolay Shirakov<\/p><p>&nbsp;<\/p><h3 style=\"text-align: left;\">Denmark<\/h3><p style=\"text-align: left;\"><a href=\"https:\/\/www.ku.dk\/english\/\">University Copenhagen<\/a>, <a href=\"https:\/\/en.natmus.dk\/\">Natural History Museum of Denmark<\/a> and <a href=\"https:\/\/geogenetics.ku.dk\/\">Centre for Geo-Genetics<\/a>, Copenhagen: Dr. Ludovic Orlando<\/p><p>&nbsp;<\/p><h3 style=\"text-align: left;\">Germany<\/h3><p style=\"text-align: left;\"><a href=\"http:\/\/www.artemus-gmbh.de\/\">Artemus GmbH<\/a>, Frechen: Dr. Martin Heinen<\/p><p style=\"text-align: left;\"><a href=\"http:\/\/www.cez-archaeometrie.de\/\">Curt-Engelhorn-Zentrum Arch\u00e4ometrie GmbH<\/a>, Mannheim: Dr. Corina Knipper<\/p><p style=\"text-align: left;\">Eberhard-Karls Universit\u00e4t T\u00fcbingen, Forschungsbereich Geographie, <a href=\"http:\/\/www.mnf.uni-tuebingen.de\/fachbereiche\/geowissenschaften\/arbeitsgruppen\/geographie\/forschungsbereich\/soil-science-geomorphology\/work-group\/laboratory.html\">Labor f\u00fcr Bodenkunde und Geo\u00f6kologie<\/a>, T\u00fcbingen: Dr. Peter K\u00fchn<\/p><p>Eberhard-Karls Universit\u00e4t T\u00fcbingen, <a href=\"https:\/\/uni-tuebingen.de\/fakultaeten\/mathematisch-naturwissenschaftliche-fakultaet\/fachbereiche\/geowissenschaften\/arbeitsgruppen-kontakte\/urgeschichte-naturwissenschaftliche-archaeologie\/forschungsbereich\/aeltere-urgeschichte-quartaeroekologie\/mitarbeiter\/akademische-mitarbeiterinnen-und-mitarbeiter\/dr-britt-starkovich\/\">Urgeschichte und Naturwissenschaftliche Arch\u00e4ologie<\/a>, Ag. Arch\u00e4ozoologie, T\u00fcbingen: Dr. Britt Starkovitch<\/p><p>Eberhard-Karls Universit\u00e4 T\u00fcbingen, <a href=\"https:\/\/uni-tuebingen.de\/fakultaeten\/mathematisch-naturwissenschaftliche-fakultaet\/fachbereiche\/geowissenschaften\/arbeitsgruppen\/palaeobiologie\/forschungsbereich\/biogeologie\/arbeitsgruppe\/people\/prof-herve-bocherens\/\">Forschungsbereich Biogeology<\/a>, T\u00fcbingen: Prof. Dr. Herv\u00e9 Bocherens<\/p><p style=\"text-align: left;\"><a href=\"https:\/\/gdke.rlp.de\/de\/ueber-uns\/landesarchaeologie\/landesarchaeologie-mainz\/\">Generaldirektion Kulturelles Erbe Rheinland-Pfalz, Mainz<\/a>: Dipl. Ing. Thomas Metz<\/p><p style=\"text-align: left;\"><a href=\"https:\/\/gdke.rlp.de\/de\/ueber-uns\/landesarchaeologie\/\">Generaldirektion Kulturelles Erbe Rheinland-Pfalz<\/a>, Direktion Landesarch\u00e4ologie, Kulturzentrum Festung Ehrenbreitstein, Koblenz: Dr. Axel von Berg<\/p><p style=\"text-align: left;\"><a href=\"https:\/\/www.hzg.de\/\">Helmholtz-Zentrum Geesthacht<\/a>, German Engineering Materials Science Centre, Hamburg: Dr. J\u00f6rg Hammel<\/p><p style=\"text-align: left;\">Hochschule Mainz<a href=\"https:\/\/www.mainz.de\/verzeichnisse\/adressverzeichnis\/Institut_fuer_Raumbezogene_Informations-_und_Messtechnik_-i3mainz_der_Fachhochschule_Mainz.php?p=36752,36747,43072,66218,45679\">, i3mainz - Institut f\u00fcr Raumbezogene Informations- und Messtechnik<\/a>, Mainz: Prof. Dr. Hartmut M\u00fcller, Prof. Dr. Gerhard Muth<\/p><p style=\"text-align: left;\">Hochschule Mainz<a href=\"http:\/\/i3mainz.hs-mainz.de\/de\/lehre\">, i3mainz \u2013 Institut f\u00fcr Geoinformatik<\/a>, Mainz: Prof. Dr. Kai-Christian Bruhn, Anja Cramer, Guido Heinz<\/p><p style=\"text-align: left;\"><a href=\"https:\/\/www.hu-berlin.de\/de\/\">Humboldt-Universit\u00e4t Berlin<\/a>, Berlin: Dr. Gottfried B\u00f6hme, Prof. Dr. Wolf-Dieter Heinrich<\/p><p style=\"text-align: left;\"><a href=\"http:\/\/www.anthropologie.uni-mainz.de\/\">Johannes Gutenberg-Universit\u00e4t, Institut f\u00fcr Anthropologie<\/a>, Mainz: Prof. Dr. Kurt W. Alt<\/p><p style=\"text-align: left;\"><a href=\"https:\/\/www.geo.uni-mainz.de\/\">Johannes-Gutenberg-Universit\u00e4t, Geographisches Institut<\/a>, Mainz: Dr. Peter Fischer, Abt. Bodenkunde: Prof. Dr. Sabine Fiedler<\/p><p style=\"text-align: left;\"><a href=\"https:\/\/www.geowiss.uni-mainz.de\/\">Johannes Gutenberg-Universit\u00e4t, Institut f\u00fcr Geowissenschaften<\/a>, Mainz: Dr. Frieder Ensmann, Arne Jacob B.A<\/p><p style=\"text-align: left;\"><a href=\"http:\/\/www.geowiss.uni-mainz.de\/1187_DEU_HTML.php\">Johannes Gutenberg-Universit\u00e4t, Institut f\u00fcr Geowissenschaften, Arbeitsgruppe Angewandte und Analytische Pal\u00e4ontologie<\/a>, Mainz: Dr. Thomas T\u00fctken<\/p><p style=\"text-align: left;\"><a href=\"http:\/\/www.lda-lsa.de\/\">Landesamt f\u00fcr Denkmalpflege und Arch\u00e4ologie des Landes Sachsen-Anhalt<\/a>, Halle\/Saale: Prof. Dr. Harald Meller<\/p><p style=\"text-align: left;\"><a href=\"https:\/\/lagb.sachsen-anhalt.de\/\">Landesamt f\u00fcr Geologie und Bergwesen Sachsen-Anhalt<\/a>, Halle\/Saale: Dr. Stefan Wansa<\/p><p style=\"text-align: left;\"><a href=\"http:\/\/www.kulturwerte-mv.de\/\">Landesamt f\u00fcr Kultur und Denkmalpflege Mecklenburg-Vorpommern<\/a>, Schwerin: Dr. Detlef Jantzen<\/p><p style=\"text-align: left;\">Leuphana Universit\u00e4t L\u00fcneburg, <a href=\"https:\/\/www.leuphana.de\/institute\/institut-fuer-oekologie.html\">Institut f\u00fcr \u00d6kologie<\/a>, L\u00fcneburg: Dr. Brigitte Urban<\/p><p style=\"text-align: left;\"><a href=\"http:\/\/www.landesmuseum-bonn.lvr.de\/de\/startseite.html\">LVR-LandesMuseum Bonn<\/a>, Bonn: PD Dr. Ralf W. Schmitz<\/p><p style=\"text-align: left;\"><a href=\"http:\/\/www.bodendenkmalpflege.lvr.de\/de\/ueber_uns\/ueber_uns_1.html\">LWL-Arch\u00e4ologie Westfalen, M\u00fcnster<\/a>: Dr. Birgit. Mecke<\/p><p style=\"text-align: left;\"><a href=\"https:\/\/www.lwl-archaeologie.de\/de\/fachbereiche-der-bodendenkmalpflege\/aussenstelle-olpe\/\">LWL-Arch\u00e4ologie Westfalen, Au\u00dfenstelle Olpe<\/a>, Olpe: Prof. Dr. Michael Baales<\/p><p style=\"text-align: left;\"><a href=\"https:\/\/www.lwl-landesmuseum-herne.de\/\">LWL-Museum f\u00fcr Arch\u00e4ologie, Herne<\/a>: Dr. Susanne J\u00fclich; Cornelia Moers M.A.<\/p><p style=\"text-align: left;\"><a href=\"https:\/\/www.eva.mpg.de\/evolution\/index.html\">Max Planck Institute for Evolutionary Anthropology, Department of Human Evolution<\/a>, Leipzig: Dr. Adeline Le Cabec, Prof. Dr. Mike Richards, Dr. M. Stahlschmidt, Dr. T. Lauer, Dr. V. Slon, Dr. Shannon McPherron, Dr. Tsenka Tsanova<\/p><p style=\"text-align: left;\"><a href=\"http:\/\/www.denkmalpflege.niedersachsen.de\/startseite\/\">Nieders\u00e4chsisches Landesamt f\u00fcr Denkmalpflege<\/a>, Hannover: Dr. Stefan Winghart, Prof. Dr. Thomas Terberger<\/p><p style=\"text-align: left;\">Regierungspr\u00e4sidium Stuttgart, <a href=\"https:\/\/www.denkmalpflege-bw.de\/\">Landesamt f\u00fcr Denkmalpflege<\/a>, Stuttgart: Tina Jahnke M.A. (T\u00fcbingen), Prof. Dr. Claus-Joachim Kind (Esslingen)<\/p><p style=\"text-align: left;\"><a href=\"https:\/\/www.senckenberg.de\/de\/institute\/senckenberg-gesellschaft-fuer-naturforschung-frankfurt-main\/abt-quartaerpalaeontologie\/\">Senckenberg \u2013 Forschungsinstitut und Naturmuseum, Abteilung Quat\u00e4rpal\u00e4ontologie<\/a>, Weimar: Prof. Dr. Ralf-Dietrich Kahlke<\/p><p style=\"text-align: left;\"><a href=\"http:\/\/www.thueringen.de\/th1\/tsk\/kultur\/denkmalpflege\/index.aspx\">Th\u00fcringisches Landesamt f\u00fcr Denkmalpflege und Arch\u00e4ologie<\/a>, Weimar: Dr. habil. Sven Ostritz, Tim Sch\u00fcler<\/p><p style=\"text-align: left;\"><a href=\"http:\/\/www.geomorph.uni-bayreuth.de\/de\/index.html\">Universit\u00e4t Bayreuth, Lehrstuhl f\u00fcr Geomorphologie<\/a>, Bayreuth: PD Dr. Daniel Richter<\/p><p style=\"text-align: left;\"><a href=\"https:\/\/www.cenak.uni-hamburg.de\/ausstellungen\/museum-zoologie.html\">Universit\u00e4t Hamburg, Biozentrum Grindel und Zoologisches Museum<\/a>, Hamburg: Prof. Dr. Thomas M. Kaiser<\/p><p style=\"text-align: left;\"><a href=\"http:\/\/www.geographie.uni-koeln.de\/\">Universit\u00e4t zu K\u00f6ln, Geographisches Institut<\/a>, K\u00f6ln: Dr. Martin Kehl<\/p><p style=\"text-align: left;\"><a href=\"http:\/\/ufg.phil-fak.uni-koeln.de\/5996.html\">university of Cologne, Institute for Pre- and Protohistory, Cologne, Germany<\/a>, K\u00f6ln: Dr. Bernhard Weninger<\/p><p style=\"text-align: left;\"><a href=\"http:\/\/www.zbsa.eu\/\">Zentrum f\u00fcr Baltische und Skandinavische Arch\u00e4ologie<\/a>, Schleswig: Dr. Sonja B. Grimm<\/p><p>&nbsp;<\/p><h3 style=\"text-align: left;\">France<\/h3><p style=\"text-align: left;\"><a href=\"https:\/\/www.univ-amu.fr\/fr\">Aix Marseille Universit\u00e9, CNRS<\/a>, Aix-en-Provence: Dr. V. Ollivier<\/p><p style=\"text-align: left;\">Aix Marseille University, <a href=\"http:\/\/www.arbois-med.com\/annuaire-post\/smartembed\/\">Technopole Environnement Arbois-M\u00e9diterran\u00e9e<\/a>, Domaine du Petit Arbois, Aix en Provence: Prof. Dr. O. Bellier<\/p><p style=\"text-align: left;\"><a href=\"http:\/\/www.isem.univ-montp2.fr\/\">CNRS UMR 5554, Montpellier<\/a>: Dr. S. Joannin<\/p><p style=\"text-align: left;\"><a href=\"http:\/\/www.labexitem.fr\/institution\/environnements-dynamiques-et-territoires-de-la-montagne-umr-5204\">CNRS UMR 5204, Environnement Dynamique et Territoire de la Montagne P\u00f4le Montagne<\/a> - Campus Technolac, Universit\u00e9 Savoie Mont Blanc, Le Bourget du Lac: Dr. E. Messager<\/p><p style=\"text-align: left;\"><a href=\"http:\/\/www.u-bordeaux-montaigne.fr\/fr\/recherche\/equipes_de_recherche\/iramat.html\">Universit\u00e9 Bordeaux Montaigne, Centre de Recherche en Physique Appliqu\u00e9e \u00e0 l'Arch\u00e9ologie<\/a> (CRP2A) \/ F: Prof. N. Mercier<\/p><p style=\"text-align: left;\"><a href=\"https:\/\/dep-anthropologie.parisnanterre.fr\/organisation-et-contacts\/equipe-enseignante\/equipe-enseignante-435468.kjsp\">Universit\u00e9 de Paris-Nanterre, \u00c9quipe Ethnologie pr\u00e9historique<\/a>, Paris: Dr. Ludovic Mevel<\/p><h3 style=\"text-align: left;\"><br class=\"clear\" \/>United Kingdom<\/h3><p style=\"text-align: left;\"><a href=\"https:\/\/research.bournemouth.ac.uk\/centre\/institute-for-studies-in-landscape-and-human-evolution\/\">Bournemouth University, Institute for Studies in Landscapes and Human Evolution<\/a>, Bournemouth: Dr. Matthew R. Bennett; Dr. Sally C. Reynolds<\/p><p style=\"text-align: left;\"><a href=\"https:\/\/beta.companieshouse.gov.uk\/company\/02120173\">Oxford Archaeological Associates Ltd.<\/a>, Oxford: Dr. Simon Collcutt.<\/p><p style=\"text-align: left;\"><a href=\"http:\/\/www.nhm.ac.uk\/\">Natural History Museum<\/a>, London: Dr. Louise Humphrey.<\/p><p style=\"text-align: left;\"><a href=\"https:\/\/www.dur.ac.uk\/archaeology\/\">University of Durham, Department of Archaeology<\/a>, Durham: Prof. Dr. Paul Pettitt, Lisa-Elen Meyering M.A.<\/p><p style=\"text-align: left;\"><a href=\"https:\/\/www.abdn.ac.uk\/geosciences\/departments\/archaeology\/\">University of Aberdeen, Department of Archaeology<\/a>, Aberdeen: Dr. Kate Britton<\/p><p style=\"text-align: left;\"><a href=\"https:\/\/www.mcdonald.cam.ac.uk\/\">University of Cambridge, McDonald Institute for Archaeological Research<\/a>, Cambridge: Dr. David Friesem<\/p><p style=\"text-align: left;\"><a href=\"https:\/\/www.liverpool.ac.uk\/ageing-and-chronic-disease\/staff\/musculoskeletal-biology\/\">University of Liverpool, Department of Musculoskeletal Biology, Institute of Ageing and Chronic Disease<\/a>,\u00a0 Liverpool : Dr. Kristiaan D\u2019Ao\u00fbt<\/p><p style=\"text-align: left;\"><a href=\"https:\/\/pure.royalholloway.ac.uk\/portal\/en\/organisations\/department-of-geography(0c0a7008-27f4-4b38-b0d7-6a29dbbff8c5).html\">University of London, Department of Geography, Royal Holloway<\/a>, London: Dr. R. Timms<\/p><p style=\"text-align: left;\"><a href=\"http:\/\/www.arch.ox.ac.uk\/institute.html\">University of Oxford, Institute of Archaeology<\/a>, Oxford: Prof. Dr. Nicholas Barton<\/p><p style=\"text-align: left;\"><a href=\"https:\/\/www.york.ac.uk\/chemistry\/\">University of York, Department of Chemistry<\/a>, York: Dr. Kirsty Penkman<\/p><p style=\"text-align: left;\"><a href=\"https:\/\/www.winchester.ac.uk\/\">University of Winchester, Winchester<\/a>: Dr. Jenni Sherriff; Dr. Keith N. Wilkinson<\/p><p>&nbsp;<\/p><h3 style=\"text-align: left;\">Italien<\/h3><p style=\"text-align: left;\"><a href=\"https:\/\/ambaddisabeba.esteri.it\/ambasciata_addisabeba\/en\/ambasciata\/news\/dall_ambasciata\/2018\/02\/etiopia-scoperte-orme-di-bambino.html\">Italian Archaeological Mission in Ethiopia<\/a>, Rom: Prof. Dr. Magherita Mussi<\/p><p style=\"text-align: left;\"><a href=\"\/en\/dipartimenti.unica.it\/scienzechimicheegeologiche\/\">Universit\u00e0 di Cagliari, Dipartimento di Scienze Chimiche e Geologiche<\/a>, Cagliari: Prof. Dr. Rita Mellis<\/p><p style=\"text-align: left;\"><a href=\"http:\/\/www.antichita.uniroma1.it\/\">Universit\u00e0 di Roma Sapienza, Dipartimento di Scienze dell\u2019Antichit\u00e0<\/a>, Rom: Dr. Flavio Altamura<\/p><p>&nbsp;<\/p><h3 style=\"text-align: left;\">Netherlands<\/h3><p style=\"text-align: left;\"><a href=\"https:\/\/www.universiteitleiden.nl\/en\/archaeology\">Leiden University, Faculty of Archaeology<\/a>, Leiden: Prof. Dr. Wil Roebroeks, Prof. Dr. Corrie Bakels, Dr. Hans Kamermans, Dr. Wim Kuijper, Adam Jagich M.A., Mark Siers M.A., Victor Klinknerberg M.A., Dr. Josephine Joordens, Dr. Alexander Verpoorte, Dr. Gerrit Alink, Femke Reidsma M.A.<\/p><p style=\"text-align: left;\"><a href=\"https:\/\/www.naturalis.nl\/en\/\">Naturalis Biodiversity Centre<\/a>, Leiden: Dr. Martin R\u00fccklin<\/p><p style=\"text-align: left;\"><a href=\"https:\/\/www.wur.nl\/en\/Research-Results\/Research-Institutes\/Environmental-Research\/Facilities-Products\/Environmental-Sciences-Laboratories\/NCL-Netherlands-Centre-for-Luminescence-dating.htm\">Technische Universit\u00e4t Delft, Netherlands Centre for Luminescence Dating<\/a>, Delft: Dr. Jacob Waninga<\/p><p style=\"text-align: left;\"><a href=\"https:\/\/www.vu.nl\/\">Vrije Universiteit Amsterdam<\/a>, Amsterdam: Dr. Klaudia Kuiper<\/p><p style=\"text-align: left;\"><a href=\"https:\/\/www.wur.nl\/en\/Research-Results\/Chair-groups\/Environmental-Sciences\/Soil-Geography-and-Landscape-Group\/Research\/NCL.htm\">Wageningen University, Netherlands Centre for Luminescence dating<\/a>, Wageningen: Prof. Dr. Jakob Wallinga, Dr. Tony Reimann<\/p><p style=\"text-align: left;\"><a href=\"https:\/\/www.uu.nl\/en\/research\/department-of-earth-sciences\/paleomagnetic-laboratory\">University of Utrecht, Faculty of Geosciences, Paleomagnetic Laboratory<\/a>, Utrecht: Dr. Mark Dekkers<\/p><p>&nbsp;<\/p><h3 style=\"text-align: left;\">Norway<\/h3><p style=\"text-align: left;\"><a href=\"https:\/\/www.mn.uio.no\/fysikk\/english\/research\/groups\/pgp\/\">University of Oslo, Physics of Geological Processes<\/a>, Oslo: Prof. Dr. Douwe van Hinsbergen<\/p><p>&nbsp;<\/p><h3 style=\"text-align: left;\">Poland<\/h3><p style=\"text-align: left;\"><a href=\"http:\/\/www.iaepan.edu.pl\/\">Polish Academy of Sciences, Institute of Archaeology and Ethnology<\/a>, Poznan: Dr. Jacek Kabaci\u0144ski, Dr. Iwona Sobkowiak-Tabaka<\/p><p>&nbsp;<\/p><h3 style=\"text-align: left;\">Portugal<\/h3><p style=\"text-align: left;\"><a href=\"http:\/\/www.cima.ualg.pt\/\">Universidade do Algarve, Center for Marine and Evironmental Research (CIMA<\/a>), Faro: Dr. Duarte Duarte<\/p><p style=\"text-align: left;\"><a href=\"https:\/\/www.icarehb.com\/\">Universidade do Algarve, Interdiciplinary Center for Archaeology and Evolution of Human Behaviour (ICArEHB)<\/a>, Faro: Dr. Vera Aldeias, Dr. Nuno Bicho<\/p><p>&nbsp;<\/p><h3 style=\"text-align: left;\">Switzerland<\/h3><p style=\"text-align: left;\"><a href=\"https:\/\/www.mavt.ethz.ch\/de\/\">ETH Z\u00fcrich, Department of Mechanical and Process Engineering<\/a>, Z\u00fcrich: Prof. Dr. Jonas Buchli, Dr. Johannes Pfleging, Constantin Herbst BA<\/p><p>&nbsp;<\/p><h3 style=\"text-align: left;\">Spain<\/h3><p style=\"text-align: left;\"><a href=\"http:\/\/www.upm.es\/UPM\/Centros\/CentrosMadrid\/ETSIMinasEnergia\">Universidad Polit\u00e9cnica de Madrid, Escuela T\u00e9cnica Superior de Ingenieros de Minas<\/a>, Madrid: Prof. Dr. Trinidad de Torres<\/p><p style=\"text-align: left;\"><a href=\"http:\/\/www.imf.csic.es\/\">Consejo Superior de Investigaciones Cientificas (CSIC-IMF)<\/a>, Barcelona: Dr. Juan Gibaja<\/p><p>&nbsp;<\/p><h3 style=\"text-align: left;\">Czech Republic<\/h3><p style=\"text-align: left;\"><a href=\"http:\/\/www.mzm.cz\/de\/anthropos-institut\/\">Moravsk\u00e9 Zemsk\u00e9 Museum, Anthropos Institute<\/a>, Brno: Dr. Petr Neruda<\/p>\t<\/div>\n<\/div><\/div>\n\n\t<\/div>\n<\/section><\/p>","protected":false},"excerpt":{"rendered":"<p>From local to global: Archaeology knows no boundaries and thrives on the know how of very special people. MONREPOS has been active in the world for over 30 years. We maintain a close-meshed and extensive network of cooperations with friendly partners with whom we always like to work together.<\/p>","protected":false},"author":1,"featured_media":7376,"parent":0,"menu_order":0,"comment_status":"closed","ping_status":"closed","template":"","meta":{"footnotes":""},"class_list":["post-6346","page","type-page","status-publish","has-post-thumbnail","hentry"],"aioseo_notices":[],"_links":{"self":[{"href":"https:\/\/monrepos.leiza.de\/en\/wp-json\/wp\/v2\/pages\/6346","targetHints":{"allow":["GET"]}}],"collection":[{"href":"https:\/\/monrepos.leiza.de\/en\/wp-json\/wp\/v2\/pages"}],"about":[{"href":"https:\/\/monrepos.leiza.de\/en\/wp-json\/wp\/v2\/types\/page"}],"author":[{"embeddable":true,"href":"https:\/\/monrepos.leiza.de\/en\/wp-json\/wp\/v2\/users\/1"}],"replies":[{"embeddable":true,"href":"https:\/\/monrepos.leiza.de\/en\/wp-json\/wp\/v2\/comments?post=6346"}],"version-history":[{"count":26,"href":"https:\/\/monrepos.leiza.de\/en\/wp-json\/wp\/v2\/pages\/6346\/revisions"}],"predecessor-version":[{"id":6349,"href":"https:\/\/monrepos.leiza.de\/en\/wp-json\/wp\/v2\/pages\/6346\/revisions\/6349"}],"wp:featuredmedia":[{"embeddable":true,"href":"https:\/\/monrepos.leiza.de\/en\/wp-json\/wp\/v2\/media\/7376"}],"wp:attachment":[{"href":"https:\/\/monrepos.leiza.de\/en\/wp-json\/wp\/v2\/media?parent=6346"}],"curies":[{"name":"wp","href":"https:\/\/api.w.org\/{rel}","templated":true}]}}