{"id":6266,"date":"2018-06-11T09:47:35","date_gmt":"2018-06-11T09:47:35","guid":{"rendered":"https:\/\/monrepos.rgzm.de\/?page_id=6266"},"modified":"2023-01-13T08:31:53","modified_gmt":"2023-01-13T08:31:53","slug":"pressebilder","status":"publish","type":"page","link":"https:\/\/monrepos.leiza.de\/en\/pressebilder\/","title":{"rendered":"Press Images"},"content":{"rendered":"<p>\n\n\n<section id=\"section_id-16266\" class=\"fw-main-row-custom fw-main-row-top fw-section-no-padding\" style=\" \" >\n\t<div class=\"fw-col-inner fw-container\" >\n\t\t<div class=\"fw-row\">\n\t\n<div id=\"column-69e1d6e0230b1\" class=\"fw-col-xs-12\" style=\" \">\n        <div class=\"fw-col-inner\" >\n\t\t\n\t<div class=\"fw-divider-space\" style=\"padding-top: 50px;\"><\/div>\n\t<\/div>\n<\/div><\/div>\n\n<div class=\"fw-row\">\n\t\n<div id=\"column-69e1d6e0231b9\" class=\"fw-col-xs-12\" style=\" \">\n        <div class=\"fw-col-inner\" >\n\t\t<div class=\"fw-heading fw-heading-center\" >\n\t\t<h2 class='fw-special-title'><h1>INSTRUCTIONS FOR USING OUR PRESS PICTURES<\/h1><\/h2>\t<\/div>\t<\/div>\n<\/div><\/div>\n\n<div class=\"fw-row\">\n\t\n<div id=\"column-69e1d6e0232ab\" class=\"fw-col-xs-12\" style=\" \">\n        <div class=\"fw-col-inner\" >\n\t\t<p style=\"text-align: center;\">The press photos may only be used for editorial reporting purposes and only including the complete name of the author. This is always indicated below the corresponding picture. For all of our pictures please use the copyright reference:<\/p><h4 style=\"text-align: center;\">(C) MONREPOS Arch\u00e4ologisches Forschungszentrum und Museum f\u00fcr menschliche Verhaltensevolution, LEIZA Leibniz-Forschungszentrum f\u00fcr Arch\u00e4ologie | Foto: URHEBERNAME<\/h4><p style=\"text-align: center;\">The approved short form is:<\/p><h4 style=\"text-align: center;\">\u00a9 MONREPOS | LEIZA | Foto: URHEBERNAME<\/h4><p style=\"text-align: center;\">\t<\/div>\n<\/div><\/div>\n\n\t<\/div>\n<\/section>\n\n\n<section id=\"section_id-26266\" class=\"fw-main-row-custom fw-section-no-padding\" style=\" \" >\n\t<div class=\"fw-col-inner fw-container\" >\n\t\t<div class=\"fw-row\">\n\t\n<div id=\"column-69e1d6e0233ed\" class=\"fw-col-xs-12\" style=\" \">\n        <div class=\"fw-col-inner\" >\n\t\t<p><div id='gallery-1' class='gallery galleryid-6266 gallery-columns-3 gallery-size-large'><figure class='gallery-item'>\n\t\t\t<div class='gallery-icon landscape'>\n\t\t\t\t<a href='https:\/\/monrepos.leiza.de\/wp-content\/uploads\/2018\/10\/Monrepos_Schloss3.jpg'><img loading=\"lazy\" decoding=\"async\" width=\"930\" height=\"651\" src=\"https:\/\/monrepos.leiza.de\/wp-content\/uploads\/2018\/10\/Monrepos_Schloss3-1024x717.jpg\" class=\"attachment-large size-large\" alt=\"\" aria-describedby=\"gallery-1-7258\" srcset=\"https:\/\/monrepos.leiza.de\/wp-content\/uploads\/2018\/10\/Monrepos_Schloss3-1024x717.jpg 1024w, https:\/\/monrepos.leiza.de\/wp-content\/uploads\/2018\/10\/Monrepos_Schloss3-300x210.jpg 300w, https:\/\/monrepos.leiza.de\/wp-content\/uploads\/2018\/10\/Monrepos_Schloss3-768x538.jpg 768w, https:\/\/monrepos.leiza.de\/wp-content\/uploads\/2018\/10\/Monrepos_Schloss3-79x55.jpg 79w, https:\/\/monrepos.leiza.de\/wp-content\/uploads\/2018\/10\/Monrepos_Schloss3-1800x1260.jpg 1800w, https:\/\/monrepos.leiza.de\/wp-content\/uploads\/2018\/10\/Monrepos_Schloss3-1000x700.jpg 1000w, https:\/\/monrepos.leiza.de\/wp-content\/uploads\/2018\/10\/Monrepos_Schloss3-600x420.jpg 600w, https:\/\/monrepos.leiza.de\/wp-content\/uploads\/2018\/10\/Monrepos_Schloss3-800x560.jpg 800w\" sizes=\"auto, (max-width: 930px) 100vw, 930px\" \/><\/a>\n\t\t\t<\/div>\n\t\t\t\t<figcaption class='wp-caption-text gallery-caption' id='gallery-1-7258'>\n\t\t\t\tSchloss Monrepos | Photo:  Nicole Vieh\u00f6ver\n\t\t\t\t<\/figcaption><\/figure><figure class='gallery-item'>\n\t\t\t<div class='gallery-icon landscape'>\n\t\t\t\t<a href='https:\/\/monrepos.leiza.de\/wp-content\/uploads\/2018\/10\/Monrepos_Schloss2.jpg'><img loading=\"lazy\" decoding=\"async\" width=\"930\" height=\"628\" src=\"https:\/\/monrepos.leiza.de\/wp-content\/uploads\/2018\/10\/Monrepos_Schloss2-1024x691.jpg\" class=\"attachment-large size-large\" alt=\"\" aria-describedby=\"gallery-1-7257\" srcset=\"https:\/\/monrepos.leiza.de\/wp-content\/uploads\/2018\/10\/Monrepos_Schloss2-1024x691.jpg 1024w, https:\/\/monrepos.leiza.de\/wp-content\/uploads\/2018\/10\/Monrepos_Schloss2-300x202.jpg 300w, https:\/\/monrepos.leiza.de\/wp-content\/uploads\/2018\/10\/Monrepos_Schloss2-768x518.jpg 768w, https:\/\/monrepos.leiza.de\/wp-content\/uploads\/2018\/10\/Monrepos_Schloss2-82x55.jpg 82w, https:\/\/monrepos.leiza.de\/wp-content\/uploads\/2018\/10\/Monrepos_Schloss2-1800x1214.jpg 1800w, https:\/\/monrepos.leiza.de\/wp-content\/uploads\/2018\/10\/Monrepos_Schloss2-1000x675.jpg 1000w, https:\/\/monrepos.leiza.de\/wp-content\/uploads\/2018\/10\/Monrepos_Schloss2-600x405.jpg 600w, https:\/\/monrepos.leiza.de\/wp-content\/uploads\/2018\/10\/Monrepos_Schloss2-830x560.jpg 830w\" sizes=\"auto, (max-width: 930px) 100vw, 930px\" \/><\/a>\n\t\t\t<\/div>\n\t\t\t\t<figcaption class='wp-caption-text gallery-caption' id='gallery-1-7257'>\n\t\t\t\tSchloss Monrepos | Photo:  Nicole Vieh\u00f6ver\n\t\t\t\t<\/figcaption><\/figure><figure class='gallery-item'>\n\t\t\t<div class='gallery-icon landscape'>\n\t\t\t\t<a href='https:\/\/monrepos.leiza.de\/wp-content\/uploads\/2019\/04\/Schloss-Monrepos_Marie-Sj\u00f6vold-1.jpg'><img loading=\"lazy\" decoding=\"async\" width=\"803\" height=\"540\" src=\"https:\/\/monrepos.leiza.de\/wp-content\/uploads\/2019\/04\/Schloss-Monrepos_Marie-Sj\u00f6vold-1.jpg\" class=\"attachment-large size-large\" alt=\"\" aria-describedby=\"gallery-1-8111\" srcset=\"https:\/\/monrepos.leiza.de\/wp-content\/uploads\/2019\/04\/Schloss-Monrepos_Marie-Sj\u00f6vold-1.jpg 803w, https:\/\/monrepos.leiza.de\/wp-content\/uploads\/2019\/04\/Schloss-Monrepos_Marie-Sj\u00f6vold-1-300x202.jpg 300w, https:\/\/monrepos.leiza.de\/wp-content\/uploads\/2019\/04\/Schloss-Monrepos_Marie-Sj\u00f6vold-1-768x516.jpg 768w, https:\/\/monrepos.leiza.de\/wp-content\/uploads\/2019\/04\/Schloss-Monrepos_Marie-Sj\u00f6vold-1-82x55.jpg 82w, https:\/\/monrepos.leiza.de\/wp-content\/uploads\/2019\/04\/Schloss-Monrepos_Marie-Sj\u00f6vold-1-600x403.jpg 600w\" sizes=\"auto, (max-width: 803px) 100vw, 803px\" \/><\/a>\n\t\t\t<\/div>\n\t\t\t\t<figcaption class='wp-caption-text gallery-caption' id='gallery-1-8111'>\n\t\t\t\tSchloss Monrepos | Photo: Marie Sj\u00f8vold\n\t\t\t\t<\/figcaption><\/figure><figure class='gallery-item'>\n\t\t\t<div class='gallery-icon landscape'>\n\t\t\t\t<a href='https:\/\/monrepos.leiza.de\/wp-content\/uploads\/2018\/07\/MG_0946_castle-e1531911808420.jpg'><img loading=\"lazy\" decoding=\"async\" width=\"930\" height=\"622\" src=\"https:\/\/monrepos.leiza.de\/wp-content\/uploads\/2018\/07\/MG_0946_castle-1024x685.jpg\" class=\"attachment-large size-large\" alt=\"\" aria-describedby=\"gallery-1-6506\" srcset=\"https:\/\/monrepos.leiza.de\/wp-content\/uploads\/2018\/07\/MG_0946_castle-1024x685.jpg 1024w, https:\/\/monrepos.leiza.de\/wp-content\/uploads\/2018\/07\/MG_0946_castle-300x201.jpg 300w, https:\/\/monrepos.leiza.de\/wp-content\/uploads\/2018\/07\/MG_0946_castle-768x514.jpg 768w, https:\/\/monrepos.leiza.de\/wp-content\/uploads\/2018\/07\/MG_0946_castle-82x55.jpg 82w, https:\/\/monrepos.leiza.de\/wp-content\/uploads\/2018\/07\/MG_0946_castle-1800x1204.jpg 1800w, https:\/\/monrepos.leiza.de\/wp-content\/uploads\/2018\/07\/MG_0946_castle-1000x669.jpg 1000w, https:\/\/monrepos.leiza.de\/wp-content\/uploads\/2018\/07\/MG_0946_castle-600x401.jpg 600w, https:\/\/monrepos.leiza.de\/wp-content\/uploads\/2018\/07\/MG_0946_castle-837x560.jpg 837w, https:\/\/monrepos.leiza.de\/wp-content\/uploads\/2018\/07\/MG_0946_castle-e1531911808420.jpg 800w\" sizes=\"auto, (max-width: 930px) 100vw, 930px\" \/><\/a>\n\t\t\t<\/div>\n\t\t\t\t<figcaption class='wp-caption-text gallery-caption' id='gallery-1-6506'>\n\t\t\t\tSchloss Monrepos | Photo: Marie Sj\u00f8vold\n\t\t\t\t<\/figcaption><\/figure><figure class='gallery-item'>\n\t\t\t<div class='gallery-icon landscape'>\n\t\t\t\t<a href='https:\/\/monrepos.leiza.de\/wp-content\/uploads\/2019\/04\/Schloss-Monrepos_Marie-Sj\u00f6vold-2.jpg'><img loading=\"lazy\" decoding=\"async\" width=\"803\" height=\"540\" src=\"https:\/\/monrepos.leiza.de\/wp-content\/uploads\/2019\/04\/Schloss-Monrepos_Marie-Sj\u00f6vold-2.jpg\" class=\"attachment-large size-large\" alt=\"\" aria-describedby=\"gallery-1-8107\" srcset=\"https:\/\/monrepos.leiza.de\/wp-content\/uploads\/2019\/04\/Schloss-Monrepos_Marie-Sj\u00f6vold-2.jpg 803w, https:\/\/monrepos.leiza.de\/wp-content\/uploads\/2019\/04\/Schloss-Monrepos_Marie-Sj\u00f6vold-2-300x202.jpg 300w, https:\/\/monrepos.leiza.de\/wp-content\/uploads\/2019\/04\/Schloss-Monrepos_Marie-Sj\u00f6vold-2-768x516.jpg 768w, https:\/\/monrepos.leiza.de\/wp-content\/uploads\/2019\/04\/Schloss-Monrepos_Marie-Sj\u00f6vold-2-82x55.jpg 82w, https:\/\/monrepos.leiza.de\/wp-content\/uploads\/2019\/04\/Schloss-Monrepos_Marie-Sj\u00f6vold-2-600x403.jpg 600w\" sizes=\"auto, (max-width: 803px) 100vw, 803px\" \/><\/a>\n\t\t\t<\/div>\n\t\t\t\t<figcaption class='wp-caption-text gallery-caption' id='gallery-1-8107'>\n\t\t\t\tSchloss Monrepos | Photo: Marie Sj\u00f8vold\n\t\t\t\t<\/figcaption><\/figure><figure class='gallery-item'>\n\t\t\t<div class='gallery-icon landscape'>\n\t\t\t\t<a href='https:\/\/monrepos.leiza.de\/wp-content\/uploads\/2018\/10\/Monrepos_Ausstellung1.jpg'><img loading=\"lazy\" decoding=\"async\" width=\"930\" height=\"616\" src=\"https:\/\/monrepos.leiza.de\/wp-content\/uploads\/2018\/10\/Monrepos_Ausstellung1-1024x678.jpg\" class=\"attachment-large size-large\" alt=\"\" aria-describedby=\"gallery-1-7256\" srcset=\"https:\/\/monrepos.leiza.de\/wp-content\/uploads\/2018\/10\/Monrepos_Ausstellung1-1024x678.jpg 1024w, https:\/\/monrepos.leiza.de\/wp-content\/uploads\/2018\/10\/Monrepos_Ausstellung1-300x199.jpg 300w, https:\/\/monrepos.leiza.de\/wp-content\/uploads\/2018\/10\/Monrepos_Ausstellung1-768x509.jpg 768w, https:\/\/monrepos.leiza.de\/wp-content\/uploads\/2018\/10\/Monrepos_Ausstellung1-83x55.jpg 83w, https:\/\/monrepos.leiza.de\/wp-content\/uploads\/2018\/10\/Monrepos_Ausstellung1-1800x1192.jpg 1800w, https:\/\/monrepos.leiza.de\/wp-content\/uploads\/2018\/10\/Monrepos_Ausstellung1-1000x662.jpg 1000w, https:\/\/monrepos.leiza.de\/wp-content\/uploads\/2018\/10\/Monrepos_Ausstellung1-600x397.jpg 600w, https:\/\/monrepos.leiza.de\/wp-content\/uploads\/2018\/10\/Monrepos_Ausstellung1-845x560.jpg 845w\" sizes=\"auto, (max-width: 930px) 100vw, 930px\" \/><\/a>\n\t\t\t<\/div>\n\t\t\t\t<figcaption class='wp-caption-text gallery-caption' id='gallery-1-7256'>\n\t\t\t\tView of the exhibition  | Photo:  MONREPOS\n\t\t\t\t<\/figcaption><\/figure><figure class='gallery-item'>\n\t\t\t<div class='gallery-icon landscape'>\n\t\t\t\t<a href='https:\/\/monrepos.leiza.de\/wp-content\/uploads\/2018\/07\/DSC_4394-e1531911485699.jpg'><img loading=\"lazy\" decoding=\"async\" width=\"930\" height=\"616\" src=\"https:\/\/monrepos.leiza.de\/wp-content\/uploads\/2018\/07\/DSC_4394-1024x678.jpg\" class=\"attachment-large size-large\" alt=\"\" aria-describedby=\"gallery-1-6513\" srcset=\"https:\/\/monrepos.leiza.de\/wp-content\/uploads\/2018\/07\/DSC_4394-1024x678.jpg 1024w, https:\/\/monrepos.leiza.de\/wp-content\/uploads\/2018\/07\/DSC_4394-300x199.jpg 300w, https:\/\/monrepos.leiza.de\/wp-content\/uploads\/2018\/07\/DSC_4394-768x509.jpg 768w, https:\/\/monrepos.leiza.de\/wp-content\/uploads\/2018\/07\/DSC_4394-83x55.jpg 83w, https:\/\/monrepos.leiza.de\/wp-content\/uploads\/2018\/07\/DSC_4394-1800x1192.jpg 1800w, https:\/\/monrepos.leiza.de\/wp-content\/uploads\/2018\/07\/DSC_4394-1000x662.jpg 1000w, https:\/\/monrepos.leiza.de\/wp-content\/uploads\/2018\/07\/DSC_4394-600x397.jpg 600w, https:\/\/monrepos.leiza.de\/wp-content\/uploads\/2018\/07\/DSC_4394-845x560.jpg 845w, https:\/\/monrepos.leiza.de\/wp-content\/uploads\/2018\/07\/DSC_4394-e1531911485699.jpg 800w\" sizes=\"auto, (max-width: 930px) 100vw, 930px\" \/><\/a>\n\t\t\t<\/div>\n\t\t\t\t<figcaption class='wp-caption-text gallery-caption' id='gallery-1-6513'>\n\t\t\t\tView of the exhibition  | Photo:  MONREPOS\n\t\t\t\t<\/figcaption><\/figure><figure class='gallery-item'>\n\t\t\t<div class='gallery-icon landscape'>\n\t\t\t\t<a href='https:\/\/monrepos.leiza.de\/wp-content\/uploads\/2018\/07\/DSC_4380-e1531911496777.jpg'><img loading=\"lazy\" decoding=\"async\" width=\"930\" height=\"616\" src=\"https:\/\/monrepos.leiza.de\/wp-content\/uploads\/2018\/07\/DSC_4380-1024x678.jpg\" class=\"attachment-large size-large\" alt=\"\" aria-describedby=\"gallery-1-6512\" srcset=\"https:\/\/monrepos.leiza.de\/wp-content\/uploads\/2018\/07\/DSC_4380-1024x678.jpg 1024w, https:\/\/monrepos.leiza.de\/wp-content\/uploads\/2018\/07\/DSC_4380-300x199.jpg 300w, https:\/\/monrepos.leiza.de\/wp-content\/uploads\/2018\/07\/DSC_4380-768x509.jpg 768w, https:\/\/monrepos.leiza.de\/wp-content\/uploads\/2018\/07\/DSC_4380-83x55.jpg 83w, https:\/\/monrepos.leiza.de\/wp-content\/uploads\/2018\/07\/DSC_4380-1800x1192.jpg 1800w, https:\/\/monrepos.leiza.de\/wp-content\/uploads\/2018\/07\/DSC_4380-1000x662.jpg 1000w, https:\/\/monrepos.leiza.de\/wp-content\/uploads\/2018\/07\/DSC_4380-600x397.jpg 600w, https:\/\/monrepos.leiza.de\/wp-content\/uploads\/2018\/07\/DSC_4380-845x560.jpg 845w, https:\/\/monrepos.leiza.de\/wp-content\/uploads\/2018\/07\/DSC_4380-e1531911496777.jpg 800w\" sizes=\"auto, (max-width: 930px) 100vw, 930px\" \/><\/a>\n\t\t\t<\/div>\n\t\t\t\t<figcaption class='wp-caption-text gallery-caption' id='gallery-1-6512'>\n\t\t\t\tView of the exhibition  | Photo:  MONREPOS\n\t\t\t\t<\/figcaption><\/figure><figure class='gallery-item'>\n\t\t\t<div class='gallery-icon landscape'>\n\t\t\t\t<a href='https:\/\/monrepos.leiza.de\/wp-content\/uploads\/2018\/07\/DSC_2551-e1531911748393.jpg'><img loading=\"lazy\" decoding=\"async\" width=\"930\" height=\"616\" src=\"https:\/\/monrepos.leiza.de\/wp-content\/uploads\/2018\/07\/DSC_2551-1024x678.jpg\" class=\"attachment-large size-large\" alt=\"\" aria-describedby=\"gallery-1-6511\" srcset=\"https:\/\/monrepos.leiza.de\/wp-content\/uploads\/2018\/07\/DSC_2551-1024x678.jpg 1024w, https:\/\/monrepos.leiza.de\/wp-content\/uploads\/2018\/07\/DSC_2551-300x199.jpg 300w, https:\/\/monrepos.leiza.de\/wp-content\/uploads\/2018\/07\/DSC_2551-768x509.jpg 768w, https:\/\/monrepos.leiza.de\/wp-content\/uploads\/2018\/07\/DSC_2551-83x55.jpg 83w, https:\/\/monrepos.leiza.de\/wp-content\/uploads\/2018\/07\/DSC_2551-1800x1192.jpg 1800w, https:\/\/monrepos.leiza.de\/wp-content\/uploads\/2018\/07\/DSC_2551-1000x662.jpg 1000w, https:\/\/monrepos.leiza.de\/wp-content\/uploads\/2018\/07\/DSC_2551-600x397.jpg 600w, https:\/\/monrepos.leiza.de\/wp-content\/uploads\/2018\/07\/DSC_2551-845x560.jpg 845w, https:\/\/monrepos.leiza.de\/wp-content\/uploads\/2018\/07\/DSC_2551-e1531911748393.jpg 800w\" sizes=\"auto, (max-width: 930px) 100vw, 930px\" \/><\/a>\n\t\t\t<\/div>\n\t\t\t\t<figcaption class='wp-caption-text gallery-caption' id='gallery-1-6511'>\n\t\t\t\tExcavating a cave in the MONREPOS museum educational area  | Photo:  MONREPOS\n\t\t\t\t<\/figcaption><\/figure><figure class='gallery-item'>\n\t\t\t<div class='gallery-icon landscape'>\n\t\t\t\t<a href='https:\/\/monrepos.leiza.de\/wp-content\/uploads\/2018\/07\/Mammut-Max-e1531911461974.jpg'><img loading=\"lazy\" decoding=\"async\" width=\"930\" height=\"698\" src=\"https:\/\/monrepos.leiza.de\/wp-content\/uploads\/2018\/07\/Mammut-Max-1024x768.jpg\" class=\"attachment-large size-large\" alt=\"\" aria-describedby=\"gallery-1-6515\" srcset=\"https:\/\/monrepos.leiza.de\/wp-content\/uploads\/2018\/07\/Mammut-Max-1024x768.jpg 1024w, https:\/\/monrepos.leiza.de\/wp-content\/uploads\/2018\/07\/Mammut-Max-300x225.jpg 300w, https:\/\/monrepos.leiza.de\/wp-content\/uploads\/2018\/07\/Mammut-Max-768x576.jpg 768w, https:\/\/monrepos.leiza.de\/wp-content\/uploads\/2018\/07\/Mammut-Max-73x55.jpg 73w, https:\/\/monrepos.leiza.de\/wp-content\/uploads\/2018\/07\/Mammut-Max-1800x1350.jpg 1800w, https:\/\/monrepos.leiza.de\/wp-content\/uploads\/2018\/07\/Mammut-Max-1000x750.jpg 1000w, https:\/\/monrepos.leiza.de\/wp-content\/uploads\/2018\/07\/Mammut-Max-600x450.jpg 600w, https:\/\/monrepos.leiza.de\/wp-content\/uploads\/2018\/07\/Mammut-Max-747x560.jpg 747w, https:\/\/monrepos.leiza.de\/wp-content\/uploads\/2018\/07\/Mammut-Max-e1531911461974.jpg 800w\" sizes=\"auto, (max-width: 930px) 100vw, 930px\" \/><\/a>\n\t\t\t<\/div>\n\t\t\t\t<figcaption class='wp-caption-text gallery-caption' id='gallery-1-6515'>\n\t\t\t\tMax the Mammoth | Photo: MONREPOS\n\t\t\t\t<\/figcaption><\/figure><figure class='gallery-item'>\n\t\t\t<div class='gallery-icon landscape'>\n\t\t\t\t<a href='https:\/\/monrepos.leiza.de\/wp-content\/uploads\/2018\/07\/SAM4842-e1531911757868.jpg'><img loading=\"lazy\" decoding=\"async\" width=\"930\" height=\"620\" src=\"https:\/\/monrepos.leiza.de\/wp-content\/uploads\/2018\/07\/SAM4842-1024x683.jpg\" class=\"attachment-large size-large\" alt=\"\" aria-describedby=\"gallery-1-6510\" srcset=\"https:\/\/monrepos.leiza.de\/wp-content\/uploads\/2018\/07\/SAM4842-1024x683.jpg 1024w, https:\/\/monrepos.leiza.de\/wp-content\/uploads\/2018\/07\/SAM4842-300x200.jpg 300w, https:\/\/monrepos.leiza.de\/wp-content\/uploads\/2018\/07\/SAM4842-768x512.jpg 768w, https:\/\/monrepos.leiza.de\/wp-content\/uploads\/2018\/07\/SAM4842-83x55.jpg 83w, https:\/\/monrepos.leiza.de\/wp-content\/uploads\/2018\/07\/SAM4842-1800x1200.jpg 1800w, https:\/\/monrepos.leiza.de\/wp-content\/uploads\/2018\/07\/SAM4842-1000x667.jpg 1000w, https:\/\/monrepos.leiza.de\/wp-content\/uploads\/2018\/07\/SAM4842-600x400.jpg 600w, https:\/\/monrepos.leiza.de\/wp-content\/uploads\/2018\/07\/SAM4842-840x560.jpg 840w, https:\/\/monrepos.leiza.de\/wp-content\/uploads\/2018\/07\/SAM4842-e1531911757868.jpg 800w\" sizes=\"auto, (max-width: 930px) 100vw, 930px\" \/><\/a>\n\t\t\t<\/div>\n\t\t\t\t<figcaption class='wp-caption-text gallery-caption' id='gallery-1-6510'>\n\t\t\t\tCelebrations | Photo: Sami Fayed\n\t\t\t\t<\/figcaption><\/figure><figure class='gallery-item'>\n\t\t\t<div class='gallery-icon landscape'>\n\t\t\t\t<a href='https:\/\/monrepos.leiza.de\/wp-content\/uploads\/2018\/07\/SAM4626_HDR-e1531911777964.jpg'><img loading=\"lazy\" decoding=\"async\" width=\"800\" height=\"534\" src=\"https:\/\/monrepos.leiza.de\/wp-content\/uploads\/2018\/07\/SAM4626_HDR-e1531911777964.jpg\" class=\"attachment-large size-large\" alt=\"\" aria-describedby=\"gallery-1-6509\" \/><\/a>\n\t\t\t<\/div>\n\t\t\t\t<figcaption class='wp-caption-text gallery-caption' id='gallery-1-6509'>\n\t\t\t\tConference in the MONREPOS events room | Photo: Sami Fayed\n\t\t\t\t<\/figcaption><\/figure>\n\t\t<\/div>\n<\/p><p style=\"text-align: center;\">When using our images, we ask you to provide us with a copy of the publication or proof of location (link) and duration of use.<\/p>\t<\/div>\n<\/div><\/div>\n\n\t<\/div>\n<\/section><\/p>","protected":false},"excerpt":{"rendered":"<p>Eine Auswahl unserer Pressebilder befinden sich in diesem Bereich. Weitere gerne auf Anfrage.<\/p>","protected":false},"author":1,"featured_media":6505,"parent":0,"menu_order":0,"comment_status":"closed","ping_status":"closed","template":"page-templates\/full-width-builder.php","meta":{"footnotes":""},"class_list":["post-6266","page","type-page","status-publish","has-post-thumbnail","hentry"],"aioseo_notices":[],"_links":{"self":[{"href":"https:\/\/monrepos.leiza.de\/en\/wp-json\/wp\/v2\/pages\/6266","targetHints":{"allow":["GET"]}}],"collection":[{"href":"https:\/\/monrepos.leiza.de\/en\/wp-json\/wp\/v2\/pages"}],"about":[{"href":"https:\/\/monrepos.leiza.de\/en\/wp-json\/wp\/v2\/types\/page"}],"author":[{"embeddable":true,"href":"https:\/\/monrepos.leiza.de\/en\/wp-json\/wp\/v2\/users\/1"}],"replies":[{"embeddable":true,"href":"https:\/\/monrepos.leiza.de\/en\/wp-json\/wp\/v2\/comments?post=6266"}],"version-history":[{"count":21,"href":"https:\/\/monrepos.leiza.de\/en\/wp-json\/wp\/v2\/pages\/6266\/revisions"}],"predecessor-version":[{"id":9153,"href":"https:\/\/monrepos.leiza.de\/en\/wp-json\/wp\/v2\/pages\/6266\/revisions\/9153"}],"wp:featuredmedia":[{"embeddable":true,"href":"https:\/\/monrepos.leiza.de\/en\/wp-json\/wp\/v2\/media\/6505"}],"wp:attachment":[{"href":"https:\/\/monrepos.leiza.de\/en\/wp-json\/wp\/v2\/media?parent=6266"}],"curies":[{"name":"wp","href":"https:\/\/api.w.org\/{rel}","templated":true}]}}