{"id":6111,"date":"2018-06-06T09:34:16","date_gmt":"2018-06-06T09:34:16","guid":{"rendered":"https:\/\/monrepos.rgzm.de\/?page_id=6111"},"modified":"2023-02-24T08:32:23","modified_gmt":"2023-02-24T08:32:23","slug":"datenschutz","status":"publish","type":"page","link":"https:\/\/monrepos.leiza.de\/en\/datenschutz\/","title":{"rendered":"Data Protection"},"content":{"rendered":"<section id=\"section_id-16111\" class=\"fw-main-row fw-section-no-padding\" style=\" \" >\n\t<div class=\"fw-col-inner fw-container\" >\n\t\t<div class=\"fw-row\">\n\t\n<div id=\"column-69d3289bdff89\" class=\"fw-col-xs-12\" style=\" \">\n        <div class=\"fw-col-inner\" >\n\t\t<div class=\"fw-heading\" >\n\t\t<h2 class='fw-special-title'>Datenschutzerkl\u00e4rung nach der EU-Datenschutz-Grundverordnung (DSGVO)<\/h2>\t<\/div>\t<\/div>\n<\/div><\/div>\n\n<div class=\"fw-row\">\n\t\n<div id=\"column-69d3289be0053\" class=\"fw-col-xs-12\" style=\" \">\n        <div class=\"fw-col-inner\" >\n\t\t<p>Datenschutzerkl\u00e4rung<\/p><p>Mit dieser Datenschutzerkl\u00e4rung informieren wir Sie \u00fcber den Umfang der Verarbeitung Ihrer personenbezogenen Daten (nachfolgend \u201eDaten\u201c).<\/p><h1>1.\u00a0\u00a0\u00a0\u00a0 Verantwortlich f\u00fcr die Datenverarbeitung<\/h1><p>Verantwortlich f\u00fcr die Datenverarbeitung nach den Vorschriften der Datenschutzgrundverordnung (DSGVO) ist:<\/p><p>LEIZA, Leibniz-Zentrum f\u00fcr Arch\u00e4ologie,<br \/>Stiftung des \u00d6ffentlichen Rechts, vertreten durch die Generaldirektorin Univ.-Prof. Dr. Alexandra W. Busch<br \/>Neutorstra\u00dfe 2 \/ Ludwig-Lindenschmitt-Forum Nr. 1<br \/>55116 Mainz<\/p><p>Tel.: +49 2631 9772 0<\/p><p>E-Mail: <a href=\"mailto:monrepos@leiza.de\">monrepos@leiza.de<\/a><\/p><h1>2.\u00a0\u00a0\u00a0\u00a0 Kontaktdaten unseres Datenschutzbeauftragten<\/h1><p>Lukas Bootz,<\/p><p>RMPrivacy GmbH<\/p><p>Gro\u00dfe Langgasse 1A, 55116 Mainz<\/p><p>E-Mail: datenschutz@leiza.de<\/p><h1>3.\u00a0\u00a0\u00a0\u00a0 Allgemeine Informationen zur Datenverarbeitung<\/h1><p>Im Rahmen unseres Gesch\u00e4fts- und Webseitenbetriebs verarbeiten wir Daten.<\/p><p>Dies umfasst auch die Offenlegung durch \u00dcbermittlung an Dritte und ggf. in sogenannte Drittstaaten au\u00dferhalb der Europ\u00e4ischen Union (\u201eEU\u201c) und des Europ\u00e4ischen Wirtschaftsraums (\u201eEWR\u201c). Soweit wir Daten au\u00dferhalb der EU oder des EWR \u00fcbermitteln, haben wir dies nachfolgend entsprechend gekennzeichnet.<\/p><h1>4.\u00a0\u00a0\u00a0\u00a0 Datenverarbeitung<\/h1><p>Die im Einzelnen betroffenen Daten, Verarbeitungszwecke, Rechtsgrundlagen, Empf\u00e4nger und ggf. die \u00dcbermittlungen in Drittstaaten sind in der nachfolgenden Aufstellung aufgef\u00fchrt:<\/p><h2>a)\u00a0\u00a0\u00a0\u00a0 Logdatei beim Webseitenbesuch<\/h2><p>Wir protokollieren Ihren Webseitenbesuch. Dabei verarbeiten wir:<\/p><ul><li>Name(n) unserer abgerufenen Webseite(n),<\/li><li>Datum und Uhrzeit des Abrufs,<\/li><li>die \u00fcbertragene Datenmenge,<\/li><li>den Browsertyp nebst Version,<\/li><li>das von Ihnen genutzte Betriebssystem,<\/li><li>die Referrer-URL (die zuvor besuchte Webseite),<\/li><li>Ihre IP-Adresse,<\/li><li>den anfragenden Provider.<\/li><\/ul><p>Rechtsgrundlage der Datenverarbeitung ist die Wahrnehmung unserer kulturellen Aufgaben im \u00f6ffentlichen Interesse gem\u00e4\u00df <strong>Art. 6 Abs. 1 e) DSGVO<\/strong>.<\/p><p>Die Logdatei wird nach sieben Tagen gel\u00f6scht, es sei denn, diese wird ben\u00f6tigt, um konkrete Rechtsverletzungen, die innerhalb der Aufbewahrungsfrist bekannt geworden sind, nachzuweisen oder aufzukl\u00e4ren.<\/p><h2>b)\u00a0\u00a0\u00a0 Hosting<\/h2><p>Zur Bereitstellung unseres Onlineauftritts verarbeiten wir die oben genannten und s\u00e4mtliche im Zusammenhang mit dem Betrieb dieser Website zu verarbeitenden Daten (Logdatei beim Webseitenbesuch). Durch Plugins werden durch Recherche keine Daten auf andere Speicher \u00fcbertragen. Alle auf dieser Website verarbeiteten Daten liegen auf RGZM-eigenem Server.<\/p><p>Rechtsgrundlage der Datenverarbeitung ist die Wahrnehmung unserer kulturellen Aufgaben im \u00f6ffentlichen Interesse gem\u00e4\u00df <strong>Art. 6 Abs. 1 e) DSGVO<\/strong>.<\/p><h2>c)\u00a0\u00a0\u00a0\u00a0 Kontaktaufnahme<\/h2><p>Nehmen Sie Kontakt mit uns auf, verarbeiten wir zum Zwecke der Bearbeitung und Abwicklung Ihrer Anfrage folgende Daten von Ihnen: Name, Kontaktdaten -sofern von Ihnen angegeben- und Ihre Nachricht.<\/p><p>Rechtsgrundlage der Datenverarbeitung ist unsere Pflicht zur Vertragserf\u00fcllung und\/oder zur Erf\u00fcllung unserer vorvertraglichen Pflichten gem\u00e4\u00df <strong>Art. 6 Abs. 1 b) DSGVO <\/strong>und\/oder die Wahrnehmung einer Aufgabe, die im \u00f6ffentlichen Interesse liegt gem\u00e4\u00df <strong>Art. 6 Abs. 1 e) DSGVO<\/strong>.<\/p><h2>d)\u00a0\u00a0\u00a0 Kontaktaufnahme bei Bewerbungen<\/h2><p>Wenn Sie mit uns Kontakt aufnehmen, um uns Ihre Bewerbung als Mitarbeiter:in z.B. per E-Mail oder \u00fcber ein Kontaktformular zu \u00fcbersenden, werden die von Ihnen angegebenen Daten (z.B. Name, E-Mail-Adresse, gew\u00fcnschter Einsatzort etc.), Ihre Nachricht sowie die \u00fcbermittelten Bewerbungsunterlagen ausschlie\u00dflich zum Zwecke der Bearbeitung und Abwicklung Ihrer Bewerbungsanfrage verarbeitet.<\/p><p>Rechtsgrundlage der Datenverarbeitung ist vorrangig <strong>\u00a7 20 LDSG-RLP<\/strong>. Demnach ist die Verarbeitung von Daten zul\u00e4ssig, wenn dies zur Eingehung eines Dienst- oder Besch\u00e4ftigungsverh\u00e4ltnisses erforderlich ist.<\/p><h2>e)\u00a0\u00a0\u00a0\u00a0 Newsletter<\/h2><p>Um Ihnen regelm\u00e4\u00dfig Informationen zu unserem Unternehmen und Angeboten zur Verf\u00fcgung zu stellen, bieten wir den Versand eines E-Mail-Newsletters an. Mit Ihrer Newsletter-Anmeldung verarbeiten wir die von Ihnen bei der Anmeldung eingegebenen Daten (E-Mail-Adresse sowie sonstige freiwillige Angaben). Um Missbrauch zu verhindern, senden wir Ihnen nach Ihrer Anmeldung eine E-Mail zu, mit der wir Sie um die Best\u00e4tigung der Anmeldung bitten (Double-Opt-In-Verfahren). Um den Anmeldeprozess rechtskonform nachweisen zu k\u00f6nnen, wird Ihre Anmeldung protokolliert. Betroffen sind der Anmelde- und Best\u00e4tigungszeitpunkt sowie Ihre IP-Adresse.<\/p><p>Rechtsgrundlage f\u00fcr die Versendung des Newsletters ist Ihre Einwilligung gem\u00e4\u00df <strong>Art. 6 Abs. 1 a) DSGVO. <\/strong>Die Datenverarbeitung im Zusammenhang mit der \u00dcbersendung der Best\u00e4tigungs-E-Mail f\u00fcr Ihre Anmeldung und die damit verbundene Datenprotokollierung erfolgt gem\u00e4\u00df <strong>Art. 6 Abs.1 f) DSGVO <\/strong>aufgrund unseres berechtigten Interesses an dem Nachweis Ihrer ordnungsgem\u00e4\u00dfen Anmeldung.<\/p><p>Wenn Sie uns eine Einwilligung erteilen, werten wir in den Newslettern zudem aus, ob Sie den Newsletter ge\u00f6ffnet haben sowie das Scroll- und Klickverhalten im Newsletter. Dies erfolgt zu dem Zweck unseren Newsletter optimal auf Ihre Interessen abzustimmen und die Inhalte unseres Newsletters zu verbessern. Rechtsgrundlage f\u00fcr die Analyse des Newsletters ist Ihre Einwilligung gem\u00e4\u00df <strong>Art. 6 Abs. 1 a) DSGVO.<\/strong><\/p><p>F\u00fcr den Versand des Newsletters setzen wir Dienstleister ein, denen wir die benannten Daten \u00fcbermitteln<\/p><h2>f)\u00a0\u00a0\u00a0\u00a0\u00a0 Einsatz funktionaler Cookies<\/h2><p>Auf unserer Webseite nutzen wir sog. Cookies. Cookies sind kleine Textdateien, die auf Ihrem jeweiligen Endger\u00e4t (PC, Smartphone, Tablet, etc.) abgelegt und von Ihrem Browser gespeichert werden.<\/p><p>Wir setzen auf unserer Webseite ausschlie\u00dflich technisch notwendige Sitzungs-Cookies ein.<\/p><h2>g)\u00a0\u00a0\u00a0 Externe Inhalte<\/h2><p>Wir verwenden dynamische Inhalte (\u201eContent\u201c) von Dritten, um die Darstellung und das Angebot unserer Webseite zu optimieren. Beim Webseitenbesuch wird automatisch mittels einer Schnittstelle eine Anfrage an den Server des jeweiligen Content-Anbieters gestellt, bei der bestimmte Logdaten (z.B. die IP-Adresse der Nutzer) \u00fcbermittelt werden. Der dynamische Content wird anschlie\u00dfend an unsere Website \u00fcbermittelt und dort dargestellt.<\/p><p>Wir verwenden externen Content im Zusammenhang mit den nachfolgenden Funktionalit\u00e4ten:<\/p><h3>aa)\u00a0 Google Maps<\/h3><p>interaktive Karte zur Verf\u00fcgung zu stellen. Bei der Darstellung der Karte werden Daten, inklusive Ihrer IP-Adresse und Ihres Standortes an Server von Google \u00fcbertragen und dort gespeichert. Rechtsgrundlage f\u00fcr die Verarbeitung ist Ihre vorherige Einwilligung gem\u00e4\u00df <strong>Art. 6 Abs. 1 a) DSGVO<\/strong>.<\/p><p>Verantwortlich f\u00fcr die Datenverarbeitung bei Maps ist die Google Ireland Limited, Gordon House, Barrow Street, Dublin 4, Irland (nachfolgend \u201eGoogle\u201c). Es ist nicht auszuschlie\u00dfen, dass eine Daten\u00fcbermittlung an die Google- LLC, 1600 Amphitheatre Parkway, Mountain View, CA 94043, USA stattfindet.<\/p><p>F\u00fcr Daten\u00fcbermittlungen in die USA besteht kein Angemessenheitsbeschluss der EU-Kommission. Google stellt ein angemessenes Datenschutzniveau \u00fcber die EU-Standardvertragsklauseln sicher. Eine Kopie der entsprechenden EU-Standardvertragsklausel wird auf Anfrage zur Verf\u00fcgung gestellt. Bitte wenden Sie sich daf\u00fcr an datenschutz@leiza.de.<\/p><h3>aa)\u00a0 Einbindung von YouTube Videos<\/h3><p>Wir haben auf unserer Website Videos des Portals \u201eYouTube\u201c <em>der <\/em><em>Google Ireland Limited, Gordon House, Barrow Street, Dublin 4, Irland<\/em><em> (\u201c<\/em>Google\u201d) eingebunden. Google speichert dabei keine Cookies in Ihrem Browser.<\/p><p>Rechtsgrundlage f\u00fcr die Verarbeitung ist Ihre vorherige Einwilligung gem\u00e4\u00df <strong>Art. 6 Abs. 1 a) DSGVO<\/strong>.<\/p><p>Es ist nicht auszuschlie\u00dfen, dass eine Daten\u00fcbermittlung an die Google- LLC, 1600 Amphitheatre Parkway, Mountain View, CA 94043, USA stattfindet.<\/p><p>F\u00fcr Daten\u00fcbermittlungen in die USA besteht kein Angemessenheitsbeschluss der EU-Kommission. Google stellt ein angemessenes Datenschutzniveau \u00fcber die EU-Standardvertragsklauseln sicher. Eine Kopie der entsprechenden EU-Standardvertragsklausel wird auf Anfrage zur Verf\u00fcgung gestellt. Bitte wenden Sie sich daf\u00fcr an datenschutz@leiza.de.<\/p><h1>5.\u00a0\u00a0\u00a0\u00a0 Dauer der Datenspeicherung<\/h1><p>Wir speichern personenbezogene Daten nur so lange, wie es f\u00fcr die Zwecke, f\u00fcr die sie verarbeitet werden, erforderlich ist oder eine von Ihnen erteilte Einwilligung von Ihnen widerrufen wurde. Soweit gesetzliche Aufbewahrungspflichten zu beachten sind, kann die Speicherdauer zu bestimmten Daten ungeachtet der Verarbeitungszwecke bis zu 10 Jahre betragen.<\/p><h1>6.\u00a0\u00a0\u00a0\u00a0 Ihre Betroffenenrechte<\/h1><h3>a)\u00a0\u00a0\u00a0\u00a0 Auskunft<\/h3><p>Auf Wunsch erhalten Sie jederzeit unentgeltlich Auskunft \u00fcber alle personenbezogenen Daten, die wir \u00fcber Sie gespeichert haben.<\/p><h3>b)\u00a0\u00a0\u00a0 Berichtigung, L\u00f6schung, Einschr\u00e4nkung der Verarbeitung (Sperrung), Widerspruch<\/h3><p>Sollten Sie mit der Speicherung Ihrer personenbezogenen Daten nicht mehr einverstanden oder sollten diese unrichtig geworden sein, werden wir auf eine entsprechende Weisung hin die L\u00f6schung oder Sperrung Ihrer Daten veranlassen oder die notwendigen Korrekturen vornehmen (soweit dies nach dem geltenden Recht m\u00f6glich ist). Gleiches gilt, sofern wir Daten k\u00fcnftig nur noch einschr\u00e4nkend verarbeiten sollen. Ein Widerspruchsrecht steht Ihnen insbesondere in den F\u00e4llen zu, in denen Ihre Daten aufgrund der Wahrnehmung einer Aufgabe erforderlich sind, die im \u00f6ffentlichen Interesse liegt oder unseres berechtigten Interesses erfolgt, sowie darauf gest\u00fctzten Profilings. Ebenso steht Ihnen im Falle der Datenverarbeitung zum Zwecke von Direktwerbung ein solches Widerspruchsrecht zu.<\/p><h3>c)\u00a0\u00a0\u00a0\u00a0 Widerrufsrecht bei Einwilligungen mit Wirkung f\u00fcr die Zukunft<\/h3><p>Erteilte Einwilligungen k\u00f6nnen Sie mit Wirkung f\u00fcr die Zukunft jederzeit widerrufen. Durch Ihren Widerruf wird die Rechtm\u00e4\u00dfigkeit der Verarbeitung bis zum Zeitpunkt des Widerrufs nicht ber\u00fchrt.<\/p><h3>d)\u00a0\u00a0\u00a0 Daten\u00fcbertragbarkeit<\/h3><p>Erfolgt eine Datenverarbeitung auf Grund eines Vertrages, vorvertraglicher Verhandlungen, einer Einwilligung oder mithilfe automatisierter Verfahren, so steht Ihnen das Recht auf Daten\u00fcbertragbarkeit zu. Auf Antrag stellen wir Ihnen Ihre Daten in einem g\u00e4ngigen, strukturierten und maschinenlesbaren Format bereit, so dass Sie die Daten auf Wunsch einem anderen Verantwortlichen \u00fcbermitteln k\u00f6nnen.<\/p><h3>e)\u00a0\u00a0\u00a0\u00a0 Einschr\u00e4nkung der Verarbeitung<\/h3><p>Daten, bei denen wir nicht in der Lage sind, die betroffene Person zu identifizieren, bspw. wenn diese zu Analysezwecken anonymisiert wurden, sind nicht von den vorstehenden Rechten umfasst. Auskunft, L\u00f6schung, Sperrung, Korrektur oder \u00dcbertragung an ein anderes Unternehmen sind in Bezug auf diese Daten ggf. m\u00f6glich, wenn Sie uns zus\u00e4tzliche Informationen, die uns eine Identifizierung erlauben, bereitstellen.<\/p><h3>f)\u00a0\u00a0\u00a0\u00a0\u00a0 Aus\u00fcbung Ihrer Betroffenenrechte und Beschwerderecht<\/h3><p>Bei Fragen zur Verarbeitung Ihrer personenbezogenen Daten, bei Ausk\u00fcnften, Berichtigung, Sperrung, Widerspruch oder L\u00f6schung von Daten oder dem Wunsch der \u00dcbertragung der Daten an ein anderes Unternehmen, wenden Sie sich bitte an datenschutz@leiza.de.<\/p><p>Sie haben zudem die M\u00f6glichkeit, sich wegen Ihrer Betroffenenrechte bei einer Aufsichtsbeh\u00f6rde zu beschweren.<\/p>\t<\/div>\n<\/div><\/div>\n\n\t<\/div>\n<\/section>","protected":false},"excerpt":{"rendered":"<p>Datenschutzerkl\u00e4rung nach der EU-Datenschutz-Grundverordnung (DSGVO)<\/p>","protected":false},"author":1,"featured_media":0,"parent":0,"menu_order":0,"comment_status":"closed","ping_status":"closed","template":"","meta":{"footnotes":""},"class_list":["post-6111","page","type-page","status-publish","hentry"],"aioseo_notices":[],"_links":{"self":[{"href":"https:\/\/monrepos.leiza.de\/en\/wp-json\/wp\/v2\/pages\/6111","targetHints":{"allow":["GET"]}}],"collection":[{"href":"https:\/\/monrepos.leiza.de\/en\/wp-json\/wp\/v2\/pages"}],"about":[{"href":"https:\/\/monrepos.leiza.de\/en\/wp-json\/wp\/v2\/types\/page"}],"author":[{"embeddable":true,"href":"https:\/\/monrepos.leiza.de\/en\/wp-json\/wp\/v2\/users\/1"}],"replies":[{"embeddable":true,"href":"https:\/\/monrepos.leiza.de\/en\/wp-json\/wp\/v2\/comments?post=6111"}],"version-history":[{"count":17,"href":"https:\/\/monrepos.leiza.de\/en\/wp-json\/wp\/v2\/pages\/6111\/revisions"}],"predecessor-version":[{"id":9312,"href":"https:\/\/monrepos.leiza.de\/en\/wp-json\/wp\/v2\/pages\/6111\/revisions\/9312"}],"wp:attachment":[{"href":"https:\/\/monrepos.leiza.de\/en\/wp-json\/wp\/v2\/media?parent=6111"}],"curies":[{"name":"wp","href":"https:\/\/api.w.org\/{rel}","templated":true}]}}