{"id":5947,"date":"2018-05-08T14:54:54","date_gmt":"2018-05-08T14:54:54","guid":{"rendered":"https:\/\/monrepos.rgzm.de\/?page_id=5947"},"modified":"2026-01-08T10:09:51","modified_gmt":"2026-01-08T10:09:51","slug":"workshops-fuer-weiterfuehrende-schulen","status":"publish","type":"page","link":"https:\/\/monrepos.leiza.de\/en\/workshops-fuer-weiterfuehrende-schulen\/","title":{"rendered":"Workshops for Secondary Schools"},"content":{"rendered":"<p>\n\n\n<section id=\"section_id-15947\" class=\"fw-main-row-custom fw-main-row-top fw-section-no-padding\" style=\" \" >\n\t<div class=\"fw-col-inner fw-container\" >\n\t\t<div class=\"fw-row\">\n\t\n<div id=\"column-69deaead95231\" class=\"fw-col-xs-12\" style=\" \">\n        <div class=\"fw-col-inner\" >\n\t\t<div class=\"fw-row\"><div id=\"column-5ad5d12f4111a\" class=\"fw-col-xs-12\"><div class=\"fw-col-inner\"><h4 style=\"text-align: center;\"><a href=\"#Gesellschaftstier\">Gesellschaftstier<\/a> | <a href=\"#Rudelmensch\">Rudelmensch<\/a> | <a href=\"#Wunderkind\">Wunderkind<\/a> | <a href=\"#Konditionen\">Terms &amp; Conditions<\/a> | Schulflyer<\/h4><\/div><\/div><\/div>\t<\/div>\n<\/div><\/div>\n\n<div class=\"fw-row\">\n\t\n<div id=\"column-69deaead952d8\" class=\"fw-col-xs-12\" style=\" \">\n        <div class=\"fw-col-inner\" >\n\t\t\n\t<div class=\"fw-divider-space\" style=\"padding-top: 50px;\"><\/div>\n\t<\/div>\n<\/div><\/div>\n\n\t<\/div>\n<\/section>\n\n\n<section id=\"section_id-25947\" class=\"fw-main-row-custom fw-section-no-padding\" style=\" \" >\n\t<div class=\"fw-col-inner fw-container\" >\n\t\t<div class=\"fw-row\">\n\t\n<div id=\"column-69deaead953c5\" class=\"fw-col-xs-12\" style=\" \">\n        <div class=\"fw-col-inner\" >\n\t\t<div class=\"fw-heading fw-heading-center\" >\n\t\t<h2 class='fw-special-title'><h1>Celebrations for prodigies<\/h1><\/h2>\t<\/div>\t<\/div>\n<\/div><\/div>\n\n<div class=\"fw-row\">\n\t\n<div id=\"column-69deaead95456\" class=\"fw-col-xs-12\" style=\" \">\n        <div class=\"fw-col-inner\" >\n\t\t<p style=\"text-align: center;\">On this page we have put together an overview of all our offers for secondary schools. If you have any questions, we are always at your disposal.<\/p>\t<\/div>\n<\/div><\/div>\n\n<div class=\"fw-row\">\n\t\n<div id=\"column-69deaead954d5\" class=\"fw-col-xs-12\" style=\" \">\n        <div class=\"fw-col-inner\" >\n\t\t\n\t<div class=\"fw-divider-space\" style=\"padding-top: 50px;\"><\/div>\n\t<\/div>\n<\/div><\/div>\n\n<div class=\"fw-row\">\n\t\n<div id=\"column-69deaead9554d\" class=\"fw-col-xs-12\" style=\" \">\n        <div class=\"fw-col-inner\" >\n\t\t\t<div class=\"fw-divider-line\"><hr\/><\/div>\n\n\t<\/div>\n<\/div><\/div>\n\n<div class=\"fw-row\">\n\t\n<div id=\"column-69deaead955c3\" class=\"fw-col-xs-12\" style=\" \">\n        <div class=\"fw-col-inner\" >\n\t\t\n\t<div class=\"fw-divider-space\" style=\"padding-top: 50px;\"><\/div>\n\t<\/div>\n<\/div><\/div>\n\n\t<\/div>\n<\/section>\n\n\n<section id=\"section_id-35947\" class=\"fw-main-row-custom fw-section-no-padding\" style=\" \" >\n\t<div class=\"fw-col-inner fw-container\" >\n\t\t<div class=\"fw-row\">\n\t\n<div id=\"column-69deaead956c5\" class=\"fw-col-xs-12\" style=\" \">\n        <div class=\"fw-col-inner\" >\n\t\t<div class=\"fw-iconbox-aside\"><div class=\"fw-iconbox-title\"><p id=\"Gesellschaftstier\"><img loading=\"lazy\" decoding=\"async\" class=\"wp-image-7833 size-medium aligncenter\" src=\"https:\/\/monrepos.leiza.de\/wp-content\/uploads\/2018\/10\/Icon_Workshop_Geselltier-300x175.png\" alt=\"\" width=\"220\" height=\"128\" srcset=\"https:\/\/monrepos.leiza.de\/wp-content\/uploads\/2018\/10\/Icon_Workshop_Geselltier-300x175.png 300w, https:\/\/monrepos.leiza.de\/wp-content\/uploads\/2018\/10\/Icon_Workshop_Geselltier-94x55.png 94w, https:\/\/monrepos.leiza.de\/wp-content\/uploads\/2018\/10\/Icon_Workshop_Geselltier.png 354w\" sizes=\"auto, (max-width: 220px) 100vw, 220px\" \/><\/p><h3 style=\"text-align: center;\">Self Identity \u00b7 Group Identity \u00b7 Tolerance \u00b7 Rules \u00b7 Values \u00b7 Self-Reflection \u00b7 Reinforcing Classroom Identity \u00b7 Improving Classroom Atmosphere \u00b7 More Tolerance in Dealing with other People<\/h3><\/div><div class=\"fw-iconbox-text\"><div style=\"text-align: center;\">Who am I? What do the others think about me? Where is my place in this society? Each of us asks these questions. Why? Because people have been grappling with the question of their identity for over 40,000 years. It is also important for group cohesion to have a common identity. Nevertheless, living together is not always easy, and nothing functions without rules. The people of the Palaeolithic already knew the secret for successful coexistence. And you too can discover it!<\/div><\/div><\/div>\n\t<div class=\"fw-divider-space\" style=\"padding-top: 50px;\"><\/div>\n\t<div class=\"fw-divider-line\"><hr\/><\/div>\n\n\n\t<div class=\"fw-divider-space\" style=\"padding-top: 50px;\"><\/div>\n\t<\/div>\n<\/div><\/div>\n\n\t<\/div>\n<\/section>\n\n\n<section id=\"section_id-45947\" class=\"fw-main-row-custom fw-section-no-padding\" style=\" \" >\n\t<div class=\"fw-col-inner fw-container\" >\n\t\t<div class=\"fw-row\">\n\t\n<div id=\"column-69deaead95811\" class=\"fw-col-xs-12\" style=\" \">\n        <div class=\"fw-col-inner\" >\n\t\t<h3 id=\"Rudelmensch\" style=\"text-align: center;\"><img loading=\"lazy\" decoding=\"async\" class=\"wp-image-7834 size-medium aligncenter\" src=\"https:\/\/monrepos.leiza.de\/wp-content\/uploads\/2018\/10\/Icon_Workshop_Rudelmensch-300x175.png\" alt=\"\" width=\"220\" height=\"128\" srcset=\"https:\/\/monrepos.leiza.de\/wp-content\/uploads\/2018\/10\/Icon_Workshop_Rudelmensch-300x175.png 300w, https:\/\/monrepos.leiza.de\/wp-content\/uploads\/2018\/10\/Icon_Workshop_Rudelmensch-94x55.png 94w, https:\/\/monrepos.leiza.de\/wp-content\/uploads\/2018\/10\/Icon_Workshop_Rudelmensch.png 354w\" sizes=\"auto, (max-width: 220px) 100vw, 220px\" \/><\/h3><h3 style=\"text-align: center;\">Cooperation \u00b7 Communication \u00b7 Confidence \u00b7 Respect \u00b7 Appreciation \u00b7 Empathy \u00b7 Compassion \u00b7 Self-Reflection \u00b7 Team Spirit \u00b7  Classroom Community and Cohesion \u00b7 Improving Classroom Communication<\/h3><p style=\"text-align: center;\">We humans are true masters of cooperation. Without cooperation our life would be unthinkable. But why are we so good at it? The answer lies in early human history - because for 100,000 years, cooperative behaviour has been our life insurance. And this behaviour still follows the same mechanisms today. Is the recipe for a successful team perhaps the same? Figure it out!<\/p>\n\t<div class=\"fw-divider-space\" style=\"padding-top: 50px;\"><\/div>\n\t<div class=\"fw-divider-line\"><hr\/><\/div>\n\n\n\t<div class=\"fw-divider-space\" style=\"padding-top: 50px;\"><\/div>\n\t<\/div>\n<\/div><\/div>\n\n\t<\/div>\n<\/section>\n\n\n<section id=\"section_id-55947\" class=\"fw-main-row-custom fw-section-no-padding\" style=\" \" >\n\t<div class=\"fw-col-inner fw-container\" >\n\t\t<div class=\"fw-row\">\n\t\n<div id=\"column-69deaead9592c\" class=\"fw-col-xs-12\" style=\" \">\n        <div class=\"fw-col-inner\" >\n\t\t<h3 id=\"Wunderkind\" style=\"text-align: center;\"><img loading=\"lazy\" decoding=\"async\" class=\"wp-image-7835 size-medium aligncenter\" src=\"https:\/\/monrepos.leiza.de\/wp-content\/uploads\/2018\/10\/Icon_Workshop_Wunderkind-300x175.png\" alt=\"\" width=\"220\" height=\"128\" srcset=\"https:\/\/monrepos.leiza.de\/wp-content\/uploads\/2018\/10\/Icon_Workshop_Wunderkind-300x175.png 300w, https:\/\/monrepos.leiza.de\/wp-content\/uploads\/2018\/10\/Icon_Workshop_Wunderkind-94x55.png 94w, https:\/\/monrepos.leiza.de\/wp-content\/uploads\/2018\/10\/Icon_Workshop_Wunderkind.png 354w\" sizes=\"auto, (max-width: 220px) 100vw, 220px\" \/><\/h3><h3 style=\"text-align: center;\">Innovation \u00b7 Creativity \u00b7 Curiosity \u00b7 Ambition \u00b7 Communication \u00b7 Knowledge Transfer \u00b7 Problem Solving Strategies<\/h3><p style=\"text-align: center;\">For around 1.6 million years, innovations have ensured the survival of humankind. Especially in the past 100 years, this development has gained more and more momentum. But what are the driving forces that make people successful inventors and discoverers? How does an invention become a worldwide success and how can we learn from each other? Here you will learn how people became \"problem solving experts\" and how you can all benefit from this know-how.<\/p>\n\t<div class=\"fw-divider-space\" style=\"padding-top: 50px;\"><\/div>\n\t<div class=\"fw-divider-line\"><hr\/><\/div>\n\n\n\t<div class=\"fw-divider-space\" style=\"padding-top: 50px;\"><\/div>\n\t<\/div>\n<\/div><\/div>\n\n\t<\/div>\n<\/section>\n\n\n<section id=\"section_id-65947\" class=\"fw-main-row-custom fw-section-no-padding\" style=\" \" >\n\t<div class=\"fw-col-inner fw-container\" >\n\t\t<div class=\"fw-row\">\n\t\n<div id=\"column-69deaead95a3e\" class=\"fw-col-xs-12\" style=\" \">\n        <div class=\"fw-col-inner\" >\n\t\t<h2 style=\"text-align: center;\">Show us smoke signals, send us drum signals<\/h2>\t<\/div>\n<\/div><\/div>\n\n<div class=\"fw-row\">\n\t\n<div id=\"column-69deaead95ab9\" class=\"fw-col-xs-12 fw-col-sm-4\" style=\" \">\n        <div class=\"fw-col-inner\" >\n\t\t<div class=\"fw-iconbox-aside\"><div class=\"fw-iconbox-title\"><h3 id=\"Konditionen\" style=\"text-align: center;\">Conditions<\/h3><\/div><div class=\"fw-iconbox-text\"><p style=\"text-align: center;\">Duration: 3.5 hours.<\/p><p style=\"text-align: center;\">Up to two escorts per class get free entry<\/p><\/div><\/div>\n\t<div class=\"fw-divider-space\" style=\"padding-top: 50px;\"><\/div>\n\t<\/div>\n<\/div>\n<div id=\"column-69deaead95b22\" class=\"fw-col-xs-12 fw-col-sm-4\" style=\" \">\n        <div class=\"fw-col-inner\" >\n\t\t<h3 style=\"text-align: center;\">Booking<\/h3><p style=\"text-align: center;\">Please book by sending us an E-Mail to <a href=\"mailto:monrepos@leiza.de\">monrepos@leiza.de<\/a> or call us at +49 2631 97 72-0<\/p>\n\t<\/div>\n<\/div>\n<div id=\"column-69deaead95b87\" class=\"fw-col-xs-12 fw-col-sm-4\" style=\" \">\n        <div class=\"fw-col-inner\" >\n\t\t<h3 style=\"text-align: center;\">Tickets<\/h3><p style=\"text-align: center;\">Basic price per Group: 88.- \u20ac<br \/>(maximum 15 Persons), 2 Groups: 138.- \u20ac (maximum 30 Persons) plus museum admission and material costs<\/p><p>&nbsp;<\/p>\t<\/div>\n<\/div><\/div>\n\n\t<\/div>\n<\/section><\/p>","protected":false},"excerpt":{"rendered":"<p>F\u00fcr die Gr\u00f6\u00dferen bieten wir Workshops mit Blick auf gesellschaftsrelevante Themen. <\/p>","protected":false},"author":1,"featured_media":7439,"parent":0,"menu_order":0,"comment_status":"closed","ping_status":"closed","template":"","meta":{"footnotes":""},"class_list":["post-5947","page","type-page","status-publish","has-post-thumbnail","hentry"],"aioseo_notices":[],"_links":{"self":[{"href":"https:\/\/monrepos.leiza.de\/en\/wp-json\/wp\/v2\/pages\/5947","targetHints":{"allow":["GET"]}}],"collection":[{"href":"https:\/\/monrepos.leiza.de\/en\/wp-json\/wp\/v2\/pages"}],"about":[{"href":"https:\/\/monrepos.leiza.de\/en\/wp-json\/wp\/v2\/types\/page"}],"author":[{"embeddable":true,"href":"https:\/\/monrepos.leiza.de\/en\/wp-json\/wp\/v2\/users\/1"}],"replies":[{"embeddable":true,"href":"https:\/\/monrepos.leiza.de\/en\/wp-json\/wp\/v2\/comments?post=5947"}],"version-history":[{"count":66,"href":"https:\/\/monrepos.leiza.de\/en\/wp-json\/wp\/v2\/pages\/5947\/revisions"}],"predecessor-version":[{"id":10455,"href":"https:\/\/monrepos.leiza.de\/en\/wp-json\/wp\/v2\/pages\/5947\/revisions\/10455"}],"wp:featuredmedia":[{"embeddable":true,"href":"https:\/\/monrepos.leiza.de\/en\/wp-json\/wp\/v2\/media\/7439"}],"wp:attachment":[{"href":"https:\/\/monrepos.leiza.de\/en\/wp-json\/wp\/v2\/media?parent=5947"}],"curies":[{"name":"wp","href":"https:\/\/api.w.org\/{rel}","templated":true}]}}