{"id":5939,"date":"2018-05-08T08:26:10","date_gmt":"2018-05-08T08:26:10","guid":{"rendered":"https:\/\/monrepos.rgzm.de\/?page_id=5939"},"modified":"2026-01-08T10:06:32","modified_gmt":"2026-01-08T10:06:32","slug":"workshops-fuer-grundschulen","status":"publish","type":"page","link":"https:\/\/monrepos.leiza.de\/en\/workshops-fuer-grundschulen\/","title":{"rendered":"Workshops for Primary Schools"},"content":{"rendered":"<p>\n\n\n<section id=\"section_id-15939\" class=\"fw-main-row-custom fw-main-row-top fw-section-no-padding\" style=\" \" >\n\t<div class=\"fw-col-inner fw-container\" >\n\t\t<div class=\"fw-row\">\n\t\n<div id=\"column-69dec5245f258\" class=\"fw-col-xs-12\" style=\" \">\n        <div class=\"fw-col-inner\" >\n\t\t<div class=\"fw-row\"><div id=\"column-5ad5d12f4111a\" class=\"fw-col-xs-12\"><div class=\"fw-col-inner\"><h4 style=\"text-align: center;\"><a href=\"#Erste\">From 1st Grade<\/a> | <a href=\"#Dritte\">From 3rd Grade<\/a> | <a href=\"#Konditionen\">Terms &amp; Conditions<\/a> | Schulflyer<\/h4><\/div><\/div><\/div>\t<\/div>\n<\/div><\/div>\n\n<div class=\"fw-row\">\n\t\n<div id=\"column-69dec5245f35d\" class=\"fw-col-xs-12\" style=\" \">\n        <div class=\"fw-col-inner\" >\n\t\t\n\t<div class=\"fw-divider-space\" style=\"padding-top: 50px;\"><\/div>\n\t<\/div>\n<\/div><\/div>\n\n\t<\/div>\n<\/section>\n\n\n<section id=\"section_id-25939\" class=\"fw-main-row-custom fw-section-no-padding\" style=\" \" >\n\t<div class=\"fw-col-inner fw-container\" >\n\t\t<div class=\"fw-row\">\n\t\n<div id=\"column-69dec5245f4f8\" class=\"fw-col-xs-12\" style=\" \">\n        <div class=\"fw-col-inner\" >\n\t\t<div class=\"fw-heading fw-heading-center\" >\n\t\t<h2 class='fw-special-title'><h1>Our Workshops<\/h1><\/h2>\t<\/div><p style=\"text-align: center;\">On this page we have put together an overview of all our offers for elementary schools and day-care centres. Please contact us if you have any questions.<\/p><img loading=\"lazy\" decoding=\"async\" src=\"https:\/\/monrepos.rgzm.de\/wp-content\/uploads\/2018\/10\/Frankpustet-1-e1539853139404-900x400.jpg\" alt=\"https:\/\/monrepos.rgzm.de\/wp-content\/uploads\/2018\/10\/Frankpustet-1-e1539853139404-900x400.jpg\" width=\"900\" height=\"400\" \/>\t<\/div>\n<\/div><\/div>\n\n<div class=\"fw-row\">\n\t\n<div id=\"column-69dec5245f795\" class=\"fw-col-xs-12\" style=\" \">\n        <div class=\"fw-col-inner\" >\n\t\t\n\t<div class=\"fw-divider-space\" style=\"padding-top: 50px;\"><\/div>\n\t<div class=\"fw-divider-line\"><hr\/><\/div>\n\n\n\t<div class=\"fw-divider-space\" style=\"padding-top: 50px;\"><\/div>\n\t<\/div>\n<\/div><\/div>\n\n\t<\/div>\n<\/section>\n\n\n<section id=\"section_id-35939\" class=\"fw-main-row-custom fw-section-no-padding\" style=\" \" >\n\t<div class=\"fw-col-inner fw-container\" >\n\t\t<div class=\"fw-row\">\n\t\n<div id=\"column-69dec5245f8c9\" class=\"fw-col-xs-12\" style=\" \">\n        <div class=\"fw-col-inner\" >\n\t\t<p id=\"Erste\"><img loading=\"lazy\" decoding=\"async\" class=\"wp-image-7756 aligncenter\" src=\"https:\/\/monrepos.leiza.de\/wp-content\/uploads\/2018\/10\/Icon_Workshop_1Klasse-300x175.png\" alt=\"\" width=\"220\" height=\"128\" srcset=\"https:\/\/monrepos.leiza.de\/wp-content\/uploads\/2018\/10\/Icon_Workshop_1Klasse-300x175.png 300w, https:\/\/monrepos.leiza.de\/wp-content\/uploads\/2018\/10\/Icon_Workshop_1Klasse-94x55.png 94w, https:\/\/monrepos.leiza.de\/wp-content\/uploads\/2018\/10\/Icon_Workshop_1Klasse.png 354w\" sizes=\"auto, (max-width: 220px) 100vw, 220px\" \/><\/p>\t<\/div>\n<\/div><\/div>\n\n<div class=\"fw-row\">\n\t\n<div id=\"column-69dec5245f993\" class=\"fw-col-xs-12 fw-col-sm-4\" style=\" \">\n        <div class=\"fw-col-inner\" >\n\t\t<div class=\"fw-iconbox-aside\"><div class=\"fw-iconbox-title\"><h3 style=\"text-align: center;\">Schiefer, Ton &amp; H\u00f6hlenkunst<\/h3><\/div><div class=\"fw-iconbox-text\"><p style=\"text-align: center;\">Malst Du gerne? Oder bastelst gerne mit Ton? Auch die Menschen vor 30.000 Jahren gestalteten schon H\u00f6hlenbilder oder Tonfiguren. Werde hier kreativ wie ein Steinzeitmensch: Du kannst Schieferplatten gravieren, malen wie in der H\u00f6hle oder etwas aus Ton fertigen. Was w\u00e4hlst Du?<\/p><\/div><\/div>\n\t<div class=\"fw-divider-space\" style=\"padding-top: 50px;\"><\/div>\n\t<\/div>\n<\/div>\n<div id=\"column-69dec5245fa33\" class=\"fw-col-xs-12 fw-col-sm-4\" style=\" \">\n        <div class=\"fw-col-inner\" >\n\t\t<div class=\"fw-iconbox-aside\"><div class=\"fw-iconbox-title\"><h3 style=\"text-align: center;\">Quite pretty!<\/h3><\/div><div class=\"fw-iconbox-text\"><p style=\"text-align: center;\">Magst du bunte Ketten oder Federschmuck? Schon vor 40.000 Jahren schm\u00fcckten sich Menschen mit Muscheln, Schnecken und Federn. Entdecke, was dir gef\u00e4llt\u00a0 und fertige Deinen eigenen Steinzeitschmuck.<\/p><\/div><\/div>\n\t<div class=\"fw-divider-space\" style=\"padding-top: 50px;\"><\/div>\n\t<\/div>\n<\/div>\n<div id=\"column-69dec5245faa0\" class=\"fw-col-xs-12 fw-col-sm-4\" style=\" \">\n        <div class=\"fw-col-inner\" >\n\t\t<div class=\"fw-iconbox-aside\"><div class=\"fw-iconbox-title\"><h3 style=\"text-align: center;\">\u00a0Die Steinzeitolympiade<\/h3><\/div><div class=\"fw-iconbox-text\"><p style=\"text-align: center;\">Klettern, springen, laufen, schleichen \u2013 die Steinzeitmenschen mussten auf der Jagd einiges k\u00f6nnen. Sonst h\u00e4tten Sie auf der Jagd nichts zu essen gefangen. Probiere aus, welche \u201eSteinzeitdisziplin\u201c Du am besten kannst. Und vergiss nicht: Schon damals war Teamarbeit das Wichtigste!<\/p><\/div><\/div>\t<\/div>\n<\/div><\/div>\n\n<div class=\"fw-row\">\n\t\n<div id=\"column-69dec5245fb1f\" class=\"fw-col-xs-12\" style=\" \">\n        <div class=\"fw-col-inner\" >\n\t\t\n\t<div class=\"fw-divider-space\" style=\"padding-top: 50px;\"><\/div>\n\t<div class=\"fw-divider-line\"><hr\/><\/div>\n\n\n\t<div class=\"fw-divider-space\" style=\"padding-top: 50px;\"><\/div>\n\t<\/div>\n<\/div><\/div>\n\n\t<\/div>\n<\/section>\n\n\n<section id=\"section_id-45939\" class=\"fw-main-row-custom fw-section-no-padding\" style=\" \" >\n\t<div class=\"fw-col-inner fw-container\" >\n\t\t<div class=\"fw-row\">\n\t\n<div id=\"column-69dec5245fc29\" class=\"fw-col-xs-12\" style=\" \">\n        <div class=\"fw-col-inner\" >\n\t\t<p id=\"Dritte\"><img loading=\"lazy\" decoding=\"async\" class=\"size-medium wp-image-7757 aligncenter\" src=\"https:\/\/monrepos.leiza.de\/wp-content\/uploads\/2018\/10\/Icon_Workshop_3Klasse-300x175.png\" alt=\"\" width=\"220\" height=\"128\" srcset=\"https:\/\/monrepos.leiza.de\/wp-content\/uploads\/2018\/10\/Icon_Workshop_3Klasse-300x175.png 300w, https:\/\/monrepos.leiza.de\/wp-content\/uploads\/2018\/10\/Icon_Workshop_3Klasse-94x55.png 94w, https:\/\/monrepos.leiza.de\/wp-content\/uploads\/2018\/10\/Icon_Workshop_3Klasse.png 354w\" sizes=\"auto, (max-width: 220px) 100vw, 220px\" \/><\/p>\t<\/div>\n<\/div><\/div>\n\n<div class=\"fw-row\">\n\t\n<div id=\"column-69dec5245fcc0\" class=\"fw-col-xs-12 fw-col-sm-3\" style=\" \">\n        <div class=\"fw-col-inner\" >\n\t\t<div class=\"fw-iconbox-title\"><h3 style=\"text-align: center;\">A sparkling idea<\/h3><\/div><div class=\"fw-iconbox-text\"><p style=\"text-align: center;\">Du probierst gerne alles aus? Und gibst nicht auf, wenn etwas mal nicht klappt? Genau das ist auch beim Feuermachen gefragt. Mit zwei Steinen, Geduld und Ehrgeiz und vielleicht auch etwas Hilfe Deiner Freunde*innen schaffst Du es bestimmt.<\/p><\/div>\n\t<\/div>\n<\/div>\n<div id=\"column-69dec5245fd2b\" class=\"fw-col-xs-12 fw-col-sm-3\" style=\" \">\n        <div class=\"fw-col-inner\" >\n\t\t<div class=\"fw-iconbox-title\"><h3 style=\"text-align: center;\">A miss is as good as a mile!<\/h3><\/div><div class=\"fw-iconbox-text\"><p style=\"text-align: center;\">Du zielst gerne und \u00fcbst so lange, bis Du etwas gut kannst? Dann verstehst Du Die Steinzeitj\u00e4ger*innen. Probiere Waffen wie die Speerschleuder oder Pfeil und Bogen selbst aus und erlebe, wie geschickt die Menschen schon vor Tausenden von Jahren waren.<\/p><\/div>\n\t<div class=\"fw-divider-space\" style=\"padding-top: 50px;\"><\/div>\n\t<\/div>\n<\/div>\n<div id=\"column-69dec5245fd93\" class=\"fw-col-xs-12 fw-col-sm-3\" style=\" \">\n        <div class=\"fw-col-inner\" >\n\t\t<div class=\"fw-iconbox-title\"><h3 style=\"text-align: center;\">Gemeinsam sind wir stark<\/h3><\/div><div class=\"fw-iconbox-text\"><p style=\"text-align: center;\">Einer f\u00fcr alle, alle f\u00fcr einen? Schon die Menschen in der Steinzeit wussten: Allein \u00fcberlebt niemand. Finde heraus, warum Teamarbeit seit der Steinzeit das absolute Erfolgsrezept ist - und zeig was Dein Team kann!<\/p><\/div>\n\t<div class=\"fw-divider-space\" style=\"padding-top: 50px;\"><\/div>\n\t<\/div>\n<\/div>\n<div id=\"column-69dec5245fdfa\" class=\"fw-col-xs-12 fw-col-sm-3\" style=\" \">\n        <div class=\"fw-col-inner\" >\n\t\t<div class=\"fw-iconbox-title\"><h3 style=\"text-align: center;\">Erkennungszeichen in der Ferne<\/h3><\/div><div class=\"fw-iconbox-text\"><p style=\"text-align: center;\">Du zeigst gerne, dass Du zu Deinen Freunden geh\u00f6rst? Das war schon den Menschen in der Steinzeit wichtig!\u00a0 Denkt Euch gemeinsam ein Erkennungszeichen f\u00fcr Eure Gruppe aus - genau wie Eure steinzeitlichen Vorfahren.<\/p><\/div>\n\t<div class=\"fw-divider-space\" style=\"padding-top: 50px;\"><\/div>\n\t<\/div>\n<\/div><\/div>\n\n<div class=\"fw-row\">\n\t\n<div id=\"column-69dec5245fe8d\" class=\"fw-col-xs-12\" style=\" \">\n        <div class=\"fw-col-inner\" >\n\t\t\n\t<div class=\"fw-divider-space\" style=\"padding-top: 50px;\"><\/div>\n\t<div class=\"fw-divider-line\"><hr\/><\/div>\n\n\n\t<div class=\"fw-divider-space\" style=\"padding-top: 50px;\"><\/div>\n\t<\/div>\n<\/div><\/div>\n\n\t<\/div>\n<\/section>\n\n\n<section id=\"section_id-55939\" class=\"fw-main-row-custom fw-section-no-padding\" style=\" \" >\n\t<div class=\"fw-col-inner fw-container\" >\n\t\t<div class=\"fw-row\">\n\t\n<div id=\"column-69dec5245ff8a\" class=\"fw-col-xs-12\" style=\" \">\n        <div class=\"fw-col-inner\" >\n\t\t<h2 style=\"text-align: center;\">Show us smoke signals, send us drum signals<\/h2>\t<\/div>\n<\/div><\/div>\n\n<div class=\"fw-row\">\n\t\n<div id=\"column-69dec52460006\" class=\"fw-col-xs-12 fw-col-sm-4\" style=\" \">\n        <div class=\"fw-col-inner\" >\n\t\t<div class=\"fw-iconbox-aside\"><div class=\"fw-iconbox-title\"><h3 id=\"Konditionen\" style=\"text-align: center;\">Conditions<\/h3><\/div><div class=\"fw-iconbox-text\"><p style=\"text-align: center;\">Duration: 2 hours<\/p><p style=\"text-align: center;\">Bis zu zwei Begleitpersonen pro Klasse erhalten freien Eintritt.<\/p><\/div><\/div>\n\t<div class=\"fw-divider-space\" style=\"padding-top: 50px;\"><\/div>\n\t<\/div>\n<\/div>\n<div id=\"column-69dec5246006f\" class=\"fw-col-xs-12 fw-col-sm-4\" style=\" \">\n        <div class=\"fw-col-inner\" >\n\t\t<h3 style=\"text-align: center;\">Booking<\/h3><p style=\"text-align: center;\">Please book by sending us an E-Mail to <a href=\"mailto:monrepos@leiza.de\">monrepos@leiza.de<\/a> oder telefonisch unter 02631 97 72-0. Auf Wunsch ist auch eine Programmdauer\u00a0 von 1 Std. m\u00f6glich. Zur individuellen Zusammenstellung beraten wir Dich gerne.<\/p>\n\t<div class=\"fw-divider-space\" style=\"padding-top: 50px;\"><\/div>\n\t<\/div>\n<\/div>\n<div id=\"column-69dec524600e8\" class=\"fw-col-xs-12 fw-col-sm-4\" style=\" \">\n        <div class=\"fw-col-inner\" >\n\t\t<h3 style=\"text-align: center;\">Tickets<\/h3><p style=\"text-align: center;\">Grundpreis pro Gruppe 100.- \u20ac<br \/>(max. 20 Sch\u00fclerInnen)<br \/>Plus museum admission<\/p><p style=\"text-align: center;\">\t<\/div>\n<\/div><\/div>\n\n\t<\/div>\n<\/section><\/p>","protected":false},"excerpt":{"rendered":"<p>We offer our youngest visitors a combination of a guided tour through our exhibition \u00bbunderstandIng HUMANity\u00ab and a related thematic workshop.<\/p>","protected":false},"author":1,"featured_media":7914,"parent":0,"menu_order":0,"comment_status":"closed","ping_status":"closed","template":"","meta":{"footnotes":""},"class_list":["post-5939","page","type-page","status-publish","has-post-thumbnail","hentry"],"aioseo_notices":[],"_links":{"self":[{"href":"https:\/\/monrepos.leiza.de\/en\/wp-json\/wp\/v2\/pages\/5939","targetHints":{"allow":["GET"]}}],"collection":[{"href":"https:\/\/monrepos.leiza.de\/en\/wp-json\/wp\/v2\/pages"}],"about":[{"href":"https:\/\/monrepos.leiza.de\/en\/wp-json\/wp\/v2\/types\/page"}],"author":[{"embeddable":true,"href":"https:\/\/monrepos.leiza.de\/en\/wp-json\/wp\/v2\/users\/1"}],"replies":[{"embeddable":true,"href":"https:\/\/monrepos.leiza.de\/en\/wp-json\/wp\/v2\/comments?post=5939"}],"version-history":[{"count":56,"href":"https:\/\/monrepos.leiza.de\/en\/wp-json\/wp\/v2\/pages\/5939\/revisions"}],"predecessor-version":[{"id":10454,"href":"https:\/\/monrepos.leiza.de\/en\/wp-json\/wp\/v2\/pages\/5939\/revisions\/10454"}],"wp:featuredmedia":[{"embeddable":true,"href":"https:\/\/monrepos.leiza.de\/en\/wp-json\/wp\/v2\/media\/7914"}],"wp:attachment":[{"href":"https:\/\/monrepos.leiza.de\/en\/wp-json\/wp\/v2\/media?parent=5939"}],"curies":[{"name":"wp","href":"https:\/\/api.w.org\/{rel}","templated":true}]}}