{"id":5771,"date":"2018-05-03T14:55:24","date_gmt":"2018-05-03T14:55:24","guid":{"rendered":"https:\/\/monrepos.rgzm.de\/?page_id=5771"},"modified":"2025-05-23T06:28:52","modified_gmt":"2025-05-23T06:28:52","slug":"themenfuehrungen","status":"publish","type":"page","link":"https:\/\/monrepos.leiza.de\/en\/themenfuehrungen\/","title":{"rendered":"Themed Guided Tours"},"content":{"rendered":"<p>\n\n\n<section id=\"section_id-15771\" class=\"fw-main-row-custom fw-main-row-top fw-section-no-padding\" style=\" \" >\n\t<div class=\"fw-col-inner fw-container\" >\n\t\t<div class=\"fw-row\">\n\t\n<div id=\"column-69d4a78ff1d89\" class=\"fw-col-xs-12\" style=\" \">\n        <div class=\"fw-col-inner\" >\n\t\t<h4 style=\"text-align: center;\"><a href=\"#MonArchie\">MonArchie &amp; Co.<\/a> | <a href=\"#MonDieu\">MonDieu<\/a> | <a href=\"#MonGagement\">MonGagement<\/a> | <a href=\"#MonGenie\">MonGenie<\/a> | <a href=\"#MonOton\">MonOton?<\/a> | <a href=\"#MonRole\">MonR\u00f4le<\/a> | <a href=\"#MonSun\">MonSun<\/a> | <a href=\"#MonVital\">MonVital <\/a>| <a href=\"#MonVoyage\">MonVoyage<\/a>| <a href=\"#MonTratsch\">MonVerbal <\/a>| <a href=\"#MonCuisine\">MonCuisine<\/a>| <a href=\"#MonAmour\">MonAmour<\/a><\/h4><h4 style=\"text-align: center;\"><\/h4><h4 style=\"text-align: center;\"><\/h4><h4 style=\"text-align: center;\"><\/h4>\t<\/div>\n<\/div><\/div>\n\n<div class=\"fw-row\">\n\t\n<div id=\"column-69d4a78ff1e84\" class=\"fw-col-xs-12\" style=\" \">\n        <div class=\"fw-col-inner\" >\n\t\t\n\t<div class=\"fw-divider-space\" style=\"padding-top: 50px;\"><\/div>\n\t<\/div>\n<\/div><\/div>\n\n\t<\/div>\n<\/section>\n\n\n<section id=\"section_id-25771\" class=\"fw-main-row-custom fw-section-no-padding\" style=\" \" >\n\t<div class=\"fw-col-inner fw-container\" >\n\t\t<div class=\"fw-row\">\n\t\n<div id=\"column-69d4a78ff1fb7\" class=\"fw-col-xs-12\" style=\" \">\n        <div class=\"fw-col-inner\" >\n\t\t<div class=\"fw-row\"><div id=\"column-5b46343dac895\" class=\"fw-col-xs-12\"><div class=\"fw-col-inner\"><p style=\"text-align: center;\">On this page we have put together an overview of all our themed guided tours for you. The dates of the individual events can be found in our <a href=\"https:\/\/monrepos.leiza.de\/en\/kalender\/\">What's On<\/a> und im aktuellen Programm. Wir bitten um vorherige <a href=\"#Anmeldung\">Booking<\/a>for groups, all Guided Tours can also be booked by appointment.<\/p><\/div><\/div><\/div><div class=\"fw-row\"><div id=\"column-5b46343dacae6\" class=\"fw-col-xs-12\"><div class=\"fw-col-inner\"><div class=\"fw-divider-space\" style=\"text-align: center;\"><\/div><\/div><\/div><\/div>\t<\/div>\n<\/div><\/div>\n\n<div class=\"fw-row\">\n\t\n<div id=\"column-69d4a78ff2039\" class=\"fw-col-xs-12\" style=\" \">\n        <div class=\"fw-col-inner\" >\n\t\t\n\t<div class=\"fw-divider-space\" style=\"padding-top: 50px;\"><\/div>\n\t<\/div>\n<\/div><\/div>\n\n<div class=\"fw-row\">\n\t\n<div id=\"column-69d4a78ff20b3\" class=\"fw-col-xs-12\" style=\" \">\n        <div class=\"fw-col-inner\" >\n\t\t\t<div class=\"fw-divider-line\"><hr\/><\/div>\n\n\t<\/div>\n<\/div><\/div>\n\n<div class=\"fw-row\">\n\t\n<div id=\"column-69d4a78ff2127\" class=\"fw-col-xs-12\" style=\" \">\n        <div class=\"fw-col-inner\" >\n\t\t\n\t<div class=\"fw-divider-space\" style=\"padding-top: 50px;\"><\/div>\n\t<\/div>\n<\/div><\/div>\n\n\t<\/div>\n<\/section>\n\n\n<section id=\"section_id-35771\" class=\"fw-main-row-custom fw-section-no-padding\" style=\" \" >\n\t<div class=\"fw-col-inner fw-container\" >\n\t\t<div class=\"fw-row\">\n\t\n<div id=\"column-69d4a78ff225a\" class=\"fw-col-xs-12 fw-col-sm-4\" style=\" \">\n        <div class=\"fw-col-inner\" >\n\t\t\n\t<div class=\"fw-divider-space\" style=\"padding-top: 20px;\"><\/div>\n\n<div class=\"fw-category-image\" style=\"background-image: url(\/\/monrepos.leiza.de\/wp-content\/uploads\/2018\/04\/jo21h-4lyfu-pawel-furman-e1538493346503.jpg);\">\n\n\n    \n    \t<div class=\"fw-category-inner\">\n    \t\t<div class=\"fw-category-name\">\n    \t\t\t<h3>MonArchie & Co.<\/h3>\n    \t\t\t<span>The MONREPOS-guided tour about the emergence of power<\/span>\n    \t\t<\/div>\n    \t\t<div class=\"fw-category-text\">\n    \t\t\t<p><\/p>\n    \t\t<\/div>\n\n\n            \n\n    \t<\/div>\n\n    <\/div>\n\t<\/div>\n<\/div>\n<div id=\"column-69d4a78ff2316\" class=\"fw-col-xs-12 fw-col-sm-8\" style=\" \">\n        <div class=\"fw-col-inner\" >\n\t\t<div class=\"fw-heading\" >\n\t\t<h2 class='fw-special-title'><h2 id=\"MonArchie\">\u00bbHere comes trouble!\u00ab<\/h2> <\/h2>\t<\/div><p>Where does the human desire for possessions come from? Why would you like to be King or Queen? And why does your neighbour only ever sweep up to the edge of his own property?<br \/>In this interactive tour, you will experience firsthand where power comes from and how we need and use it.<\/p>\t<\/div>\n<\/div><\/div>\n\n<div class=\"fw-row\">\n\t\n<div id=\"column-69d4a78ff23e9\" class=\"fw-col-xs-12\" style=\" \">\n        <div class=\"fw-col-inner\" >\n\t\t\n\t<div class=\"fw-divider-space\" style=\"padding-top: 50px;\"><\/div>\n\t<\/div>\n<\/div><\/div>\n\n\t<\/div>\n<\/section>\n\n\n<section id=\"section_id-45771\" class=\"fw-main-row-custom fw-section-no-padding\" style=\" \" >\n\t<div class=\"fw-col-inner fw-container\" >\n\t\t<div class=\"fw-row\">\n\t\n<div id=\"column-69d4a78ff24b5\" class=\"fw-col-xs-12 fw-col-sm-4\" style=\" \">\n        <div class=\"fw-col-inner\" >\n\t\t\n\t<div class=\"fw-divider-space\" style=\"padding-top: 20px;\"><\/div>\n\n<div class=\"fw-category-image\" style=\"background-image: url(\/\/monrepos.leiza.de\/wp-content\/uploads\/2018\/04\/peter-hershey-112797-unsplash-e1524147061256.jpg);\">\n\n\n    \n    \t<div class=\"fw-category-inner\">\n    \t\t<div class=\"fw-category-name\">\n    \t\t\t<h3>MonDieu<\/h3>\n    \t\t\t<span>The MONREPOS-guided Tour about the creation of faith and homeland<\/span>\n    \t\t<\/div>\n    \t\t<div class=\"fw-category-text\">\n    \t\t\t<p><\/p>\n    \t\t<\/div>\n\n\n            \n\n    \t<\/div>\n\n    <\/div>\n\t<\/div>\n<\/div>\n<div id=\"column-69d4a78ff2525\" class=\"fw-col-xs-12 fw-col-sm-8\" style=\" \">\n        <div class=\"fw-col-inner\" >\n\t\t<div class=\"fw-heading\" >\n\t\t<h2 class='fw-special-title'><h2 id=\"MonDieu\">\u00bbSpeak of the Devil?\u00ab<\/h2> <\/h2>\t<\/div><p>Have you ever moved a mountain with your faith? Do you believe in the truth? Or do you only believe what you see? In this interactive tour you will find out how faith came into the world, what it explains and how it creates a home for us.<\/p>\t<\/div>\n<\/div><\/div>\n\n<div class=\"fw-row\">\n\t\n<div id=\"column-69d4a78ff25b2\" class=\"fw-col-xs-12\" style=\" \">\n        <div class=\"fw-col-inner\" >\n\t\t\n\t<div class=\"fw-divider-space\" style=\"padding-top: 50px;\"><\/div>\n\t<\/div>\n<\/div><\/div>\n\n\t<\/div>\n<\/section>\n\n\n<section id=\"section_id-55771\" class=\"fw-main-row-custom fw-section-no-padding\" style=\" \" >\n\t<div class=\"fw-col-inner fw-container\" >\n\t\t<div class=\"fw-row\">\n\t\n<div id=\"column-69d4a78ff2674\" class=\"fw-col-xs-12 fw-col-sm-4\" style=\" \">\n        <div class=\"fw-col-inner\" >\n\t\t\n\t<div class=\"fw-divider-space\" style=\"padding-top: 20px;\"><\/div>\n\n<div class=\"fw-category-image\" style=\"background-image: url(\/\/monrepos.leiza.de\/wp-content\/uploads\/2018\/06\/MonGagement_Bild-e1528362316178.jpg);\">\n\n\n    \n    \t<div class=\"fw-category-inner\">\n    \t\t<div class=\"fw-category-name\">\n    \t\t\t<h3>MonGagement<\/h3>\n    \t\t\t<span>The MONREPOS-Guided tour for managers<\/span>\n    \t\t<\/div>\n    \t\t<div class=\"fw-category-text\">\n    \t\t\t<p><\/p>\n    \t\t<\/div>\n\n\n            \n\n    \t<\/div>\n\n    <\/div>\n\t<\/div>\n<\/div>\n<div id=\"column-69d4a78ff26e2\" class=\"fw-col-xs-12 fw-col-sm-8\" style=\" \">\n        <div class=\"fw-col-inner\" >\n\t\t<div class=\"fw-heading\" >\n\t\t<h2 class='fw-special-title'><h2 id=\"MonGagement\">\u00bbHow do I motivate my employees?\u00ab<\/h2><\/h2>\t<\/div><p>How do I deal with good ideas or changing external conditions? And what were my ancestors\u2019 recipes for success?<br \/>This guided tour is aimed specifically at executives of companies and institutions. Learn from the management achievements of your ancestors!<\/p>\t<\/div>\n<\/div><\/div>\n\n<div class=\"fw-row\">\n\t\n<div id=\"column-69d4a78ff277c\" class=\"fw-col-xs-12\" style=\" \">\n        <div class=\"fw-col-inner\" >\n\t\t\n\t<div class=\"fw-divider-space\" style=\"padding-top: 50px;\"><\/div>\n\t<\/div>\n<\/div><\/div>\n\n\t<\/div>\n<\/section>\n\n\n<section id=\"section_id-65771\" class=\"fw-main-row-custom fw-section-no-padding\" style=\" \" >\n\t<div class=\"fw-col-inner fw-container\" >\n\t\t<div class=\"fw-row\">\n\t\n<div id=\"column-69d4a78ff2842\" class=\"fw-col-xs-12 fw-col-sm-4\" style=\" \">\n        <div class=\"fw-col-inner\" >\n\t\t\n\t<div class=\"fw-divider-space\" style=\"padding-top: 20px;\"><\/div>\n\n<div class=\"fw-category-image\" style=\"background-image: url(\/\/monrepos.leiza.de\/wp-content\/uploads\/2018\/08\/jjfreew6a84-seth-doyle-e1535702476302.jpg);\">\n\n\n    \n    \t<div class=\"fw-category-inner\">\n    \t\t<div class=\"fw-category-name\">\n    \t\t\t<h3>MonGenie<\/h3>\n    \t\t\t<span>The MONREPOS-Guided Tour about the conquest of the world<\/span>\n    \t\t<\/div>\n    \t\t<div class=\"fw-category-text\">\n    \t\t\t<p><\/p>\n    \t\t<\/div>\n\n\n            \n\n    \t<\/div>\n\n    <\/div>\n\t<\/div>\n<\/div>\n<div id=\"column-69d4a78ff28ae\" class=\"fw-col-xs-12 fw-col-sm-8\" style=\" \">\n        <div class=\"fw-col-inner\" >\n\t\t<div class=\"fw-heading\" >\n\t\t<h2 class='fw-special-title'><h2 id=\"MonGenie\">\u00bb\u2026heard it through the grapevine\u00ab<\/h2> <\/h2>\t<\/div><p>Why do we humans have ideas? Invent things? And stay focused until they work?<br \/>With this interactive tour, you become a problem solver yourself and learn how we were able to conquer the world by means of innovation.<\/p>\t<\/div>\n<\/div><\/div>\n\n<div class=\"fw-row\">\n\t\n<div id=\"column-69d4a78ff2939\" class=\"fw-col-xs-12\" style=\" \">\n        <div class=\"fw-col-inner\" >\n\t\t\n\t<div class=\"fw-divider-space\" style=\"padding-top: 50px;\"><\/div>\n\t<\/div>\n<\/div><\/div>\n\n\t<\/div>\n<\/section>\n\n\n<section id=\"section_id-75771\" class=\"fw-main-row-custom fw-section-no-padding\" style=\" \" >\n\t<div class=\"fw-col-inner fw-container\" >\n\t\t<div class=\"fw-row\">\n\t\n<div id=\"column-69d4a78ff2a07\" class=\"fw-col-xs-12 fw-col-sm-4\" style=\" \">\n        <div class=\"fw-col-inner\" >\n\t\t\n\t<div class=\"fw-divider-space\" style=\"padding-top: 20px;\"><\/div>\n\n<div class=\"fw-category-image\" style=\"background-image: url(\/\/monrepos.leiza.de\/wp-content\/uploads\/2018\/06\/MonOton_Bild-e1528362322946.jpg);\">\n\n\n    \n    \t<div class=\"fw-category-inner\">\n    \t\t<div class=\"fw-category-name\">\n    \t\t\t<h3>MonOton?<\/h3>\n    \t\t\t<span>The MONREPOS-Guided tour about rituals and their origins<\/span>\n    \t\t<\/div>\n    \t\t<div class=\"fw-category-text\">\n    \t\t\t<p><\/p>\n    \t\t<\/div>\n\n\n            \n\n    \t<\/div>\n\n    <\/div>\n\t<\/div>\n<\/div>\n<div id=\"column-69d4a78ff2a74\" class=\"fw-col-xs-12 fw-col-sm-8\" style=\" \">\n        <div class=\"fw-col-inner\" >\n\t\t<div class=\"fw-heading\" >\n\t\t<h2 class='fw-special-title'><h2 id=\"MonOton\">\u00bb\u2026same old, same old...\u00ab<\/h2><\/h2>\t<\/div><p>Why do we shake hands? Why is there the same food every Christmas? And why do we think that's good?\nIn this interactive tour you will experience how we use rituals to structure our lives and our environment \u2014 and why \u00bbmonotonous\u00ab isn't as boring as it sounds.<\/p>\t<\/div>\n<\/div><\/div>\n\n<div class=\"fw-row\">\n\t\n<div id=\"column-69d4a78ff2b07\" class=\"fw-col-xs-12\" style=\" \">\n        <div class=\"fw-col-inner\" >\n\t\t\n\t<div class=\"fw-divider-space\" style=\"padding-top: 50px;\"><\/div>\n\t<\/div>\n<\/div><\/div>\n\n\t<\/div>\n<\/section>\n\n\n<section id=\"section_id-85771\" class=\"fw-main-row-custom fw-section-no-padding\" style=\" \" >\n\t<div class=\"fw-col-inner fw-container\" >\n\t\t<div class=\"fw-row\">\n\t\n<div id=\"column-69d4a78ff2bc8\" class=\"fw-col-xs-12 fw-col-sm-4\" style=\" \">\n        <div class=\"fw-col-inner\" >\n\t\t\n\t<div class=\"fw-divider-space\" style=\"padding-top: 20px;\"><\/div>\n\n<div class=\"fw-category-image\" style=\"background-image: url(\/\/monrepos.leiza.de\/wp-content\/uploads\/2018\/06\/MonRole_Bild-e1528362329427.jpg);\">\n\n\n    \n    \t<div class=\"fw-category-inner\">\n    \t\t<div class=\"fw-category-name\">\n    \t\t\t<h3>MonR\u00f4le<\/h3>\n    \t\t\t<span>The MONREPOS-guided tour about women in the Old Stone Age<\/span>\n    \t\t<\/div>\n    \t\t<div class=\"fw-category-text\">\n    \t\t\t<p><\/p>\n    \t\t<\/div>\n\n\n            \n\n    \t<\/div>\n\n    <\/div>\n\t<\/div>\n<\/div>\n<div id=\"column-69d4a78ff2c34\" class=\"fw-col-xs-12 fw-col-sm-8\" style=\" \">\n        <div class=\"fw-col-inner\" >\n\t\t<div class=\"fw-heading\" >\n\t\t<h2 class='fw-special-title'><h2 id=\"MonRole\">\u00bbWho wears the trousers?\u00ab<\/h2><\/h2>\t<\/div><p>Why do women have so little desire to be the boss? Why do they talk more but brag less? And are there really signs in our past that they are the \u00bbweaker sex\u00ab? During this interactive tour we examine these and many other questions. Woman in the Palaeolithic - what are the myths, what the clich\u00e9s, what are facts and what is fiction?<\/p>\t<\/div>\n<\/div><\/div>\n\n<div class=\"fw-row\">\n\t\n<div id=\"column-69d4a78ff2cbf\" class=\"fw-col-xs-12\" style=\" \">\n        <div class=\"fw-col-inner\" >\n\t\t\n\t<div class=\"fw-divider-space\" style=\"padding-top: 50px;\"><\/div>\n\t<\/div>\n<\/div><\/div>\n\n\t<\/div>\n<\/section>\n\n\n<section id=\"section_id-95771\" class=\"fw-main-row-custom fw-section-no-padding\" style=\" \" >\n\t<div class=\"fw-col-inner fw-container\" >\n\t\t<div class=\"fw-row\">\n\t\n<div id=\"column-69d4a78ff2d7e\" class=\"fw-col-xs-12 fw-col-sm-4\" style=\" \">\n        <div class=\"fw-col-inner\" >\n\t\t\n\t<div class=\"fw-divider-space\" style=\"padding-top: 20px;\"><\/div>\n\n<div class=\"fw-category-image\" style=\"background-image: url(\/\/monrepos.leiza.de\/wp-content\/uploads\/2018\/10\/vital-sinkevich-473880-unsplash-e1538661725688.jpg);\">\n\n\n    \n    \t<div class=\"fw-category-inner\">\n    \t\t<div class=\"fw-category-name\">\n    \t\t\t<h3>MonSun<\/h3>\n    \t\t\t<span>The MONREPOS-guided tour about climate through the Ages<\/span>\n    \t\t<\/div>\n    \t\t<div class=\"fw-category-text\">\n    \t\t\t<p><\/p>\n    \t\t<\/div>\n\n\n            \n\n    \t<\/div>\n\n    <\/div>\n\t<\/div>\n<\/div>\n<div id=\"column-69d4a78ff2de8\" class=\"fw-col-xs-12 fw-col-sm-8\" style=\" \">\n        <div class=\"fw-col-inner\" >\n\t\t<div class=\"fw-heading\" >\n\t\t<h2 class='fw-special-title'><h2 id=\"MonSun\">\u00bbHas the forest always been there?\u00ab<\/h2><\/h2>\t<\/div><p>Why did we humans settle down?<br \/>Have I always been such a top dog? And what does all this have to do with climate change?<br \/>You will find out more about these questions and the methods that archaeologists use to answer them in our guided tour.<\/p>\t<\/div>\n<\/div><\/div>\n\n<div class=\"fw-row\">\n\t\n<div id=\"column-69d4a78ff2e71\" class=\"fw-col-xs-12\" style=\" \">\n        <div class=\"fw-col-inner\" >\n\t\t\n\t<div class=\"fw-divider-space\" style=\"padding-top: 50px;\"><\/div>\n\t<\/div>\n<\/div><\/div>\n\n\t<\/div>\n<\/section>\n\n\n<section id=\"section_id-105771\" class=\"fw-main-row-custom fw-section-no-padding\" style=\" \" >\n\t<div class=\"fw-col-inner fw-container\" >\n\t\t<div class=\"fw-row\">\n\t\n<div id=\"column-69d4a78ff2f36\" class=\"fw-col-xs-12 fw-col-sm-4\" style=\" \">\n        <div class=\"fw-col-inner\" >\n\t\t\n\t<div class=\"fw-divider-space\" style=\"padding-top: 20px;\"><\/div>\n\n<div class=\"fw-category-image\" style=\"background-image: url(\/\/monrepos.leiza.de\/wp-content\/uploads\/2018\/06\/christin-hume-505815-unsplash-e1528364300898.jpg);\">\n\n\n    \n    \t<div class=\"fw-category-inner\">\n    \t\t<div class=\"fw-category-name\">\n    \t\t\t<h3>MonVital<\/h3>\n    \t\t\t<span>The MONREPOS-guided tour about genetic predisposition<\/span>\n    \t\t<\/div>\n    \t\t<div class=\"fw-category-text\">\n    \t\t\t<p><\/p>\n    \t\t<\/div>\n\n\n            \n\n    \t<\/div>\n\n    <\/div>\n\t<\/div>\n<\/div>\n<div id=\"column-69d4a78ff2fa2\" class=\"fw-col-xs-12 fw-col-sm-8\" style=\" \">\n        <div class=\"fw-col-inner\" >\n\t\t<div class=\"fw-heading\" >\n\t\t<h2 class='fw-special-title'><h2 id=\"MonVital\">\u00bbEverything about Neanderthal genes and our own health\u00ab<\/h2><\/h2>\t<\/div><p>Why do some people have hay fever, while others don\u2019t? Why did Neanderthals have an increased risk of heart attack? And who really discovered penicillin?<br \/>During this interactive tour you will experience - between several fitness exercises - how much your genetic heritage of the last 300,000 years still influences your health today.<\/p>\t<\/div>\n<\/div><\/div>\n\n<div class=\"fw-row\">\n\t\n<div id=\"column-69d4a78ff302e\" class=\"fw-col-xs-12\" style=\" \">\n        <div class=\"fw-col-inner\" >\n\t\t\n\t<div class=\"fw-divider-space\" style=\"padding-top: 50px;\"><\/div>\n\t<\/div>\n<\/div><\/div>\n\n\t<\/div>\n<\/section>\n\n\n<section id=\"section_id-115771\" class=\"fw-main-row-custom fw-section-no-padding\" style=\" \" >\n\t<div class=\"fw-col-inner fw-container\" >\n\t\t<div class=\"fw-row\">\n\t\n<div id=\"column-69d4a78ff30ed\" class=\"fw-col-xs-12 fw-col-sm-4\" style=\" \">\n        <div class=\"fw-col-inner\" >\n\t\t\n\t<div class=\"fw-divider-space\" style=\"padding-top: 20px;\"><\/div>\n\n<div class=\"fw-category-image\" style=\"background-image: url(\/\/monrepos.leiza.de\/wp-content\/uploads\/2018\/10\/asa-rodger-144252-e1538667215172.jpg);\">\n\n\n    \n    \t<div class=\"fw-category-inner\">\n    \t\t<div class=\"fw-category-name\">\n    \t\t\t<h3>MonVoyage<\/h3>\n    \t\t\t<span>The MONREPOS- Guided  Tour on the origins of home and wanderlust<\/span>\n    \t\t<\/div>\n    \t\t<div class=\"fw-category-text\">\n    \t\t\t<p><\/p>\n    \t\t<\/div>\n\n\n            \n\n    \t<\/div>\n\n    <\/div>\n\t<\/div>\n<\/div>\n<div id=\"column-69d4a78ff3157\" class=\"fw-col-xs-12 fw-col-sm-8\" style=\" \">\n        <div class=\"fw-col-inner\" >\n\t\t<div class=\"fw-heading\" >\n\t\t<h2 class='fw-special-title'><h2 id=\"MonVoyage\">\u00bbIs earth a disc maybe?\u00ab<\/h2><\/h2>\t<\/div><p class=\"translation-block\">Why do we feel at home here and a stranger there? And why are we always drawn to faraway places?\nOur sense of home and our wanderlust have their roots deep in the past.\nYou can find out and experience where all this comes from in our interactive themed tour \u2018MonVoyage\u2019.<\/p>\t<\/div>\n<\/div><\/div>\n\n<div class=\"fw-row\">\n\t\n<div id=\"column-69d4a78ff31e0\" class=\"fw-col-xs-12\" style=\" \">\n        <div class=\"fw-col-inner\" >\n\t\t\n\t<div class=\"fw-divider-space\" style=\"padding-top: 50px;\"><\/div>\n\t<\/div>\n<\/div><\/div>\n\n\t<\/div>\n<\/section>\n\n\n<section id=\"section_id-125771\" class=\"fw-main-row-custom fw-section-no-padding\" style=\" \" >\n\t<div class=\"fw-col-inner fw-container\" >\n\t\t<div class=\"fw-row\">\n\t\n<div id=\"column-69d4a78ff32a3\" class=\"fw-col-xs-12 fw-col-sm-4\" style=\" \">\n        <div class=\"fw-col-inner\" >\n\t\t\n\t<div class=\"fw-divider-space\" style=\"padding-top: 20px;\"><\/div>\n\n<div class=\"fw-category-image\" style=\"background-image: url(\/\/monrepos.leiza.de\/wp-content\/uploads\/2018\/05\/mike-erskine-144525-unsplash-e1538668566748.jpg);\">\n\n\n    \n    \t<div class=\"fw-category-inner\">\n    \t\t<div class=\"fw-category-name\">\n    \t\t\t<h3>MonVerbal<\/h3>\n    \t\t\t<span>The MONREPOS-Guided Tour about human communication<\/span>\n    \t\t<\/div>\n    \t\t<div class=\"fw-category-text\">\n    \t\t\t<p><\/p>\n    \t\t<\/div>\n\n\n            \n\n    \t<\/div>\n\n    <\/div>\n\t<\/div>\n<\/div>\n<div id=\"column-69d4a78ff3325\" class=\"fw-col-xs-12 fw-col-sm-8\" style=\" \">\n        <div class=\"fw-col-inner\" >\n\t\t<div class=\"fw-heading\" >\n\t\t<h2 class='fw-special-title'><h2 id=\"MonVerbal\">\u00bbHave you heard?\u00ab<\/h2><\/h2>\t<\/div><p class=\"translation-block\">Who spoke the first word and why? When did language become an indispensable instrument of human communication? And when did we start using symbols to pass on information in writing?\nWe humans are true masters of communication. In the interactive guided tour \u2018MonTratsch\u2019 you will learn more about our communicative roots and our language skills based on archaeological finds.<\/p>\t<\/div>\n<\/div><\/div>\n\n<div class=\"fw-row\">\n\t\n<div id=\"column-69d4a78ff33b7\" class=\"fw-col-xs-12\" style=\" \">\n        <div class=\"fw-col-inner\" >\n\t\t\n\t<div class=\"fw-divider-space\" style=\"padding-top: 50px;\"><\/div>\n\t<\/div>\n<\/div><\/div>\n\n\t<\/div>\n<\/section>\n\n\n<section id=\"section_id-135771\" class=\"fw-main-row-custom fw-section-no-padding\" style=\" \" >\n\t<div class=\"fw-col-inner fw-container\" >\n\t\t<div class=\"fw-row\">\n\t\n<div id=\"column-69d4a78ff347a\" class=\"fw-col-xs-12 fw-col-sm-4\" style=\" \">\n        <div class=\"fw-col-inner\" >\n\t\t\n\t<div class=\"fw-divider-space\" style=\"padding-top: 20px;\"><\/div>\n\n<div class=\"fw-category-image\" style=\"background-image: url(\/\/monrepos.leiza.de\/wp-content\/uploads\/2018\/05\/hxahghbkemq-dan-gold-e1526304825578.jpg);\">\n\n\n    \n    \t<div class=\"fw-category-inner\">\n    \t\t<div class=\"fw-category-name\">\n    \t\t\t<h3>MonCuisine<\/h3>\n    \t\t\t<span>Die MONREPOS-Themenf\u00fchrung zur Ern\u00e4hrung unserer Vorfahren<\/span>\n    \t\t<\/div>\n    \t\t<div class=\"fw-category-text\">\n    \t\t\t<p><\/p>\n    \t\t<\/div>\n\n\n            \n\n    \t<\/div>\n\n    <\/div>\n\t<\/div>\n<\/div>\n<div id=\"column-69d4a78ff34e7\" class=\"fw-col-xs-12 fw-col-sm-8\" style=\" \">\n        <div class=\"fw-col-inner\" >\n\t\t<div class=\"fw-heading\" >\n\t\t<h2 class='fw-special-title'><h2 id=\"MonCuisine\">\u00bbAlles zum Speiseplan unserer Vorfahren\u00ab<\/h2><\/h2>\t<\/div><p>Mit welcher Ern\u00e4hrung ist der Mensch 3 Millionen Jahre alt geworden? Und k\u00f6nnen wir uns davon heute noch eine Scheibe abschneiden? Diesen und anderen Fragen f\u00fchlen wir bei unserer Themenf\u00fchrung \"MonCuisine\" auf den Zahn.<\/p>\t<\/div>\n<\/div><\/div>\n\n<div class=\"fw-row\">\n\t\n<div id=\"column-69d4a78ff3574\" class=\"fw-col-xs-12\" style=\" \">\n        <div class=\"fw-col-inner\" >\n\t\t\n\t<div class=\"fw-divider-space\" style=\"padding-top: 50px;\"><\/div>\n\t<\/div>\n<\/div><\/div>\n\n\t<\/div>\n<\/section>\n\n\n<section id=\"section_id-145771\" class=\"fw-main-row-custom fw-section-no-padding\" style=\" \" >\n\t<div class=\"fw-col-inner fw-container\" >\n\t\t<div class=\"fw-row\">\n\t\n<div id=\"column-69d4a78ff3635\" class=\"fw-col-xs-12 fw-col-sm-4\" style=\" \">\n        <div class=\"fw-col-inner\" >\n\t\t\n\t<div class=\"fw-divider-space\" style=\"padding-top: 20px;\"><\/div>\n\n<div class=\"fw-category-image\" style=\"background-image: url(\/\/monrepos.leiza.de\/wp-content\/uploads\/2024\/08\/MonAmour.jpg);\">\n\n\n    \n    \t<div class=\"fw-category-inner\">\n    \t\t<div class=\"fw-category-name\">\n    \t\t\t<h3>MonAmour<\/h3>\n    \t\t\t<span>Die MONREPO-Themenf\u00fchrung zum Thema Liebe<\/span>\n    \t\t<\/div>\n    \t\t<div class=\"fw-category-text\">\n    \t\t\t<p><\/p>\n    \t\t<\/div>\n\n\n            \n\n    \t<\/div>\n\n    <\/div>\n\t<\/div>\n<\/div>\n<div id=\"column-69d4a78ff36a7\" class=\"fw-col-xs-12 fw-col-sm-8\" style=\" \">\n        <div class=\"fw-col-inner\" >\n\t\t<div class=\"fw-heading\" >\n\t\t<h2 class='fw-special-title'><h2 id=\"MonAmour\">\u00bbSchatz, was gibt`s heute zu essen?\u00ab<\/h2><\/h2>\t<\/div><p>Die Paarbeziehung ist ein vergleichsweise junges Ph\u00e4nomen in der Menschheitsgeschichte. Wie das Modell entstand, inwiefern es sinnvoll ist und weshalb es an manchen Stellen ganz sch\u00f6n knifflig werden kann, erf\u00e4hrst Du in unserer Themenf\u00fchrung \"MonAmour\".<\/p>\t<\/div>\n<\/div><\/div>\n\n<div class=\"fw-row\">\n\t\n<div id=\"column-69d4a78ff3736\" class=\"fw-col-xs-12\" style=\" \">\n        <div class=\"fw-col-inner\" >\n\t\t\n\t<div class=\"fw-divider-space\" style=\"padding-top: 50px;\"><\/div>\n\t<\/div>\n<\/div><\/div>\n\n\t<\/div>\n<\/section>\n\n\n<section id=\"section_id-155771\" class=\"fw-main-row-custom fw-section-no-padding\" style=\" \" >\n\t<div class=\"fw-col-inner fw-container\" >\n\t\t<div class=\"fw-row\">\n\t\n<div id=\"column-69d4a78ff384f\" class=\"fw-col-xs-12 fw-col-sm-4\" style=\" \">\n        <div class=\"fw-col-inner\" >\n\t\t<div class=\"fw-iconbox-aside\"><div class=\"fw-iconbox-title\"><h3 style=\"text-align: center;\">The Themed Guided Tours ...<\/h3><\/div><div class=\"fw-iconbox-text\"><p style=\"text-align: center;\">... take place on specific dates, which you can find in our current program. If you are interested, it is also possible to book outside the specified times. Dates for groups by appointment (maximum 20 people).<\/p><\/div><\/div>\t<\/div>\n<\/div>\n<div id=\"column-69d4a78ff389f\" class=\"fw-col-xs-12 fw-col-sm-4\" style=\" \">\n        <div class=\"fw-col-inner\" >\n\t\t<h3 style=\"text-align: center;\">Duration<\/h3><p style=\"text-align: center;\">60 minutes<\/p><h3 id=\"Anmeldung\" style=\"text-align: center;\">Booking<\/h3><p style=\"text-align: center;\">Please book by sending us an E-Mail to <a href=\"mailto:monrepos@rgzm.de\">monrepos@leiza.de<\/a> or call us at +49 2631 97 72-0<\/p>\t<\/div>\n<\/div>\n<div id=\"column-69d4a78ff38fe\" class=\"fw-col-xs-12 fw-col-sm-4\" style=\" \">\n        <div class=\"fw-col-inner\" >\n\t\t<h3 style=\"text-align: center;\">Tickets<\/h3><p style=\"text-align: center;\">Prices per person: 3.- \u20ac<br \/>Group price (maximum 20 persons): 54.- \u20ac<br \/>Plus museum admission<\/p>\t<\/div>\n<\/div><\/div>\n\n\t<\/div>\n<\/section><\/p>","protected":false},"excerpt":{"rendered":"<p>If you want to know why we believe in the supernatural, why we humans have ideas and invent things or where our desire for possessions comes from, our themed tours are just the thing for you.<\/p>","protected":false},"author":1,"featured_media":6717,"parent":0,"menu_order":0,"comment_status":"closed","ping_status":"closed","template":"","meta":{"footnotes":""},"class_list":["post-5771","page","type-page","status-publish","has-post-thumbnail","hentry"],"aioseo_notices":[],"_links":{"self":[{"href":"https:\/\/monrepos.leiza.de\/en\/wp-json\/wp\/v2\/pages\/5771","targetHints":{"allow":["GET"]}}],"collection":[{"href":"https:\/\/monrepos.leiza.de\/en\/wp-json\/wp\/v2\/pages"}],"about":[{"href":"https:\/\/monrepos.leiza.de\/en\/wp-json\/wp\/v2\/types\/page"}],"author":[{"embeddable":true,"href":"https:\/\/monrepos.leiza.de\/en\/wp-json\/wp\/v2\/users\/1"}],"replies":[{"embeddable":true,"href":"https:\/\/monrepos.leiza.de\/en\/wp-json\/wp\/v2\/comments?post=5771"}],"version-history":[{"count":136,"href":"https:\/\/monrepos.leiza.de\/en\/wp-json\/wp\/v2\/pages\/5771\/revisions"}],"predecessor-version":[{"id":10269,"href":"https:\/\/monrepos.leiza.de\/en\/wp-json\/wp\/v2\/pages\/5771\/revisions\/10269"}],"wp:featuredmedia":[{"embeddable":true,"href":"https:\/\/monrepos.leiza.de\/en\/wp-json\/wp\/v2\/media\/6717"}],"wp:attachment":[{"href":"https:\/\/monrepos.leiza.de\/en\/wp-json\/wp\/v2\/media?parent=5771"}],"curies":[{"name":"wp","href":"https:\/\/api.w.org\/{rel}","templated":true}]}}