{"id":5607,"date":"2018-04-19T07:56:16","date_gmt":"2018-04-19T07:56:16","guid":{"rendered":"https:\/\/monrepos.rgzm.de\/?page_id=5607"},"modified":"2025-11-18T14:20:01","modified_gmt":"2025-11-18T14:20:01","slug":"universitaere-lehre","status":"publish","type":"page","link":"https:\/\/monrepos.leiza.de\/en\/universitaere-lehre\/","title":{"rendered":"University Teaching"},"content":{"rendered":"<p>\n\n\n<section id=\"section_id-15607\" class=\"fw-main-row-custom fw-main-row-top fw-section-no-padding\" style=\" \" >\n\t<div class=\"fw-col-inner fw-container\" >\n\t\t<div class=\"fw-row\">\n\t\n<div id=\"column-69d4d8a67cfe4\" class=\"fw-col-xs-12\" style=\" \">\n        <div class=\"fw-col-inner\" >\n\t\t<h4 style=\"text-align: center;\"><a href=\"#Kurse\">Lectures<\/a> | <a href=\"#Praktika\">Internships<\/a> | <a href=\"#Stipendien\">Scholarships<\/a><\/h4>\t<\/div>\n<\/div><\/div>\n\n<div class=\"fw-row\">\n\t\n<div id=\"column-69d4d8a67d087\" class=\"fw-col-xs-12\" style=\" \">\n        <div class=\"fw-col-inner\" >\n\t\t\n\t<div class=\"fw-divider-space\" style=\"padding-top: 50px;\"><\/div>\n\t<\/div>\n<\/div><\/div>\n\n\t<\/div>\n<\/section>\n\n\n<section id=\"section_id-25607\" class=\"fw-main-row-custom fw-section-no-padding\" style=\" \" >\n\t<div class=\"fw-col-inner fw-container\" >\n\t\t<div class=\"fw-row\">\n\t\n<div id=\"column-69d4d8a67d1e4\" class=\"fw-col-xs-12\" style=\" \">\n        <div class=\"fw-col-inner\" >\n\t\t<div class=\"fw-heading fw-heading-center\" >\n\t\t<h2 class='fw-special-title'><h1>EXCELLENCE IN RESEARCH AND TEACHING ARE RECIPROCAL<\/h1><\/h2>\t<\/div><p style=\"text-align: center;\">MONREPOS ist Ausbildungsstandort der Johannes Gutenberg-Universit\u00e4t Mainz. Sabine Gaudzinski-Windheuser, Leiterin von MONREPOS, ist dort Professorin am Institut f\u00fcr Altertumswissenschaften, Arbeitsbereich Vor- und Fr\u00fchgeschichtliche Arch\u00e4ologie. Zusammen mit MONREPOS wird die Arch\u00e4ologie der Menschwerdung im dreiteiligen Modul \u201ePleistoz\u00e4ne Arch\u00e4ologie\u201c gelehrt. Die aktuellen Lehrveranstaltungen f\u00fcr Bachelor- und Masterstudieng\u00e4nge sowie den neuen Studiengang ALPHA findest Du hier.<\/p>\n<div class=\"wpz-btn-center\">\n    <a href=\"https:\/\/jogustine.uni-mainz.de\/scripts\/mgrqispi.dll?APPNAME=CampusNet&amp;PRGNAME=EXTERNALPAGES&amp;ARGUMENTS=-N000000000000001,-N000847,-A00%5Fvorlesungen\" target=\"_self\" class=\"wpz-btn wpz-btn-1 wpz-btn-white\">\n    \t<span>Lectures<\/span>\n    <\/a>\n<\/div>\n\t<\/div>\n<\/div><\/div>\n\n<div class=\"fw-row\">\n\t\n<div id=\"column-69d4d8a67d315\" class=\"fw-col-xs-12\" style=\" \">\n        <div class=\"fw-col-inner\" >\n\t\t\n\t<div class=\"fw-divider-space\" style=\"padding-top: 50px;\"><\/div>\n\t<div class=\"fw-divider-line\"><hr\/><\/div>\n\n\n\t<div class=\"fw-divider-space\" style=\"padding-top: 50px;\"><\/div>\n\t<\/div>\n<\/div><\/div>\n\n\t<\/div>\n<\/section>\n\n\n<section id=\"section_id-35607\" class=\"fw-main-row-custom fw-section-no-padding\" style=\" \" >\n\t<div class=\"fw-col-inner fw-container\" >\n\t\t<div class=\"fw-row\">\n\t\n<div id=\"column-69d4d8a67d477\" class=\"fw-col-xs-12 fw-col-sm-6\" style=\" \">\n        <div class=\"fw-col-inner\" >\n\t\t<div class=\"fw-heading fw-heading-center\" >\n\t\t<h2 class='fw-special-title'><h2>Internships<\/h2><\/h2>\t<\/div><p style=\"text-align: center;\">For your credentials in the context of university education, we offer you internships in the museum, on excavations and in the laboratory. On request, you can stay in one of our collegiate rooms during your stay in MONREPOS. Everything you need to know has been summarized here.<\/p>\n<div class=\"wpz-btn-center\">\n    <a href=\"https:\/\/monrepos.leiza.de\/en\/praktika\/\" target=\"_self\" class=\"wpz-btn wpz-btn-1 wpz-btn-white\">\n    \t<span>Further information<\/span>\n    <\/a>\n<\/div>\n\n\t<div class=\"fw-divider-space\" style=\"padding-top: 50px;\"><\/div>\n\t<\/div>\n<\/div>\n<div id=\"column-69d4d8a67d560\" class=\"fw-col-xs-12 fw-col-sm-6\" style=\" \">\n        <div class=\"fw-col-inner\" >\n\t\t<div class=\"fw-heading fw-heading-center\" >\n\t\t<h2 class='fw-special-title'><h2>Postdoctoral Scholarships<\/h2><\/h2>\t<\/div><p style=\"text-align: center;\">Innovative concepts for projects by young researchers after obtaining their doctorate are regularly supported by the R\u00f6misch-Germanisches Zentralmuseum with the award of Postdoctoral Scholarships.<\/p>\n<div class=\"wpz-btn-center\">\n    <a href=\"https:\/\/www.leibniz-gemeinschaft.de\/en\/careers\/careers-in-research\/postdocs-at-leibniz.html\" target=\"_self\" class=\"wpz-btn wpz-btn-1 wpz-btn-white\">\n    \t<span>Further reading<\/span>\n    <\/a>\n<\/div>\n\t<\/div>\n<\/div><\/div>\n\n<div class=\"fw-row\">\n\t\n<div id=\"column-69d4d8a67d617\" class=\"fw-col-xs-12\" style=\" \">\n        <div class=\"fw-col-inner\" >\n\t\t\n\t<div class=\"fw-divider-space\" style=\"padding-top: 50px;\"><\/div>\n\t<\/div>\n<\/div><\/div>\n\n<div class=\"fw-row\">\n\t\n<div id=\"column-69d4d8a67d692\" class=\"fw-col-xs-12\" style=\" \">\n        <div class=\"fw-col-inner\" >\n\t\t\t<div class=\"fw-divider-line\"><hr\/><\/div>\n\n\t<\/div>\n<\/div><\/div>\n\n<div class=\"fw-row\">\n\t\n<div id=\"column-69d4d8a67d729\" class=\"fw-col-xs-12\" style=\" \">\n        <div class=\"fw-col-inner\" >\n\t\t\n\t<div class=\"fw-divider-space\" style=\"padding-top: 50px;\"><\/div>\n\t<\/div>\n<\/div><\/div>\n\n\t<\/div>\n<\/section>\n\n\n<section id=\"section_id-45607\" class=\"fw-main-row fw-section-no-padding\" style=\" \" >\n\t<div class=\"fw-col-inner fw-container\" >\n\t\t<div class=\"fw-row\">\n\t\n<div id=\"column-69d4d8a67d83c\" class=\"fw-col-xs-12\" style=\" \">\n        <div class=\"fw-col-inner\" >\n\t\t<div class=\"fw-heading fw-heading-center\" >\n\t\t<h2 class='fw-special-title'><h2>Doctoral scholarship<\/h2><\/h2>\t<\/div><div class=\"ce_text grid_4 block\"><p style=\"text-align: center;\">The Prinz Maximilian zu Wied Foundation, in cooperation with the Leibniz-Zentrum f\u00fcr Arch\u00e4ologie (www.leiza.de), invites application for the Prinz Maximilian zu Wied Scholarship to the value of \u20ac 1,200 per month. The scholarship is for the support of doctoral research into any aspect of Palaeolithic archaeology and will be awarded initially for one year and can be prolonged to a total of three years subject to mutual agreement at the end of the first year.<\/p><p style=\"text-align: center;\">Award of the scholarship is conditional upon the presentation of a completed M.A.\/Master qualification and also includes bench space at the MONREPOS ArchaeologicalResearch Centre and Museum for Human Behavioural Evolution, Schloss Monrepos, Neuwied, Germany and accommodation in the integrated institute guest house.<\/p><p style=\"text-align: center;\">Please submit your application via email<br \/><span style=\"font-size: 16px;\"><strong>(bewerbung.monrepos@leiza.de)<\/strong><br \/><\/span>in one PDF of less than 10 MB, including:<br \/>\u2022 a motivational letter with a short statement of your research interests<br \/>\u2022 a summary of your intended PhD project<br \/>\u2022 your curriculum vitae and<br \/>\u2022 the names of three evaluators<br \/>to\u00a0Heidrun Graef, MONREPOS Archaeological Research Centre and Museum for<br \/>Human Behavioural Evolution, Schloss Monrepos, 56567 Neuwied.<\/p><p><span style=\"font-size: 16px;\"><strong>The scholarship is not expected to be awarded again until 2029.<\/strong><br \/><\/span><\/p><p>&nbsp;<\/p><\/div>\n<div class=\"wpz-btn-center\">\n    <a href=\"https:\/\/monrepos.leiza.de\/wp-content\/uploads\/2025\/10\/PMzW-Scholarship26.pdf\" target=\"_self\" class=\"wpz-btn wpz-btn-1 wpz-btn-white\">\n    \t<span>full Job announcement here<\/span>\n    <\/a>\n<\/div>\n\t<\/div>\n<\/div><\/div>\n\n\t<\/div>\n<\/section><\/p>","protected":false},"excerpt":{"rendered":"<p>MONREPOS works together closely with the Johannes Gutenberg University at Mainz. Sabine Gaudzinski-Windheuser, Head of the MONREPOS institute, is also Professor at the Mainz Institute for Early History in the field of Pre- and Protohistoric Archaeology. Fundamental knowledge of the longest period of human history, an interdisciplinary orientation, scientific methodology and practical know-how are oriented towards the latest research results. Transmission of our results in a museum environment is one of our core responsibilities and therefore forms part of our teaching programme.<\/p>","protected":false},"author":1,"featured_media":7664,"parent":0,"menu_order":0,"comment_status":"closed","ping_status":"closed","template":"","meta":{"footnotes":""},"class_list":["post-5607","page","type-page","status-publish","has-post-thumbnail","hentry"],"aioseo_notices":[],"_links":{"self":[{"href":"https:\/\/monrepos.leiza.de\/en\/wp-json\/wp\/v2\/pages\/5607","targetHints":{"allow":["GET"]}}],"collection":[{"href":"https:\/\/monrepos.leiza.de\/en\/wp-json\/wp\/v2\/pages"}],"about":[{"href":"https:\/\/monrepos.leiza.de\/en\/wp-json\/wp\/v2\/types\/page"}],"author":[{"embeddable":true,"href":"https:\/\/monrepos.leiza.de\/en\/wp-json\/wp\/v2\/users\/1"}],"replies":[{"embeddable":true,"href":"https:\/\/monrepos.leiza.de\/en\/wp-json\/wp\/v2\/comments?post=5607"}],"version-history":[{"count":75,"href":"https:\/\/monrepos.leiza.de\/en\/wp-json\/wp\/v2\/pages\/5607\/revisions"}],"predecessor-version":[{"id":10416,"href":"https:\/\/monrepos.leiza.de\/en\/wp-json\/wp\/v2\/pages\/5607\/revisions\/10416"}],"wp:featuredmedia":[{"embeddable":true,"href":"https:\/\/monrepos.leiza.de\/en\/wp-json\/wp\/v2\/media\/7664"}],"wp:attachment":[{"href":"https:\/\/monrepos.leiza.de\/en\/wp-json\/wp\/v2\/media?parent=5607"}],"curies":[{"name":"wp","href":"https:\/\/api.w.org\/{rel}","templated":true}]}}