{"id":5605,"date":"2018-04-19T07:56:02","date_gmt":"2018-04-19T07:56:02","guid":{"rendered":"https:\/\/monrepos.rgzm.de\/?page_id=5605"},"modified":"2025-07-01T15:22:34","modified_gmt":"2025-07-01T15:22:34","slug":"ausstattung","status":"publish","type":"page","link":"https:\/\/monrepos.leiza.de\/en\/ausstattung\/","title":{"rendered":"Amenities &amp; Further Information"},"content":{"rendered":"<p>\n\n\n<section id=\"section_id-15605\" class=\"fw-main-row-custom fw-main-row-top fw-section-no-padding\" style=\" \" >\n\t<div class=\"fw-col-inner fw-container\" >\n\t\t<div class=\"fw-row\">\n\t\n<div id=\"column-69f29e1f8abb6\" class=\"fw-col-xs-12\" style=\" \">\n        <div class=\"fw-col-inner\" >\n\t\t<h4 style=\"text-align: center;\"><a href=\"#Labore\">Laboratories<\/a> | <a href=\"#Bib\">Library<\/a> | <a href=\"#Sml\">Collections<\/a>\u00a0 | <a href=\"#R\u00e4ume\">Collegiate Rooms<\/a><\/h4>\t<\/div>\n<\/div><\/div>\n\n<div class=\"fw-row\">\n\t\n<div id=\"column-69f29e1f8ac59\" class=\"fw-col-xs-12\" style=\" \">\n        <div class=\"fw-col-inner\" >\n\t\t\n\t<div class=\"fw-divider-space\" style=\"padding-top: 50px;\"><\/div>\n\t<\/div>\n<\/div><\/div>\n\n\t<\/div>\n<\/section>\n\n\n<section id=\"section_id-25605\" class=\"fw-main-row-custom fw-section-no-padding\" style=\" \" >\n\t<div class=\"fw-col-inner fw-container\" >\n\t\t<div class=\"fw-row\">\n\t\n<div id=\"column-69f29e1f8adc8\" class=\"fw-col-xs-12 fw-col-sm-3\" style=\" \">\n        <div class=\"fw-col-inner\" >\n\t\t\n\t<div class=\"fw-divider-space\" style=\"padding-top: 30px;\"><\/div>\n\n<div class=\"fw-category-image\" style=\"background-image: url(\/\/monrepos.leiza.de\/wp-content\/uploads\/2018\/10\/DSC_0278-e1539265166447.jpg);\">\n\n\n    \n    \t<div class=\"fw-category-inner\">\n    \t\t<div class=\"fw-category-name\">\n    \t\t\t<h3>TraCEr<\/h3>\n    \t\t\t<span><\/span>\n    \t\t<\/div>\n    \t\t<div class=\"fw-category-text\">\n    \t\t\t<p><\/p>\n    \t\t<\/div>\n\n\n            \n\n    \t<\/div>\n\n    <\/div>\n<h5>Contact<\/h5><h5>Dr. Jo\u00e3o Marreiros<br \/>Tel. 02631-9772271 <a href=\"mailto:joao.marreiros@leiza.de\">joao.marreiros@leiza.de<\/a><\/h5><h4><\/h4>\t<\/div>\n<\/div>\n<div id=\"column-69f29e1f8aeae\" class=\"fw-col-xs-12 fw-col-sm-9\" style=\" \">\n        <div class=\"fw-col-inner\" >\n\t\t<div class=\"fw-heading\" >\n\t\t<h2 class='fw-special-title'><h2>Laboratory for Traceology and Controlled Experiments<h><\/h2>\t<\/div><p>The TraCEr lab runs under the research umbrella of MONREPOS, namely, understanding the evolution of our behaviour during the early history of humanity. In Pleistocene Archaeology, interpreting artefact variability has long been one of the most debated topics. In fact, to what uses humans put their tools and how these might have varied through time and space is one of the key areas of research for understanding the evolution of human behaviour. The main scope of TraCEr is to carry out-breaking functional studies that combine 1) methodological development and 2) fundamental research on Pleistocene and Early Holocene archaeology.<\/p>\n    <a href=\"https:\/\/monrepos.leiza.de\/en\/tracer\/\" target=\"_self\" class=\"wpz-btn wpz-btn-1 wpz-btn-white\">\n    \t<span>Amenities &amp; Further Information<\/span>\n    <\/a>\n\n\t<div class=\"fw-divider-space\" style=\"padding-top: 50px;\"><\/div>\n\t<\/div>\n<\/div><\/div>\n\n<div class=\"fw-row\">\n\t\n<div id=\"column-69f29e1f8afaf\" class=\"fw-col-xs-12\" style=\" \">\n        <div class=\"fw-col-inner\" >\n\t\t\n\t<div class=\"fw-divider-space\" style=\"padding-top: 50px;\"><\/div>\n\t<div class=\"fw-divider-line\"><hr\/><\/div>\n\n\n\t<div class=\"fw-divider-space\" style=\"padding-top: 50px;\"><\/div>\n\t<\/div>\n<\/div><\/div>\n\n\t<\/div>\n<\/section>\n\n\n<section id=\"section_id-35605\" class=\"fw-main-row-custom fw-section-no-padding\" style=\" \" >\n\t<div class=\"fw-col-inner fw-container\" >\n\t\t<div class=\"fw-row\">\n\t\n<div id=\"column-69f29e1f8b12b\" class=\"fw-col-xs-12 fw-col-sm-3\" style=\" \">\n        <div class=\"fw-col-inner\" >\n\t\t\n\t<div class=\"fw-divider-space\" style=\"padding-top: 30px;\"><\/div>\n\n<div class=\"fw-category-image\" style=\"background-image: url(\/\/monrepos.leiza.de\/wp-content\/uploads\/2018\/09\/cFoto_Dorothea.M.Schwab-6685-2-e1537186815459.jpg);\">\n\n\n    \n    \t<div class=\"fw-category-inner\">\n    \t\t<div class=\"fw-category-name\">\n    \t\t\t<h3>ZooLab<\/h3>\n    \t\t\t<span><\/span>\n    \t\t<\/div>\n    \t\t<div class=\"fw-category-text\">\n    \t\t\t<p><\/p>\n    \t\t<\/div>\n\n\n            \n\n    \t<\/div>\n\n    <\/div>\n<h5>Contact<\/h5><h5>Dr. Lutz Kindler<br \/>Tel. 02631-977225\u00a0\u00a0\u00a0\u00a0\u00a0\u00a0\u00a0\u00a0<a href=\"mailto:lutz.kindler@leiza.de\"> lutz.kindler@leiza.de<\/a><\/h5><h5>Dr. Elaine Turner<br \/>Tel. 02631-977219 <a href=\"mailto:elaine.turner@leiza.de\">elaine.turner@leiza.de<\/a><\/h5><p>&nbsp;<\/p>\t<\/div>\n<\/div>\n<div id=\"column-69f29e1f8b1d6\" class=\"fw-col-xs-12 fw-col-sm-9\" style=\" \">\n        <div class=\"fw-col-inner\" >\n\t\t<div class=\"fw-heading\" >\n\t\t<h2 class='fw-special-title'><h2>Osteological reference collection<\/h2><\/h2>\t<\/div><p>The osteological reference collection in our zooarchaeology laboratory allows the comparative identification and age detemination of skeletal material from archaeological contexts. Emphasis is on recent and Pleistocene European faunas. Besides large mammals the collection also holds recent small mammal species.<\/p><div class=\"ce_text grid_4 block\"><p>A particular feature is the taphonomic collection. This contains comparative material for the differentiation of cut marks and impact fractures from naturally occurring surface modifications.<\/p><\/div>\t<\/div>\n<\/div><\/div>\n\n<div class=\"fw-row\">\n\t\n<div id=\"column-69f29e1f8b281\" class=\"fw-col-xs-12\" style=\" \">\n        <div class=\"fw-col-inner\" >\n\t\t\n\t<div class=\"fw-divider-space\" style=\"padding-top: 50px;\"><\/div>\n\t<div class=\"fw-divider-line\"><hr\/><\/div>\n\n\n\t<div class=\"fw-divider-space\" style=\"padding-top: 50px;\"><\/div>\n\t<\/div>\n<\/div><\/div>\n\n\t<\/div>\n<\/section>\n\n\n<section id=\"section_id-45605\" class=\"fw-main-row-custom fw-section-no-padding\" style=\" \" >\n\t<div class=\"fw-col-inner fw-container\" >\n\t\t<div class=\"fw-row\">\n\t\n<div id=\"column-69f29e1f8b38c\" class=\"fw-col-xs-12 fw-col-sm-3\" style=\" \">\n        <div class=\"fw-col-inner\" >\n\t\t\n\t<div class=\"fw-divider-space\" style=\"padding-top: 30px;\"><\/div>\n\n<div class=\"fw-category-image\" style=\"background-image: url(\/\/monrepos.leiza.de\/wp-content\/uploads\/2018\/10\/1920px-Old_book_bindings-e1539853353646.jpg);\">\n\n\n    \n    \t<div class=\"fw-category-inner\">\n    \t\t<div class=\"fw-category-name\">\n    \t\t\t<h3>Library<\/h3>\n    \t\t\t<span><\/span>\n    \t\t<\/div>\n    \t\t<div class=\"fw-category-text\">\n    \t\t\t<p><\/p>\n    \t\t<\/div>\n\n\n            \n\n    \t<\/div>\n\n    <\/div>\n<h5>Contact:<\/h5><h5>Heidrun Gr\u00e4f<br \/>Tel. 0 2631-977216 <a href=\"mailto:heidrun.graef@leiza.de\">heidrun.graef@leiza.de<\/a><\/h5><h5>Library Hours:<br \/>Mo-Thu 8 am - 5 pm, Fr  8 am - 12 noon<\/h5>\t<\/div>\n<\/div>\n<div id=\"column-69f29e1f8b417\" class=\"fw-col-xs-12 fw-col-sm-9\" style=\" \">\n        <div class=\"fw-col-inner\" >\n\t\t<div class=\"fw-heading\" >\n\t\t<h2 class='fw-special-title'><h2 id=\"Bib\">One of the largest Research Libraries for the Archaeology of Early Humans<\/h2><\/h2>\t<\/div><p>The catalogue currently records almost 80,000  relevant titles and is constantly being updated to include new publications. Printed publications also include an extensive collection of copies and offprints and are complemented by the digitally accessible journal library.<\/p><p>Our library is a reference library. Publications may only be consulted at MONREPOS and by prior appointment.<\/p>\n    <a href=\"https:\/\/www3.rgzm.de\/monrepos\/\" target=\"_self\" class=\"wpz-btn wpz-btn-1 wpz-btn-white\">\n    \t<span>Online-Search<\/span>\n    <\/a>\n\t<\/div>\n<\/div><\/div>\n\n<div class=\"fw-row\">\n\t\n<div id=\"column-69f29e1f8b507\" class=\"fw-col-xs-12\" style=\" \">\n        <div class=\"fw-col-inner\" >\n\t\t\n\t<div class=\"fw-divider-space\" style=\"padding-top: 50px;\"><\/div>\n\t<div class=\"fw-divider-line\"><hr\/><\/div>\n\n\n\t<div class=\"fw-divider-space\" style=\"padding-top: 50px;\"><\/div>\n\t<\/div>\n<\/div><\/div>\n\n\t<\/div>\n<\/section>\n\n\n<section id=\"section_id-55605\" class=\"fw-main-row-custom fw-section-no-padding\" style=\" \" >\n\t<div class=\"fw-col-inner fw-container\" >\n\t\t<div class=\"fw-row\">\n\t\n<div id=\"column-69f29e1f8b610\" class=\"fw-col-xs-12 fw-col-sm-3\" style=\" \">\n        <div class=\"fw-col-inner\" >\n\t\t\n\t<div class=\"fw-divider-space\" style=\"padding-top: 30px;\"><\/div>\n\n<div class=\"fw-category-image\" style=\"background-image: url(\/\/monrepos.leiza.de\/wp-content\/uploads\/2018\/10\/monrepos_forschung_ausstattung_bildarchiv-e1539265265408.jpg);\">\n\n\n    \n    \t<div class=\"fw-category-inner\">\n    \t\t<div class=\"fw-category-name\">\n    \t\t\t<h3>Photographic Archive<\/h3>\n    \t\t\t<span><\/span>\n    \t\t<\/div>\n    \t\t<div class=\"fw-category-text\">\n    \t\t\t<p><\/p>\n    \t\t<\/div>\n\n\n            \n\n    \t<\/div>\n\n    <\/div>\n<h5>Contact:<\/h5><h5>Dr. Lutz Kindler<br \/>Tel. 02631-977225\u00a0 \u00a0 \u00a0 \u00a0<a href=\"mailto:lutz.kindler@leiza.de\">lutz.kindler@leiza.de<\/a><\/h5>\t<\/div>\n<\/div>\n<div id=\"column-69f29e1f8b69a\" class=\"fw-col-xs-12 fw-col-sm-9\" style=\" \">\n        <div class=\"fw-col-inner\" >\n\t\t<div class=\"fw-heading\" >\n\t\t<h2 class='fw-special-title'><h2>Almost 38,000 digitalised records.<\/h2><\/h2>\t<\/div><p>These document our excavations, finds and research. Unique is the Heidelhof Collection containing more than 300 3D motifs of parietal art from French and Spanish cave localities. Our photographic archive is available for research and publication purposes.<\/p>\t<\/div>\n<\/div><\/div>\n\n<div class=\"fw-row\">\n\t\n<div id=\"column-69f29e1f8b72d\" class=\"fw-col-xs-12\" style=\" \">\n        <div class=\"fw-col-inner\" >\n\t\t\n\t<div class=\"fw-divider-space\" style=\"padding-top: 50px;\"><\/div>\n\t<div class=\"fw-divider-line\"><hr\/><\/div>\n\n\n\t<div class=\"fw-divider-space\" style=\"padding-top: 50px;\"><\/div>\n\t<\/div>\n<\/div><\/div>\n\n\t<\/div>\n<\/section>\n\n\n<section id=\"section_id-65605\" class=\"fw-main-row-custom fw-section-no-padding\" style=\" \" >\n\t<div class=\"fw-col-inner fw-container\" >\n\t\t<div class=\"fw-row\">\n\t\n<div id=\"column-69f29e1f8b827\" class=\"fw-col-xs-12 fw-col-sm-3\" style=\" \">\n        <div class=\"fw-col-inner\" >\n\t\t\n\t<div class=\"fw-divider-space\" style=\"padding-top: 30px;\"><\/div>\n\n<div class=\"fw-category-image\" style=\"background-image: url(\/\/monrepos.leiza.de\/wp-content\/uploads\/2018\/10\/MG_6464-e1539865821751.jpg);\">\n\n\n    \n    \t<div class=\"fw-category-inner\">\n    \t\t<div class=\"fw-category-name\">\n    \t\t\t<h3 class=\"translation-block\">Study Collection<\/h3>\n    \t\t\t<span><\/span>\n    \t\t<\/div>\n    \t\t<div class=\"fw-category-text\">\n    \t\t\t<p><\/p>\n    \t\t<\/div>\n\n\n            \n\n    \t<\/div>\n\n    <\/div>\n\t<\/div>\n<\/div>\n<div id=\"column-69f29e1f8b8cd\" class=\"fw-col-xs-12 fw-col-sm-9\" style=\" \">\n        <div class=\"fw-col-inner\" >\n\t\t<div class=\"fw-heading\" >\n\t\t<h2 class='fw-special-title'><h2 id=\"Sml\">4,800 Palaeolithic and Mesolithic artefacts from across the Old World.<\/h2><\/h2>\t<\/div><p>Es sind Originale und hochwertige Kopien von Steinger\u00e4ten und anderen Fundst\u00fccken aus den Restaurierungswerkst\u00e4tten des LEIZA. Ein wichtiger Teil der Studiensammlung ist das Venusstatuetten-Archiv. Mit \u00fcber 50 Statuetten ist es die weltweit gr\u00f6\u00dfte Sammlung dieser Art.<\/p>\t<\/div>\n<\/div><\/div>\n\n<div class=\"fw-row\">\n\t\n<div id=\"column-69f29e1f8b960\" class=\"fw-col-xs-12\" style=\" \">\n        <div class=\"fw-col-inner\" >\n\t\t\n\t<div class=\"fw-divider-space\" style=\"padding-top: 50px;\"><\/div>\n\t<div class=\"fw-divider-line\"><hr\/><\/div>\n\n\n\t<div class=\"fw-divider-space\" style=\"padding-top: 50px;\"><\/div>\n\t<\/div>\n<\/div><\/div>\n\n\t<\/div>\n<\/section>\n\n\n<section id=\"section_id-75605\" class=\"fw-main-row-custom fw-section-no-padding\" style=\" \" >\n\t<div class=\"fw-col-inner fw-container\" >\n\t\t<div class=\"fw-row\">\n\t\n<div id=\"column-69f29e1f8ba62\" class=\"fw-col-xs-12 fw-col-sm-3\" style=\" \">\n        <div class=\"fw-col-inner\" >\n\t\t\n\t<div class=\"fw-divider-space\" style=\"padding-top: 30px;\"><\/div>\n\n<div class=\"fw-category-image\" style=\"background-image: url(\/\/monrepos.leiza.de\/wp-content\/uploads\/2018\/06\/4032_3_1_rock_glassclean-e1528291746852.jpg);\">\n\n\n    \n    \t<div class=\"fw-category-inner\">\n    \t\t<div class=\"fw-category-name\">\n    \t\t\t<h3>Lithic Raw Material Reference Collection<\/h3>\n    \t\t\t<span><\/span>\n    \t\t<\/div>\n    \t\t<div class=\"fw-category-text\">\n    \t\t\t<p><\/p>\n    \t\t<\/div>\n\n\n            \n\n    \t<\/div>\n\n    <\/div>\n\t<\/div>\n<\/div>\n<div id=\"column-69f29e1f8bad1\" class=\"fw-col-xs-12 fw-col-sm-9\" style=\" \">\n        <div class=\"fw-col-inner\" >\n\t\t<div class=\"fw-heading\" >\n\t\t<h2 class='fw-special-title'><h2>Samples of over 230 rock types<\/h2><\/h2>\t<\/div><div class=\"ce_text grid_4 block\"><p>The collection of lithic raw materials contains samples of the siliceous rocks used to manufacture tools in the Palaeolithic and Mesolithic. They help in the identification of the raw material of the archaeological finds.<\/p><\/div><div class=\"ce_text grid_4 block\"><p>Currently the collection contains samples of over 230 rock types from different sources, at the heart of which are those of Rhineland origin.<\/p><\/div>\t<\/div>\n<\/div><\/div>\n\n<div class=\"fw-row\">\n\t\n<div id=\"column-69f29e1f8bb63\" class=\"fw-col-xs-12\" style=\" \">\n        <div class=\"fw-col-inner\" >\n\t\t\n\t<div class=\"fw-divider-space\" style=\"padding-top: 50px;\"><\/div>\n\t<div class=\"fw-divider-line\"><hr\/><\/div>\n\n\n\t<div class=\"fw-divider-space\" style=\"padding-top: 50px;\"><\/div>\n\t<\/div>\n<\/div><\/div>\n\n\t<\/div>\n<\/section>\n\n\n<section id=\"section_id-85605\" class=\"fw-main-row-custom fw-section-no-padding\" style=\" \" >\n\t<div class=\"fw-col-inner fw-container\" >\n\t\t<div class=\"fw-row\">\n\t\n<div id=\"column-69f29e1f8bc51\" class=\"fw-col-xs-12\" style=\" \">\n        <div class=\"fw-col-inner\" >\n\t\t<div class=\"fw-heading fw-heading-center\" >\n\t\t<h2 class='fw-special-title'><h2 id=\"R\u00e4ume\">Collegiate Rooms<\/h2><\/h2>\t<\/div><p style=\"text-align: center;\">Our collegiate rooms are available for guest researchers and students by previous appointment only. With three apartments, four single and three double rooms our collegiate rooms offer researchers ideal conditions for a successful residency.<\/p><p style=\"text-align: center;\">Tel. +49 (0) 2631-977216<br \/>E-Mail:\u00a0<a href=\"mailto:heidrun.graef@leiza.de\">heidrun.graef@leiza.de<\/a><\/p>\t<\/div>\n<\/div><\/div>\n\n\t<\/div>\n<\/section><\/p>","protected":false},"excerpt":{"rendered":"<p>Labore | Bibliothek | Sammlungen\u00a0 | Kollegiaten-R\u00e4ume TraCEr KontaktDr. Jo\u00e3o MarreirosTel. 02631-9772271 joao.marreiros@leiza.de Labor f\u00fcr Gebrauchsspurenforschung und kontrollierte Experimente Das Labor f\u00fcr Gebrauchsspuren und kontrollierte Experimente (TraCEr: Laboratory for Traceology and Controlled Experiments) stellt durch seine spezifische Zielsetzung einen neuartigen Beitrag zum Forschungsziel des Instituts dar: Durch experimentell unterst\u00fctzte funktionelle [&hellip;]<\/p>\n","protected":false},"author":1,"featured_media":8007,"parent":0,"menu_order":0,"comment_status":"closed","ping_status":"closed","template":"","meta":{"footnotes":""},"class_list":["post-5605","page","type-page","status-publish","has-post-thumbnail","hentry"],"aioseo_notices":[],"_links":{"self":[{"href":"https:\/\/monrepos.leiza.de\/en\/wp-json\/wp\/v2\/pages\/5605","targetHints":{"allow":["GET"]}}],"collection":[{"href":"https:\/\/monrepos.leiza.de\/en\/wp-json\/wp\/v2\/pages"}],"about":[{"href":"https:\/\/monrepos.leiza.de\/en\/wp-json\/wp\/v2\/types\/page"}],"author":[{"embeddable":true,"href":"https:\/\/monrepos.leiza.de\/en\/wp-json\/wp\/v2\/users\/1"}],"replies":[{"embeddable":true,"href":"https:\/\/monrepos.leiza.de\/en\/wp-json\/wp\/v2\/comments?post=5605"}],"version-history":[{"count":58,"href":"https:\/\/monrepos.leiza.de\/en\/wp-json\/wp\/v2\/pages\/5605\/revisions"}],"predecessor-version":[{"id":10279,"href":"https:\/\/monrepos.leiza.de\/en\/wp-json\/wp\/v2\/pages\/5605\/revisions\/10279"}],"wp:featuredmedia":[{"embeddable":true,"href":"https:\/\/monrepos.leiza.de\/en\/wp-json\/wp\/v2\/media\/8007"}],"wp:attachment":[{"href":"https:\/\/monrepos.leiza.de\/en\/wp-json\/wp\/v2\/media?parent=5605"}],"curies":[{"name":"wp","href":"https:\/\/api.w.org\/{rel}","templated":true}]}}