{"id":5599,"date":"2018-04-19T07:42:07","date_gmt":"2018-04-19T07:42:07","guid":{"rendered":"https:\/\/monrepos.rgzm.de\/?page_id=5599"},"modified":"2023-08-03T13:01:05","modified_gmt":"2023-08-03T13:01:05","slug":"traeger-partner","status":"publish","type":"page","link":"https:\/\/monrepos.leiza.de\/en\/traeger-partner\/","title":{"rendered":"Sponsors &amp; Partners"},"content":{"rendered":"<p>\n\n\n<section id=\"section_id-15599\" class=\"fw-main-row-custom fw-main-row-top fw-section-no-padding\" style=\" \" >\n\t<div class=\"fw-col-inner fw-container\" >\n\t\t<div class=\"fw-row\">\n\t\n<div id=\"column-69e9fef126864\" class=\"fw-col-xs-12\" style=\" \">\n        <div class=\"fw-col-inner\" >\n\t\t<div class=\"fw-row\"><div id=\"column-5ad5d12f4111a\" class=\"fw-col-xs-12\"><div class=\"fw-col-inner\"><h4 style=\"text-align: center;\"><a href=\"#Tr\u00e4ger\">Supporters<\/a> | <a href=\"#F\u00f6rderer\">Sponsors<\/a> | <a href=\"#Partner\">Scientific Cooperations<\/a><\/h4><\/div><\/div><\/div>\t<\/div>\n<\/div><\/div>\n\n<div class=\"fw-row\">\n\t\n<div id=\"column-69e9fef12696f\" class=\"fw-col-xs-12\" style=\" \">\n        <div class=\"fw-col-inner\" >\n\t\t\n\t<div class=\"fw-divider-space\" style=\"padding-top: 50px;\"><\/div>\n\t<\/div>\n<\/div><\/div>\n\n\t<\/div>\n<\/section>\n\n\n<section id=\"section_id-25599\" class=\"fw-main-row-custom fw-section-no-padding\" style=\" \" >\n\t<div class=\"fw-col-inner fw-container\" >\n\t\t<div class=\"fw-row\">\n\t\n<div id=\"column-69e9fef126aec\" class=\"fw-col-xs-12\" style=\" \">\n        <div class=\"fw-col-inner\" >\n\t\t<div class=\"fw-heading fw-heading-center\" >\n\t\t<h2 class='fw-special-title'><h1>LEIZA, LEIBNIZ-ZENTRUM F\u00dcR ARCH\u00c4OLOGIE<\/h1><\/h2>\t\t\t<div class=\"fw-special-subtitle\">MONREPOS ist der Kompetenzbereich f\u00fcr Pleistoz\u00e4ne und Fr\u00fchholoz\u00e4ne Arch\u00e4ologie des LEIZA<\/div>\n\t<\/div>\t<\/div>\n<\/div><\/div>\n\n<div class=\"fw-row\">\n\t\n<div id=\"column-69e9fef126bc6\" class=\"fw-col-xs-12\" style=\" \">\n        <div class=\"fw-col-inner\" >\n\t\t<div class=\"ce_text alpha grid_3 block\"><p style=\"text-align: center;\">Das LEIZA - Leibniz-Zentrum f\u00fcr Arch\u00e4ologie, fr\u00fcher R\u00f6misch-Germanische Zentralmuseum (RGZM), geh\u00f6rt seit 160 Jahren zu den international wichtigsten arch\u00e4ologischen Einrichtungen in Deutschland. Als Forschungsmuseum der Leibniz-Gemeinschaft widmet das RGZM sich in besonderer Weise der gesellschaftlichen Vermittlung seiner Forschungen.<\/p><p style=\"text-align: center;\">In internationalen Kooperationsprojekten erforscht und vermittelt das LEIZA die Menschheitsgeschichte. Von ihren Anf\u00e4ngen bis ins Mittelalter. Interdisziplin\u00e4r und diachron. So erarbeitet das LEIZA einen historischen Referenzrahmen zu aktuellen gesellschaftlichen Fragestellungen.<\/p><p style=\"text-align: center;\">Apart from the central institute at Mainz the <a href=\"https:\/\/web.rgzm.de\/\">LEIZA<\/a> also consists of the: <a href=\"https:\/\/web.rgzm.de\/museen\/museum-fuer-antike-schifffahrt-mainz\/\">Museum f\u00fcr Antike Schiffahrt<\/a> (Mainz), MONREPOS, <a href=\"https:\/\/web.rgzm.de\/museen\/vulkanpark-osteifel\/\">Vulkanpark Osteifel<\/a> (VAT), <a href=\"https:\/\/web.rgzm.de\/forschung\/forschungsinfrastrukturen\/infrastrukturen\/labor-fuer-experimentelle-archaeologie-lea\/\">Labor f\u00fcr Experimentelle Arch\u00e4ologie<\/a> (LEA)<\/p><\/div>\t<\/div>\n<\/div><\/div>\n\n<div class=\"fw-row\">\n\t\n<div id=\"column-69e9fef126c4a\" class=\"fw-col-xs-12\" style=\" \">\n        <div class=\"fw-col-inner\" >\n\t\t\n\t<div class=\"fw-divider-space\" style=\"padding-top: 50px;\"><\/div>\n\t<div class=\"fw-divider-line\"><hr\/><\/div>\n\n\n\t<div class=\"fw-divider-space\" style=\"padding-top: 50px;\"><\/div>\n\t<\/div>\n<\/div><\/div>\n\n\t<\/div>\n<\/section>\n\n\n<section id=\"section_id-35599\" class=\"fw-main-row-custom fw-section-no-padding\" style=\" \" >\n\t<div class=\"fw-col-inner fw-container\" >\n\t\t<div class=\"fw-row\">\n\t\n<div id=\"column-69e9fef126d4f\" class=\"fw-col-xs-12\" style=\" \">\n        <div class=\"fw-col-inner\" >\n\t\t<div class=\"fw-heading fw-heading-center\" >\n\t\t<h2 class='fw-special-title'><h1>JOHANNES GUTENBERG-UNIVERSITY MAINZ<\/h1><\/h2>\t\t\t<div class=\"fw-special-subtitle\">Institute of Ancient Studies, Pre- and Protohistoric Archaeology Division<\/div>\n\t<\/div>\t<\/div>\n<\/div><\/div>\n\n<div class=\"fw-row\">\n\t\n<div id=\"column-69e9fef126dc4\" class=\"fw-col-xs-12\" style=\" \">\n        <div class=\"fw-col-inner\" >\n\t\t<div class=\"ce_text stripe, alpha grid_4 block\"><p style=\"text-align: center;\">MONREPOS works together closely with the <a href=\"https:\/\/www.altertumswissenschaften.uni-mainz.de\/\">Institute of Ancient Studies<\/a> at the Johannes Gutenberg-University Mainz. Prof. Dr. Sabine Gaudzinski-Windheuser occupies a C3 Professorship there and at the same time heads MONREPOS. From the archaeology of early human history to the early Middle Ages, the Pre- and Early Historic Archaeology Division cooperates with major archaeological research facilities and museums of the neighbouring RGZM Mainz and RGK Frankfurt am Main. This methodology- and practice-oriented education confirms Mainz in its role as the leading German location in this field of education.<\/p><\/div>\t<\/div>\n<\/div><\/div>\n\n<div class=\"fw-row\">\n\t\n<div id=\"column-69e9fef126e3a\" class=\"fw-col-xs-12\" style=\" \">\n        <div class=\"fw-col-inner\" >\n\t\t\n\t<div class=\"fw-divider-space\" style=\"padding-top: 50px;\"><\/div>\n\t<div class=\"fw-divider-line\"><hr\/><\/div>\n\n\n\t<div class=\"fw-divider-space\" style=\"padding-top: 50px;\"><\/div>\n\t<\/div>\n<\/div><\/div>\n\n\t<\/div>\n<\/section>\n\n\n<section id=\"section_id-45599\" class=\"fw-main-row-custom fw-section-no-padding\" style=\" \" >\n\t<div class=\"fw-col-inner fw-container\" >\n\t\t<div class=\"fw-row\">\n\t\n<div id=\"column-69e9fef126f2b\" class=\"fw-col-xs-12\" style=\" \">\n        <div class=\"fw-col-inner\" >\n\t\t<div class=\"fw-heading fw-heading-center\" >\n\t\t<h2 class='fw-special-title'><h1>PRINZ MAXIMILIAN ZU WIED-FOUNDATION<\/h1><\/h2>\t<\/div>\t<\/div>\n<\/div><\/div>\n\n<div class=\"fw-row\">\n\t\n<div id=\"column-69e9fef126f9c\" class=\"fw-col-xs-12\" style=\" \">\n        <div class=\"fw-col-inner\" >\n\t\t\n\t<div class=\"fw-divider-space\" style=\"padding-top: 50px;\"><\/div>\n\t<\/div>\n<\/div><\/div>\n\n<div class=\"fw-row\">\n\t\n<div id=\"column-69e9fef127011\" class=\"fw-col-xs-12\" style=\" \">\n        <div class=\"fw-col-inner\" >\n\t\t<p style=\"text-align: center;\">The Foundation was created in 1986 and is named after the well known explorer and polymath Prinz Maximilian zu Wied (1782-1867). The purpose of the Foundation is the support of research and its mediation in MONREPOS. Together with the R\u00f6misch-Germanisches Zentralmuseum the Foundation supports the upcoming generation of researchers with the award of the Prinz Maximilian zu Wied-Scholarship.<\/p><p style=\"text-align: center;\">Founding members and supporters of the Foundation are the F\u00fcrst zu Wied, the County and Town Administrations of Neuwied, and the (sponsoring association) F\u00f6rderkreis des Forschungsbereiches Altsteinzeit e. V.; the State of Rheinland-Pfalz also made a not inconsiderable contribution to the renovation of Schloss Monrepos. The President of the Foundation is the County Commissioner for Neuwied. His deputies are the mayor of the town of Neuwied and a family member of the princely house of Wied.<\/p>\t<\/div>\n<\/div><\/div>\n\n<div class=\"fw-row\">\n\t\n<div id=\"column-69e9fef127086\" class=\"fw-col-xs-12\" style=\" \">\n        <div class=\"fw-col-inner\" >\n\t\t\n\t<div class=\"fw-divider-space\" style=\"padding-top: 50px;\"><\/div>\n\t<div class=\"fw-divider-line\"><hr\/><\/div>\n\n\n\t<div class=\"fw-divider-space\" style=\"padding-top: 50px;\"><\/div>\n\t<\/div>\n<\/div><\/div>\n\n\t<\/div>\n<\/section>\n\n\n<section id=\"section_id-55599\" class=\"fw-main-row-custom fw-section-no-padding\" style=\" \" >\n\t<div class=\"fw-col-inner fw-container\" >\n\t\t<div class=\"fw-row\">\n\t\n<div id=\"column-69e9fef1271f0\" class=\"fw-col-xs-12 fw-col-sm-4\" style=\" \">\n        <div class=\"fw-col-inner\" >\n\t\t<div class=\"fw-heading fw-heading-center\" >\n\t\t<h2 class='fw-special-title'><h2>Sponsoring Association<\/h2><\/h2>\t<\/div><p style=\"text-align: center;\">Der F\u00f6rderkreis des Forschungsbereiches Altsteinzeit e.V. unterst\u00fctzt MONREPOS seit 1984. Werde auch Du Mitglied und unterst\u00fctze mit Deinem Beitrag unsere Forschung und unser Museum.<\/p><h4 style=\"text-align: center;\">Weitere Informationen und Kontakt: Gesch\u00e4ftsf\u00fchrer <a href=\"mailto:boris.quade@sparkasse-neuwied.de\">Boris Quade<\/a><\/h4><h4 style=\"text-align: center;\">Tel.: + 49 (0) 2631\/ 806-4620<\/h4><h5 style=\"text-align: center;\"><\/h5>\n\t<div class=\"fw-divider-space\" style=\"padding-top: 50px;\"><\/div>\n\t<\/div>\n<\/div>\n<div id=\"column-69e9fef1272a5\" class=\"fw-col-xs-12 fw-col-sm-4\" style=\" \">\n        <div class=\"fw-col-inner\" >\n\t\t<div class=\"fw-heading fw-heading-center\" >\n\t\t<h2 class='fw-special-title'><h2>Pro bono volunteers<\/h2><\/h2>\t<\/div><p style=\"text-align: center;\">Pro bono volunteers form an important part of the MONREPOS Team. They support our research and the museum with their energetic assistance. And - thanks to our archaeological training programme - also with their know-how.<\/p><h4 style=\"text-align: center;\">Further information and contact:<br \/><a href=\"mailto:turner@rgzm.de\">Dr. Elaine Turner<\/a><\/h4><h4 style=\"text-align: center;\">Tel. 02631-977219<\/h4><h5 style=\"text-align: center;\"><\/h5>\n\t<div class=\"fw-divider-space\" style=\"padding-top: 50px;\"><\/div>\n\t<\/div>\n<\/div>\n<div id=\"column-69e9fef12732a\" class=\"fw-col-xs-12 fw-col-sm-4\" style=\" \">\n        <div class=\"fw-col-inner\" >\n\t\t<div class=\"fw-heading fw-heading-center\" >\n\t\t<h2 class='fw-special-title'><h2>Scientific cooperation<\/h2><\/h2>\t<\/div><p style=\"text-align: center;\">MONREPOS works in close cooperation with an international network of partners. Together we organize excavations, research projects and conferences. Our cooperation across the world does not only involve other archaeologists. Many other experts, predominantly from the natural sciences, are also involved in our interdisciplinary research.<\/p>\n<div class=\"wpz-btn-center\">\n    <a href=\"https:\/\/monrepos.leiza.de\/en\/kooperationspartner\/\" target=\"_blank\" class=\"wpz-btn wpz-btn-1 wpz-btn-white\">\n    \t<span>Further information<\/span>\n    <\/a>\n<\/div>\n\t<\/div>\n<\/div><\/div>\n\n\t<\/div>\n<\/section><\/p>","protected":false},"excerpt":{"rendered":"<p>Auf dieser Seite gibt es einen \u00dcberblick \u00fcber all unsere Tr\u00e4ger und Partner.<\/p>","protected":false},"author":1,"featured_media":9144,"parent":0,"menu_order":0,"comment_status":"closed","ping_status":"closed","template":"","meta":{"footnotes":""},"class_list":["post-5599","page","type-page","status-publish","has-post-thumbnail","hentry"],"aioseo_notices":[],"_links":{"self":[{"href":"https:\/\/monrepos.leiza.de\/en\/wp-json\/wp\/v2\/pages\/5599","targetHints":{"allow":["GET"]}}],"collection":[{"href":"https:\/\/monrepos.leiza.de\/en\/wp-json\/wp\/v2\/pages"}],"about":[{"href":"https:\/\/monrepos.leiza.de\/en\/wp-json\/wp\/v2\/types\/page"}],"author":[{"embeddable":true,"href":"https:\/\/monrepos.leiza.de\/en\/wp-json\/wp\/v2\/users\/1"}],"replies":[{"embeddable":true,"href":"https:\/\/monrepos.leiza.de\/en\/wp-json\/wp\/v2\/comments?post=5599"}],"version-history":[{"count":40,"href":"https:\/\/monrepos.leiza.de\/en\/wp-json\/wp\/v2\/pages\/5599\/revisions"}],"predecessor-version":[{"id":9491,"href":"https:\/\/monrepos.leiza.de\/en\/wp-json\/wp\/v2\/pages\/5599\/revisions\/9491"}],"wp:featuredmedia":[{"embeddable":true,"href":"https:\/\/monrepos.leiza.de\/en\/wp-json\/wp\/v2\/media\/9144"}],"wp:attachment":[{"href":"https:\/\/monrepos.leiza.de\/en\/wp-json\/wp\/v2\/media?parent=5599"}],"curies":[{"name":"wp","href":"https:\/\/api.w.org\/{rel}","templated":true}]}}