{"id":5368,"date":"2018-04-10T14:36:01","date_gmt":"2018-04-10T14:36:01","guid":{"rendered":"https:\/\/monrepos.rgzm.de\/?page_id=5368"},"modified":"2025-10-24T10:04:39","modified_gmt":"2025-10-24T10:04:39","slug":"wissenswertes","status":"publish","type":"page","link":"https:\/\/monrepos.leiza.de\/en\/wissenswertes\/","title":{"rendered":"FAQs"},"content":{"rendered":"<p>\n\n\n<section id=\"section_id-15368\" class=\"fw-main-row-custom fw-main-row-top fw-section-no-padding\" style=\" \" >\n\t<div class=\"fw-col-inner fw-container\" >\n\t\t<div class=\"fw-row\">\n\t\n<div id=\"column-69ea66b477573\" class=\"fw-col-xs-12\" style=\" \">\n        <div class=\"fw-col-inner\" >\n\t\t<h4 style=\"text-align: center;\"><a href=\"#Museum\">Museum &amp; Catering<\/a> | <a href=\"#Wissenschaft\">Science &amp; Research<\/a><\/h4>\t<\/div>\n<\/div><\/div>\n\n<div class=\"fw-row\">\n\t\n<div id=\"column-69ea66b47766a\" class=\"fw-col-xs-12\" style=\" \">\n        <div class=\"fw-col-inner\" >\n\t\t\n\t<div class=\"fw-divider-space\" style=\"padding-top: 50px;\"><\/div>\n\t<\/div>\n<\/div><\/div>\n\n\t<\/div>\n<\/section>\n\n\n<section id=\"section_id-25368\" class=\"fw-main-row-custom fw-section-no-padding\" style=\" \" >\n\t<div class=\"fw-col-inner fw-container\" >\n\t\t<div class=\"fw-row\">\n\t\n<div id=\"column-69ea66b4777cf\" class=\"fw-col-xs-12\" style=\" \">\n        <div class=\"fw-col-inner\" >\n\t\t<div class=\"fw-heading fw-heading-center\" >\n\t\t<h2 class='fw-special-title'><h1>MONREPOS QUICK INFO<\/h1><\/h2>\t<\/div><p style=\"text-align: center;\">Whether visiting the exhibition, the restaurant or the research institute. Before you arrive, you often have a number of questions. We have compiled a small overview of the most frequently asked ones here.<\/p><p>&nbsp;<\/p>\t<\/div>\n<\/div><\/div>\n\n\t<\/div>\n<\/section>\n\n\n<section id=\"section_id-35368\" class=\"fw-main-row-custom fw-section-no-padding\" style=\" \" >\n\t<div class=\"fw-col-inner fw-container\" >\n\t\t<div class=\"fw-row\">\n\t\n<div id=\"column-69ea66b47799c\" class=\"fw-col-xs-12\" style=\" \">\n        <div class=\"fw-col-inner\" >\n\t\t<div class=\"fw-heading fw-heading-center\" >\n\t\t<h2 class='fw-special-title'><h2>Museum &amp; Catering<\/h2><\/h2>\t<\/div><img loading=\"lazy\" decoding=\"async\" src=\"https:\/\/monrepos.rgzm.de\/wp-content\/uploads\/2018\/10\/Museum-040809-12-1-900x400.jpg\" alt=\"https:\/\/monrepos.rgzm.de\/wp-content\/uploads\/2018\/10\/Museum-040809-12-1-900x400.jpg\" width=\"900\" height=\"400\" \/><div class=\"fw-accordion\">\n\t\t\t<h3 class=\"fw-accordion-title\">Is it permitted to take photographs? <\/h3>\n\t\t<div class=\"fw-accordion-content\">\n\t\t\t<p>Photographing in the exhibition is permitted for private use. <\/p>\n\t\t<\/div>\n\t\t\t<h3 class=\"fw-accordion-title\">Are there opportunities for child care?<\/h3>\n\t\t<div class=\"fw-accordion-content\">\n\t\t\t<p>Samstag ist Familientag, auch bei uns in MONREPOS! Jeden Samstag bieten wir eine kindgerechte Familien-F\u00fchrung durch unsere Ausstellung. Einmal im Monat findet au\u00dferdem unser Format \u00bbminiMon\u00ab f\u00fcr Kinder ab 6 Jahren statt. Daten, Themen und Kosten findest Du in unserem Kalender.  \r\n\r\n<\/p>\n\t\t<\/div>\n\t\t\t<h3 class=\"fw-accordion-title\">Is there a museum shop?<\/h3>\n\t\t<div class=\"fw-accordion-content\">\n\t\t\t<p>The museum shop MonSouvenir is located in the entrance area of the museum. The articles available there are carefully selected. In addition, under the label Mon, we have created a series of products that capture the carefree, nature-loving atmosphere of the Palaeolithic Age.<\/p>\n\t\t<\/div>\n\t\t\t<h3 class=\"fw-accordion-title\">Is there a diaper-changing table available?<\/h3>\n\t\t<div class=\"fw-accordion-content\">\n\t\t\t<p>The diaper-changing table is located in the museum at the toilets for disabled people. A small first aid kit for diaper emergencies is also available there.<\/p>\n\t\t<\/div>\n\t\t\t<h3 class=\"fw-accordion-title\">Is there a discount?<\/h3>\n\t\t<div class=\"fw-accordion-content\">\n\t\t\t<p>Families get a 20% discount | Discount (with identification) for children from 6 years, students, seniors, people with disability<\/p>\n\t\t<\/div>\n\t\t\t<h3 class=\"fw-accordion-title\">Is the museum open seven days a week?<\/h3>\n\t\t<div class=\"fw-accordion-content\">\n\t\t\t<p>Unser Museum hat von Mittwoch bis Sonntag sowie an (vielen) Feiertagen von 10:00 bis 17:00 Uhr ge\u00f6ffnet. Die genauen \u00d6ffnungszeiten entnehmen Sie bitte unseren aktuellen Ank\u00fcndigungen.<\/p>\n\t\t<\/div>\n\t\t\t<h3 class=\"fw-accordion-title\">Is the caf\u00e9-restaurant open seven days a week?<\/h3>\n\t\t<div class=\"fw-accordion-content\">\n\t\t\t<p>Die \u00d6ffnungszeiten des \u00bbHeimathirsch\u00ab findest Du unter der Rubrik \u00bbGastronomie\u00ab .<\/p>\n\t\t<\/div>\n\t\t\t<h3 class=\"fw-accordion-title\">Is MONREPOS barrier-free?<\/h3>\n\t\t<div class=\"fw-accordion-content\">\n\t\t\t<p>Schloss Monrepos ist bestm\u00f6glich rollstuhlgerecht. Sowohl in der Ausstellung als auch in der Museumsp\u00e4dagogik steht jeweils ein behindertengerechtes WC zur Verf\u00fcgung. Auch die Terrasse mit Panoramablick und unser Caf\u00e9-Restaurant Heimathirsch sind barrierefrei zug\u00e4nglich. <\/p>\n\t\t<\/div>\n\t\t\t<h3 class=\"fw-accordion-title\">Is it possible to book the venue for a private party or a business event?<\/h3>\n\t\t<div class=\"fw-accordion-content\">\n\t\t\t<p>MONREPOS, with its unique setting overlooking the Middle Rhine, offers a small but fine and unforgettable location for celebrations, meetings and seminars. <\/p>\n\t\t<\/div>\n\t\t\t<h3 class=\"fw-accordion-title\">How about food and drink at the museum?<\/h3>\n\t\t<div class=\"fw-accordion-content\">\n\t\t\t<p>Im Museum befindet sich das Caf\u00e9-Restaurant \u00bbHeimathirsch\u00ab.\r\n<\/p>\n\t\t<\/div>\n\t\t\t<h3 class=\"fw-accordion-title\">Are dogs allowed?<\/h3>\n\t\t<div class=\"fw-accordion-content\">\n\t\t\t<p>Dogs are welcome in the restaurant and in the museum shop. The exhibition itself, however, may only be visited by assistance dogs. We will happily dog-sit your four-legged friends at the museum reception, as long as they are among the quieter representatives of their kind. <\/p>\n\t\t<\/div>\n\t\t\t<h3 class=\"fw-accordion-title\">How much time should I allow for the exhibition visit?<\/h3>\n\t\t<div class=\"fw-accordion-content\">\n\t\t\t<p>We recommend taking about 90-120 minutes to visit the exhibition.<\/p>\n\t\t<\/div>\n\t<\/div>\t<\/div>\n<\/div><\/div>\n\n<div class=\"fw-row\">\n\t\n<div id=\"column-69ea66b477c8a\" class=\"fw-col-xs-12\" style=\" \">\n        <div class=\"fw-col-inner\" >\n\t\t\n\t<div class=\"fw-divider-space\" style=\"padding-top: 50px;\"><\/div>\n\t<div class=\"fw-divider-line\"><hr\/><\/div>\n\n\n\t<div class=\"fw-divider-space\" style=\"padding-top: 50px;\"><\/div>\n\t<\/div>\n<\/div><\/div>\n\n\t<\/div>\n<\/section>\n\n\n<section id=\"section_id-45368\" class=\"fw-main-row-custom fw-section-no-padding\" style=\" \" >\n\t<div class=\"fw-col-inner fw-container\" >\n\t\t<div class=\"fw-row\">\n\t\n<div id=\"column-69ea66b477dea\" class=\"fw-col-xs-12\" style=\" \">\n        <div class=\"fw-col-inner\" >\n\t\t<div class=\"fw-heading fw-heading-center\" >\n\t\t<h2 class='fw-special-title'><h2>Science &amp; Research<\/h2><\/h2>\t<\/div><img loading=\"lazy\" decoding=\"async\" src=\"https:\/\/monrepos.rgzm.de\/wp-content\/uploads\/2018\/06\/MG_2318clean-e1528291856470-900x400.jpg\" alt=\"https:\/\/monrepos.rgzm.de\/wp-content\/uploads\/2018\/06\/MG_2318clean-e1528291856470-900x400.jpg\" width=\"900\" height=\"400\" \/><div class=\"fw-accordion\">\n\t\t\t<h3 class=\"fw-accordion-title\">What kind of institution is this?<\/h3>\n\t\t<div class=\"fw-accordion-content\">\n\t\t\t<p>MONREPOS \u2013 Das Arch\u00e4ologische Forschungszentrum und Museum f\u00fcr menschliche Verhaltensevolution ist eine Einrichtung des LEIZA - Leibniz-Zentrum f\u00fcr Arch\u00e4ologie und ist Ausbildungsstandort f\u00fcr das  Institut f\u00fcr Altertumswissenschaften der Johannes Gutenberg-Universit\u00e4t, Mainz.<\/p>\n\t\t<\/div>\n\t\t\t<h3 class=\"fw-accordion-title\">What research takes place at MONREPOS?<\/h3>\n\t\t<div class=\"fw-accordion-content\">\n\t\t\t<p>At MONREPOS we explore the origins of our present behaviour in the Old and Middle Stone Age. To achieve this, we place archaeological finds in their developmental context. <\/p>\n\t\t<\/div>\n\t\t\t<h3 class=\"fw-accordion-title\">Who works at the Archaeological Research Centre for Human Behavioural Evolution?<\/h3>\n\t\t<div class=\"fw-accordion-content\">\n\t\t\t<p>All current and former employees can be found in the Team &amp; Jobs section.<\/p>\n\t\t<\/div>\n\t\t\t<h3 class=\"fw-accordion-title\">Which equipment is available on site?<\/h3>\n\t\t<div class=\"fw-accordion-content\">\n\t\t\t<p>MONREPOS has a Laboratory for Traceology and Controlled Experiments (TraCEr), Osteological and Taphonomic Faunal Reference Collections, a Reference Library, as well as a Photographic Archive, a Lithic Raw Material Reference Collection and the Palaeolithic and Mesolithic section of the RGZM Archaeological Study Collection. Further information can be found here.<\/p>\n\t\t<\/div>\n\t\t\t<h3 class=\"fw-accordion-title\">Is it possible to use the library?<\/h3>\n\t\t<div class=\"fw-accordion-content\">\n\t\t\t<p>Our library is a reference library: books can only be viewed on site and by appointment. Opening hours: Monday to Thursday 8 am - 5 pm, Friday 8 am - 12 noon Please contact: Heidrun Gr\u00e4f Tel. +49 (0) 2631-977216 E-Mail: graef@rgzm.de\r\n<\/p>\n\t\t<\/div>\n\t\t\t<h3 class=\"fw-accordion-title\">Is it possible to visit the laboratories?<\/h3>\n\t\t<div class=\"fw-accordion-content\">\n\t\t\t<p>Yes. Visiting scientists can visit and use our laboratories by appointment. Contact: Heidrun Gr\u00e4f Tel. +49 (0) 2631-977216 E-Mail: graef@rgzm.de\r\n<\/p>\n\t\t<\/div>\n\t\t\t<h3 class=\"fw-accordion-title\">Are there opening and contact times?<\/h3>\n\t\t<div class=\"fw-accordion-content\">\n\t\t\t<p>The opening hours and contact hours of our laboratories and other facilities can be found in the Amenities section or send us an e-mail to: Heidrun Gr\u00e4f E-Mail: graef@rgzm.de\r\n<\/p>\n\t\t<\/div>\n\t\t\t<h3 class=\"fw-accordion-title\">Which services are offered? <\/h3>\n\t\t<div class=\"fw-accordion-content\">\n\t\t\t<p>No services are offered. However, visiting scientists can use equipment for projects which are carried out in cooperation with our scientists.<\/p>\n\t\t<\/div>\n\t\t\t<h3 class=\"fw-accordion-title\">Can commissioned work be carried out in the laboratories? <\/h3>\n\t\t<div class=\"fw-accordion-content\">\n\t\t\t<p>No.<\/p>\n\t\t<\/div>\n\t\t\t<h3 class=\"fw-accordion-title\">What do services \/ equipment times \/ technician times cost? <\/h3>\n\t\t<div class=\"fw-accordion-content\">\n\t\t\t<p>Your cooperation<\/p>\n\t\t<\/div>\n\t\t\t<h3 class=\"fw-accordion-title\">Is it possible to carry out work personally in the laboratories, if so under what conditions?<\/h3>\n\t\t<div class=\"fw-accordion-content\">\n\t\t\t<p>Yes. However, this requires prior instruction and compliance with the safety regulations.<\/p>\n\t\t<\/div>\n\t\t\t<h3 class=\"fw-accordion-title\">Are there collegiate rooms?<\/h3>\n\t\t<div class=\"fw-accordion-content\">\n\t\t\t<p>Yes. Our collegiate rooms are available to visiting scholars and students by appointment. For information and registration please contact: Heidrun Gr\u00e4f Tel. +49 (0) 2631-977216 graef@rgzm.de\r\n<\/p>\n\t\t<\/div>\n\t\t\t<h3 class=\"fw-accordion-title\">Can I participate in the DiPA?<\/h3>\n\t\t<div class=\"fw-accordion-content\">\n\t\t\t<p>The event is public. Everyone is welcome. The \u00bbDialogues on Pleistocene Archaeology\u00ab enable scientific exchange in-house and take place at regular intervals with the participation of colleagues from our international network.<\/p>\n\t\t<\/div>\n\t<\/div>\t<\/div>\n<\/div><\/div>\n\n\t<\/div>\n<\/section><\/p>","protected":false},"excerpt":{"rendered":"<p>Whether visiting the exhibition, the restaurant or the research institute. Before you arrive, you often have a number of questions. We have compiled a small overview of the most frequently asked ones here.<\/p>","protected":false},"author":1,"featured_media":7922,"parent":0,"menu_order":0,"comment_status":"closed","ping_status":"closed","template":"","meta":{"footnotes":""},"class_list":["post-5368","page","type-page","status-publish","has-post-thumbnail","hentry"],"aioseo_notices":[],"_links":{"self":[{"href":"https:\/\/monrepos.leiza.de\/en\/wp-json\/wp\/v2\/pages\/5368","targetHints":{"allow":["GET"]}}],"collection":[{"href":"https:\/\/monrepos.leiza.de\/en\/wp-json\/wp\/v2\/pages"}],"about":[{"href":"https:\/\/monrepos.leiza.de\/en\/wp-json\/wp\/v2\/types\/page"}],"author":[{"embeddable":true,"href":"https:\/\/monrepos.leiza.de\/en\/wp-json\/wp\/v2\/users\/1"}],"replies":[{"embeddable":true,"href":"https:\/\/monrepos.leiza.de\/en\/wp-json\/wp\/v2\/comments?post=5368"}],"version-history":[{"count":36,"href":"https:\/\/monrepos.leiza.de\/en\/wp-json\/wp\/v2\/pages\/5368\/revisions"}],"predecessor-version":[{"id":10384,"href":"https:\/\/monrepos.leiza.de\/en\/wp-json\/wp\/v2\/pages\/5368\/revisions\/10384"}],"wp:featuredmedia":[{"embeddable":true,"href":"https:\/\/monrepos.leiza.de\/en\/wp-json\/wp\/v2\/media\/7922"}],"wp:attachment":[{"href":"https:\/\/monrepos.leiza.de\/en\/wp-json\/wp\/v2\/media?parent=5368"}],"curies":[{"name":"wp","href":"https:\/\/api.w.org\/{rel}","templated":true}]}}