{"id":5342,"date":"2018-04-10T14:10:50","date_gmt":"2018-04-10T14:10:50","guid":{"rendered":"https:\/\/monrepos.rgzm.de\/?page_id=5342"},"modified":"2023-04-22T12:47:24","modified_gmt":"2023-04-22T12:47:24","slug":"presse","status":"publish","type":"page","link":"https:\/\/monrepos.leiza.de\/en\/presse\/","title":{"rendered":"Press"},"content":{"rendered":"<p>\n\n\n<section id=\"section_id-15342\" class=\"fw-main-row-custom fw-main-row-top fw-section-no-padding\" style=\" \" >\n\t<div class=\"fw-col-inner fw-container\" >\n\t\t<div class=\"fw-row\">\n\t\n<div id=\"column-69e1c7e3bf598\" class=\"fw-col-xs-12\" style=\" \">\n        <div class=\"fw-col-inner\" >\n\t\t<div class=\"fw-row\"><div id=\"column-5b1e42f5d1800\" class=\"fw-col-xs-12\"><div class=\"fw-col-inner\"><div class=\"fw-row\"><div id=\"column-5ad5d12f4111a\" class=\"fw-col-xs-12\"><div class=\"fw-col-inner\"><h4 style=\"text-align: center;\"><a href=\"https:\/\/monrepos.leiza.de\/en\/pressemitteilungen\/\">Press Releases<\/a> | <a href=\"https:\/\/monrepos.leiza.de\/en\/pressebilder\/\">Press Images<\/a> | <a href=\"https:\/\/monrepos.leiza.de\/wp-content\/uploads\/2020\/02\/Pressemappe_MONREPOS_2020.pdf\">Press Kit<\/a> | <a href=\"https:\/\/monrepos.leiza.de\/wp-content\/uploads\/2018\/10\/Monrepos_Basic_Infoheft.pdf\">Flyer<\/a> | <a href=\"https:\/\/monrepos.leiza.de\/en\/pressearchiv\/\">Archive<\/a><\/h4><\/div><\/div><\/div><\/div><\/div><\/div>\t<\/div>\n<\/div><\/div>\n\n<div class=\"fw-row\">\n\t\n<div id=\"column-69e1c7e3bf63e\" class=\"fw-col-xs-12\" style=\" \">\n        <div class=\"fw-col-inner\" >\n\t\t\n\t<div class=\"fw-divider-space\" style=\"padding-top: 50px;\"><\/div>\n\t<\/div>\n<\/div><\/div>\n\n\t<\/div>\n<\/section>\n\n\n<section id=\"section_id-25342\" class=\"fw-main-row-custom fw-section-no-padding\" style=\" \" >\n\t<div class=\"fw-col-inner fw-container\" >\n\t\t<div class=\"fw-row\">\n\t\n<div id=\"column-69e1c7e3bf7a1\" class=\"fw-col-xs-12\" style=\" \">\n        <div class=\"fw-col-inner\" >\n\t\t<div class=\"fw-heading fw-heading-center\" >\n\t\t<h3 class='fw-special-title'><h2>Welcome to our press office and editorial office for science communication<\/h2><\/h3>\t<\/div><p style=\"text-align: center;\">This is our offer for journalists and bloggers. You will find all media-relevant information and press documents about MONREPOS here. If you have any questions or need additional material, please contact us personally.<\/p>\t<\/div>\n<\/div><\/div>\n\n<div class=\"fw-row\">\n\t\n<div id=\"column-69e1c7e3bf8ac\" class=\"fw-col-xs-12 fw-col-sm-2\" style=\" \">\n        <div class=\"fw-col-inner\" >\n\t\t\t<\/div>\n<\/div>\n<div id=\"column-69e1c7e3bf8d2\" class=\"fw-col-xs-12 fw-col-sm-4\" style=\" \">\n        <div class=\"fw-col-inner\" >\n\t\t\n\t<div class=\"fw-divider-space\" style=\"padding-top: 50px;\"><\/div>\n<div class=\"fw-team\">\n\t<div class=\"fw-team-image\"><img decoding=\"async\" src=\"\/\/monrepos.leiza.de\/wp-content\/uploads\/2020\/02\/FrankMoseler_2020_a.jpg\" alt=\"Dr. Frank Moseler\"\/><\/div>\n\t<div class=\"fw-team-inner\">\n\t\t<div class=\"fw-team-name\">\n\t\t\t<h3>Dr. Frank Moseler<\/h3>\n\t\t\t<span>Head of Museum  | Press Releases<\/span>\n\t\t<\/div>\n\t\t<div class=\"fw-team-text\">\n\t\t\t<p>Tel. +49 (0) 2631-9772241\nE-Mail: frank.moseler@leiza.de\n<\/p>\n\t\t<\/div>\n\t<\/div>\n<\/div>\t<\/div>\n<\/div>\n<div id=\"column-69e1c7e3bf98d\" class=\"fw-col-xs-12 fw-col-sm-4\" style=\" \">\n        <div class=\"fw-col-inner\" >\n\t\t\n\t<div class=\"fw-divider-space\" style=\"padding-top: 50px;\"><\/div>\n<div class=\"fw-team\">\n\t<div class=\"fw-team-image\"><img decoding=\"async\" src=\"\/\/monrepos.leiza.de\/wp-content\/uploads\/2019\/12\/A-LRosenthal_web_2019_B.jpg\" alt=\"Anna-Lisa Rosenthal, M.A.\"\/><\/div>\n\t<div class=\"fw-team-inner\">\n\t\t<div class=\"fw-team-name\">\n\t\t\t<h3>Anna-Lisa Rosenthal, M.A.<\/h3>\n\t\t\t<span>Scientific Mediator<\/span>\n\t\t<\/div>\n\t\t<div class=\"fw-team-text\">\n\t\t\t<p>Tel. +49 (0) 2631-977220\nE-Mail: annalisa.rosenthal@leiza.de<\/p>\n\t\t<\/div>\n\t<\/div>\n<\/div>\t<\/div>\n<\/div>\n<div id=\"column-69e1c7e3bfa04\" class=\"fw-col-xs-12 fw-col-sm-2\" style=\" \">\n        <div class=\"fw-col-inner\" >\n\t\t\t<\/div>\n<\/div><\/div>\n\n<div class=\"fw-row\">\n\t\n<div id=\"column-69e1c7e3bfa5b\" class=\"fw-col-xs-12\" style=\" \">\n        <div class=\"fw-col-inner\" >\n\t\t\n\t<div class=\"fw-divider-space\" style=\"padding-top: 50px;\"><\/div>\n\t<\/div>\n<\/div><\/div>\n\n<div class=\"fw-row\">\n\t\n<div id=\"column-69e1c7e3bfad5\" class=\"fw-col-xs-12\" style=\" \">\n        <div class=\"fw-col-inner\" >\n\t\t\t<div class=\"fw-divider-line\"><hr\/><\/div>\n\n\t<\/div>\n<\/div><\/div>\n\n<div class=\"fw-row\">\n\t\n<div id=\"column-69e1c7e3bfb4b\" class=\"fw-col-xs-12\" style=\" \">\n        <div class=\"fw-col-inner\" >\n\t\t\n\t<div class=\"fw-divider-space\" style=\"padding-top: 50px;\"><\/div>\n\t<\/div>\n<\/div><\/div>\n\n\t<\/div>\n<\/section>\n\n\n<section id=\"section_id-35342\" class=\"fw-main-row-custom fw-section-no-padding  fw_theme_bg_color_1\" style=\" \" >\n\t<div class=\"fw-col-inner fw-container\" >\n\t\t<div class=\"fw-row\">\n\t\n<div id=\"column-69e1c7e3bfc86\" class=\"fw-col-xs-12\" style=\" \">\n        <div class=\"fw-col-inner\" >\n\t\t<div class=\"fw-heading fw-heading-center\" >\n\t\t<h2 class='fw-special-title'>Press Mailing List<\/h2>\t<\/div>\t<\/div>\n<\/div><\/div>\n\n<div class=\"fw-row\">\n\t\n<div id=\"column-69e1c7e3bfd3b\" class=\"fw-col-xs-12\" style=\" \">\n        <div class=\"fw-col-inner\" >\n\t\t<p style=\"text-align: center;\">We are happy to inform you about our work and current developments and events. So that we can update you according to your needs, we ask you to send an e-mail to <span style=\"color: #ffffff;\"><a style=\"color: #ffffff;\" href=\"\/en\/frank.moseler@leiza.de\/\">frank.moseler@leiza.de<\/a><\/span> with the words \"Please add me to your press mailing list\".<\/p><h5 style=\"text-align: center;\">MONREPOS - Arch\u00e4ologisches Forschungszentrum und Museum f\u00fcr menschliche Verhaltensevolution, Schloss Monrepos, 56567 Neuwied, processes your personal data for the purpose of sending the press distribution on the basis of your consent in accordance with Art. 6 para. 1 a EU-GDPR. Your data will not be shared with third parties. For more information regarding the processing of your data and the rights you have in this context, please refer to the Privacy Policy.<\/h5>\t<\/div>\n<\/div><\/div>\n\n\t<\/div>\n<\/section><\/p>","protected":false},"excerpt":{"rendered":"<p>Willkommen in unserer Pressestelle &#038; Redaktion f\u00fcr Wissenschaftskommunikation. Dies ist unser Angebot f\u00fcr Journalisten und Blogger. Sie finden hier alle medienrelevanten Informationen und Presseunterlagen zu MONREPOS. Sollten Sie Fragen haben oder zus\u00e4tzliches Material ben\u00f6tigen, sprechen Sie uns gerne pers\u00f6nlich an.<\/p>","protected":false},"author":1,"featured_media":6148,"parent":0,"menu_order":0,"comment_status":"closed","ping_status":"closed","template":"","meta":{"footnotes":""},"class_list":["post-5342","page","type-page","status-publish","has-post-thumbnail","hentry"],"aioseo_notices":[],"_links":{"self":[{"href":"https:\/\/monrepos.leiza.de\/en\/wp-json\/wp\/v2\/pages\/5342","targetHints":{"allow":["GET"]}}],"collection":[{"href":"https:\/\/monrepos.leiza.de\/en\/wp-json\/wp\/v2\/pages"}],"about":[{"href":"https:\/\/monrepos.leiza.de\/en\/wp-json\/wp\/v2\/types\/page"}],"author":[{"embeddable":true,"href":"https:\/\/monrepos.leiza.de\/en\/wp-json\/wp\/v2\/users\/1"}],"replies":[{"embeddable":true,"href":"https:\/\/monrepos.leiza.de\/en\/wp-json\/wp\/v2\/comments?post=5342"}],"version-history":[{"count":52,"href":"https:\/\/monrepos.leiza.de\/en\/wp-json\/wp\/v2\/pages\/5342\/revisions"}],"predecessor-version":[{"id":9413,"href":"https:\/\/monrepos.leiza.de\/en\/wp-json\/wp\/v2\/pages\/5342\/revisions\/9413"}],"wp:featuredmedia":[{"embeddable":true,"href":"https:\/\/monrepos.leiza.de\/en\/wp-json\/wp\/v2\/media\/6148"}],"wp:attachment":[{"href":"https:\/\/monrepos.leiza.de\/en\/wp-json\/wp\/v2\/media?parent=5342"}],"curies":[{"name":"wp","href":"https:\/\/api.w.org\/{rel}","templated":true}]}}