{"id":5339,"date":"2018-04-10T14:10:41","date_gmt":"2018-04-10T14:10:41","guid":{"rendered":"https:\/\/monrepos.rgzm.de\/?page_id=5339"},"modified":"2023-08-22T08:19:55","modified_gmt":"2023-08-22T08:19:55","slug":"impressum","status":"publish","type":"page","link":"https:\/\/monrepos.leiza.de\/en\/impressum\/","title":{"rendered":"Imprint"},"content":{"rendered":"<section id=\"section_id-15339\" class=\"fw-main-row fw-section-no-padding\" style=\" \" >\n\t<div class=\"fw-col-inner fw-container\" >\n\t\t<div class=\"fw-row\">\n\t\n<div id=\"column-69e8ac6b15316\" class=\"fw-col-xs-12\" style=\" \">\n        <div class=\"fw-col-inner\" >\n\t\t<h4>Angaben gem\u00e4\u00df \u00a7 5 TMG, \u00a7 55 RStV<\/h4><p><strong>LEIZA<br \/><\/strong>Leibniz-Zentrum f\u00fcr Arch\u00e4ologie<\/p><p>Stiftung des \u00d6ffentlichen Rechts<br \/>vertreten durch die Generaldirektorin Univ.-Prof. Dr. Alexandra W. Busch<\/p><h4>Postanschrift<\/h4><p>Neutorstra\u00dfe 2 \/ Ludwig-Lindenschmitt-Forum Nr. 1<br \/>55116 Mainz<\/p><h4>Contact<\/h4><p>Tel.: +49 (0) 2631 \/ 9772-0<br \/>Fax.: +49 (0) 2631 \/ 9772-299<br \/><a href=\"mailto:monrepos@leiza.de\">monrepos@leiza.de<\/a><br \/><a href=\"https:\/\/monrepos.leiza.de\/en\/\">monrepos.leiza.de<\/a><\/p><p>Ust.-ID-Nr.: DE 279953584<\/p><p>&nbsp;<\/p><h4>Inhaltlich verantwortlich<\/h4><p>Univ.-Prof. Dr. Sabine Gaudzinski-Windheuser<br \/>Leiterin MONREPOS \u2013 Arch\u00e4ologisches Forschungszentrum und Museum f\u00fcr menschliche Verhaltensevolution<br \/>Schloss Monrepos<br \/>D-56567 Neuwied<\/p><h4>Texte<\/h4><p>MONREPOS<\/p><h4>Gestaltung und Programmierung<\/h4><p>Annine Fuchs M.A., MONREPOS<br \/>Nicole Vieh\u00f6ver, MONREPOS<br \/>Designed by <a href=\"https:\/\/www.wpzoom.com\/\">WPZOOM<\/a><\/p><h4><\/h4><h4>Fotografien \/ Grafiken<\/h4><p><a href=\"http:\/\/www.mariesjovold.no\/\">Marie Sj\u00f6vold<\/a>, Norwegen<\/p><p>LEIZA, Leibniz Zentrum f\u00fcr Arch\u00e4ologie<\/p><p>Dorothea Maria Schwab, MONREPOS<\/p><p>Monika Knul<\/p><p>Unsplash<\/p><p>Sami Fayed<\/p><p>Henning L\u00f6hlein<\/p><h3>Hinweise zum Urheberrecht<\/h3><p>Die Website des LEIZA einschlie\u00dflich aller ihrer Teile wie Texte, Grafiken sowie Video- und Audiodateien ist urheberrechtlich gesch\u00fctzt. Auch auf die verwendeten Reproduktionen von gemeinfreien Objekten, bei denen das Urheberrecht durch Zeitablauf erloschen ist, sind als solche gesch\u00fctzt.<\/p><p>Jede vom deutschen Urheber- und Leistungsschutzrecht nicht zugelassene Verwertung bedarf der vorherigen schriftlichen Zustimmung des Anbieters oder jeweiligen Rechteinhabers. Dies gilt insbesondere f\u00fcr Vervielf\u00e4ltigung oder Verwendung aller Texte, Grafiken, Tondokumente, und Videosequenzen in anderen elektronischen oder gedruckten Publikationen. Lediglich die Herstellung von Kopien und Downloads f\u00fcr den pers\u00f6nlichen, privaten und nicht kommerziellen Gebrauch ist erlaubt. Im Falle der unberechtigten Nutzung von Material m\u00fcssen Sie mit einer rechtlichen Verfolgung durch uns und dritte Rechteinhaber rechnen.<br \/>Eine Verlinkung der Inhalte ist hingegen gestattet.<\/p><h3>Externe Links<\/h3><p>Diese Website enth\u00e4lt m\u00f6glicherweise Verkn\u00fcpfungen zu Websites anderer Anbieter und Betreiber (\"externe Links\"). Diese Websites unterliegen der Haftung der jeweiligen \u00a0Betreiber. Das LEIZA hat zum Zeitpunkt der Verlinkung die angebotenen Inhalte daraufhin \u00fcberpr\u00fcft, ob Rechtsverst\u00f6\u00dfe bestehen. Zum Zeitpunkt der erstmaligen Verlinkung waren keine Rechtsverst\u00f6\u00dfe ersichtlich. Das LEIZA hat keinerlei Einfluss auf die Gestaltung und Inhalte der verkn\u00fcpften Seiten. \u00a0Insbesondere mach sich das LEIZA die hinter dem Verweis oder Link liegenden Inhalte nicht zu Eigen. Eine st\u00e4ndige Kontrolle dieser externen Links ohne konkreten Hinweis auf einen Rechtsversto\u00df findet nicht statt. Sollte der inhaltlich Verantwortliche \u00a0Kenntnis von Rechtsverst\u00f6\u00dfen erhalten, werden diese externen Links unverz\u00fcglich gel\u00f6scht.<\/p><h3>Haftungsbeschr\u00e4nkung<\/h3><p>Die Inhalte dieser Website werden mit gr\u00f6\u00dftm\u00f6glicher Sorgfalt erstellt. Das LEIZA \u00fcbernimmt jedoch keine Gew\u00e4hr f\u00fcr die Richtigkeit, Vollst\u00e4ndigkeit und Aktualit\u00e4t der bereitgestellten Inhalte. Die Nutzung der Inhalte der Website erfolgt auf eigene Gefahr des Nutzers. Mit der reinen Nutzung der Website des Anbieters kommt keinerlei Vertragsverh\u00e4ltnis zwischen dem Nutzer und dem Anbieter zustande.<\/p><p>F\u00fcr Sch\u00e4den materieller oder immaterieller Art, die durch die Nutzung oder Nichtnutzung der dargebotenen Informationen bzw. durch die Nutzung fehlerhafter und unvollst\u00e4ndiger Informationen unmittelbar oder mittelbar verursacht werden, haften das LEIZA nicht, sofern ihm nicht nachweislich vors\u00e4tzliches oder grob fahrl\u00e4ssiges Verschulden zur Last f\u00e4llt. Gleiches gilt f\u00fcr kostenlos zum Download bereitgehaltene Software.<\/p><p>Dieser Haftungsausschluss ist als Teil des Internetangebotes zu betrachten, von dem aus auf diese Seite verwiesen wurde. Sofern Teile oder einzelne Formulierungen dieses Textes der geltenden Rechtslage nicht, nicht mehr oder nicht vollst\u00e4ndig entsprechen sollten, bleiben die \u00fcbrigen Teile des Dokumentes in ihrem Inhalt und ihrer G\u00fcltigkeit davon unber\u00fchrt.<\/p>\t<\/div>\n<\/div><\/div>\n\n\t<\/div>\n<\/section>","protected":false},"excerpt":{"rendered":"<p>Angaben gem\u00e4\u00df \u00a7 5 TMG, \u00a7 55 RStVLEIZALeibniz-Zentrum f\u00fcr Arch\u00e4ologieStiftung des \u00d6ffentlichen Rechtsvertreten durch die Generaldirektorin Univ.-Prof. Dr. Alexandra W. BuschPostanschriftNeutorstra\u00dfe 2 \/ Ludwig-Lindenschmitt-Forum Nr. 155116 MainzKontaktTel.: +49 (0) 2631 \/ 9772-0Fax.: +49 (0) 2631 \/ 9772-299monrepos@leiza.demonrepos.leiza.deUst.-ID-Nr.: DE 279953584&nbsp;Inhaltlich verantwortlichUniv.-Prof. Dr. Sabine Gaudzinski-WindheuserLeiterin MONREPOS \u2013 Arch\u00e4ologisches Forschungszentrum und Museum f\u00fcr [&hellip;]<\/p>\n","protected":false},"author":1,"featured_media":0,"parent":0,"menu_order":0,"comment_status":"closed","ping_status":"closed","template":"","meta":{"footnotes":""},"class_list":["post-5339","page","type-page","status-publish","hentry"],"aioseo_notices":[],"_links":{"self":[{"href":"https:\/\/monrepos.leiza.de\/en\/wp-json\/wp\/v2\/pages\/5339","targetHints":{"allow":["GET"]}}],"collection":[{"href":"https:\/\/monrepos.leiza.de\/en\/wp-json\/wp\/v2\/pages"}],"about":[{"href":"https:\/\/monrepos.leiza.de\/en\/wp-json\/wp\/v2\/types\/page"}],"author":[{"embeddable":true,"href":"https:\/\/monrepos.leiza.de\/en\/wp-json\/wp\/v2\/users\/1"}],"replies":[{"embeddable":true,"href":"https:\/\/monrepos.leiza.de\/en\/wp-json\/wp\/v2\/comments?post=5339"}],"version-history":[{"count":24,"href":"https:\/\/monrepos.leiza.de\/en\/wp-json\/wp\/v2\/pages\/5339\/revisions"}],"predecessor-version":[{"id":9511,"href":"https:\/\/monrepos.leiza.de\/en\/wp-json\/wp\/v2\/pages\/5339\/revisions\/9511"}],"wp:attachment":[{"href":"https:\/\/monrepos.leiza.de\/en\/wp-json\/wp\/v2\/media?parent=5339"}],"curies":[{"name":"wp","href":"https:\/\/api.w.org\/{rel}","templated":true}]}}