{"id":5258,"date":"2018-04-10T13:08:01","date_gmt":"2018-04-10T13:08:01","guid":{"rendered":"https:\/\/monrepos.rgzm.de\/?page_id=5258"},"modified":"2024-11-21T13:51:53","modified_gmt":"2024-11-21T13:51:53","slug":"ueber-uns","status":"publish","type":"page","link":"https:\/\/monrepos.leiza.de\/en\/ueber-uns\/","title":{"rendered":"About us"},"content":{"rendered":"<p>\n\n\n<section id=\"section_id-15258\" class=\"fw-main-row-custom fw-main-row-top fw-section-no-padding\" style=\" \" >\n\t<div class=\"fw-col-inner fw-container\" >\n\t\t<div class=\"fw-row\">\n\t\n<div id=\"column-69da697c66cdf\" class=\"fw-col-xs-12\" style=\" \">\n        <div class=\"fw-col-inner\" >\n\t\t<div class=\"fw-row\"><div id=\"column-5ad5d12f4111a\" class=\"fw-col-xs-12\"><div class=\"fw-col-inner\"><h4 style=\"text-align: center;\"><a href=\"#Forschung\">Research &amp; Teaching<\/a> | <a href=\"#Team\">Team &amp; Job offers<\/a> | <a href=\"#Tr\u00e4ger\">Supporters &amp; Friends<\/a><\/h4><\/div><\/div><\/div>\t<\/div>\n<\/div><\/div>\n\n<div class=\"fw-row\">\n\t\n<div id=\"column-69da697c66d8e\" class=\"fw-col-xs-12\" style=\" \">\n        <div class=\"fw-col-inner\" >\n\t\t\n\t<div class=\"fw-divider-space\" style=\"padding-top: 50px;\"><\/div>\n\t<\/div>\n<\/div><\/div>\n\n\t<\/div>\n<\/section>\n\n\n<section id=\"section_id-25258\" class=\"fw-main-row-custom fw-section-no-padding\" style=\" \" >\n\t<div class=\"fw-col-inner fw-container\" >\n\t\t<div class=\"fw-row\">\n\t\n<div id=\"column-69da697c66ee0\" class=\"fw-col-xs-12\" style=\" \">\n        <div class=\"fw-col-inner\" >\n\t\t<div class=\"fw-heading fw-heading-center\" >\n\t\t<h2 class='fw-special-title'><h1>MONREPOS<\/h1><\/h2>\t<\/div><div class=\"ce_text alpha grid_6 omega block\"><p style=\"text-align: center;\">MONREPOS is a research museum: at the cutting-edge of archaeological investigation, its mediation and its socio-political discourse are here inseparably interwoven. We are a dependency of the <a href=\"http:\/\/web.rgzm.de\/\">LEIZA - Leibniz-Zentrum f\u00fcr Arch\u00e4ologie<\/a> and a member of the <a href=\"https:\/\/www.leibniz-gemeinschaft.de\/\">Leibniz-Association<\/a>. For more than 30 years we have been working at Schloss Monrepos (French for \u00bbMy Repose\u00ab), in the historic recreational area between the UNESCO World Heritage Sites \u00bbUpper Middle Rhine Valley\u00ab and \u00bbUpper Germanic-Rhaetian Limes\u00ab.<\/p><\/div>\n\t<div class=\"fw-divider-space\" style=\"padding-top: 50px;\"><\/div>\n\t<div class=\"fw-divider-line\"><hr\/><\/div>\n\n\n\t<div class=\"fw-divider-space\" style=\"padding-top: 50px;\"><\/div>\n\t<\/div>\n<\/div><\/div>\n\n\t<\/div>\n<\/section>\n\n\n<section id=\"section_id-35258\" class=\"fw-main-row-custom fw-section-no-padding\" style=\" \" >\n\t<div class=\"fw-col-inner fw-container\" >\n\t\t<div class=\"fw-row\">\n\t\n<div id=\"column-69da697c67076\" class=\"fw-col-xs-12\" style=\" \">\n        <div class=\"fw-col-inner\" >\n\t\t<div class=\"fw-heading fw-heading-center\" >\n\t\t<h2 class='fw-special-title'><h1 id=\"Forschung\">RESEARCH &amp; TEACHING<\/h1><\/h2>\t<\/div><p style=\"text-align: center;\">Good science needs a stable framework and solid tools. It requires communication, courage and creativity. A sound education and the promotion of young talent, creative development, an unmistakable working atmosphere with the facilities of Schloss Monrepos, all integrated within an international network together form part of our philosophy.<\/p>\n<div class=\"wpz-btn-center\">\n    <a href=\"https:\/\/monrepos.leiza.de\/en\/forschung-lehre\/\" target=\"_self\" class=\"wpz-btn wpz-btn-1 wpz-btn-white\">\n    \t<span>Projects, Amenities &amp; more<\/span>\n    <\/a>\n<\/div>\n\n\t<div class=\"fw-divider-space\" style=\"padding-top: 50px;\"><\/div>\n<img loading=\"lazy\" decoding=\"async\" src=\"https:\/\/monrepos.leiza.de\/wp-content\/uploads\/2024\/05\/MG_2150clean-Kolonisierung_verkleinert-900x400.jpg\" alt=\"https:\/\/monrepos.leiza.de\/wp-content\/uploads\/2024\/05\/MG_2150clean-Kolonisierung_verkleinert-900x400.jpg\" width=\"900\" height=\"400\" \/>\n\t<div class=\"fw-divider-space\" style=\"padding-top: 50px;\"><\/div>\n\t<div class=\"fw-divider-line\"><hr\/><\/div>\n\n\n\t<div class=\"fw-divider-space\" style=\"padding-top: 50px;\"><\/div>\n\t<\/div>\n<\/div><\/div>\n\n\t<\/div>\n<\/section>\n\n\n<section id=\"section_id-45258\" class=\"fw-main-row-custom fw-section-no-padding\" style=\" \" >\n\t<div class=\"fw-col-inner fw-container\" >\n\t\t<div class=\"fw-row\">\n\t\n<div id=\"column-69da697c674be\" class=\"fw-col-xs-12\" style=\" \">\n        <div class=\"fw-col-inner\" >\n\t\t<div class=\"fw-heading fw-heading-center\" >\n\t\t<h2 class='fw-special-title'><h1 id=\"Team\">TEAM &amp; JOBS<\/h1><\/h2>\t<\/div>\n<p style=\"text-align: center;\">You are interested in MONREPOS and the people behind the scenes of the Archaeological Research Centre and Museum for Human Behavioural Evolution or would like to be a part of it? Then you will find our current job vacancies as well as an overview of the current employees and alumni of the house in this section.<\/p>\n\t<div class=\"fw-divider-space\" style=\"padding-top: 50px;\"><\/div>\n\n\n<div class=\"wpz-btn-center\">\n    <a href=\"https:\/\/monrepos.leiza.de\/en\/team\/\" target=\"_self\" class=\"wpz-btn wpz-btn-1 wpz-btn-white\">\n    \t<span>More info<\/span>\n    <\/a>\n<\/div>\n\n\t<div class=\"fw-divider-space\" style=\"padding-top: 50px;\"><\/div>\n\t<div class=\"fw-divider-line\"><hr\/><\/div>\n\n\n\t<div class=\"fw-divider-space\" style=\"padding-top: 50px;\"><\/div>\n\t<\/div>\n<\/div><\/div>\n\n\t<\/div>\n<\/section>\n\n\n<section id=\"section_id-55258\" class=\"fw-main-row-custom fw-section-no-padding\" style=\" \" >\n\t<div class=\"fw-col-inner fw-container\" >\n\t\t<div class=\"fw-row\">\n\t\n<div id=\"column-69da697c6774b\" class=\"fw-col-xs-12\" style=\" \">\n        <div class=\"fw-col-inner\" >\n\t\t<div class=\"fw-heading fw-heading-center\" >\n\t\t<h2 class='fw-special-title'><h1 id=\"Human Roots Award\">Human Roots Award<\/h1><\/h2>\t<\/div><p style=\"text-align: center;\">The Human Roots Award is an international archaeology award. It was created in 2017 and is awarded annually by MONREPOS - The Archaeological Research Centre and Museum of Human Behavioural Evolution at Schloss Monrepos near Neuwied.<\/p>\n<div class=\"wpz-btn-center\">\n    <a href=\"https:\/\/monrepos.leiza.de\/en\/human-roots-award\/\" target=\"_self\" class=\"wpz-btn wpz-btn-1 wpz-btn-white\">\n    \t<span>Human Roots Award<\/span>\n    <\/a>\n<\/div>\n\n\t<div class=\"fw-divider-space\" style=\"padding-top: 50px;\"><\/div>\n<div class=\"video-wrapper shortcode-container\">\n\t<iframe loading=\"lazy\" hcb-fetch-image-from=\"https:\/\/www.youtube.com\/watch?v=TR0YBpQfYBs\" title=\"Human Roots Award 2022_Michael Tomasello - Highlights - MonAir MONREPOS\" width=\"300\" height=\"169\" src=\"https:\/\/www.youtube.com\/embed\/TR0YBpQfYBs?feature=oembed\" frameborder=\"0\" allow=\"accelerometer; autoplay; clipboard-write; encrypted-media; gyroscope; picture-in-picture; web-share\" referrerpolicy=\"strict-origin-when-cross-origin\" allowfullscreen><\/iframe><\/div>\n\n\t<div class=\"fw-divider-space\" style=\"padding-top: 50px;\"><\/div>\n\t<div class=\"fw-divider-line\"><hr\/><\/div>\n\n\n\t<div class=\"fw-divider-space\" style=\"padding-top: 50px;\"><\/div>\n\t<\/div>\n<\/div><\/div>\n\n\t<\/div>\n<\/section>\n\n\n<section id=\"section_id-65258\" class=\"fw-main-row-custom fw-section-no-padding\" style=\" \" >\n\t<div class=\"fw-col-inner fw-container\" >\n\t\t<div class=\"fw-row\">\n\t\n<div id=\"column-69da697c67c4b\" class=\"fw-col-xs-12\" style=\" \">\n        <div class=\"fw-col-inner\" >\n\t\t<div class=\"fw-heading fw-heading-center\" >\n\t\t<h2 class='fw-special-title'><h1 id=\"Tr\u00e4ger\">Supporters &amp; Friends<\/h1><\/h2>\t<\/div><p style=\"text-align: center;\">MONREPOS is an institution of LEIZA, Leibniz Centre for Archaeology and is a training site of the Institute of Classical Studies, Department of Pre- and Protohistoric Archaeology at Johannes Gutenberg University Mainz. MONREPOS is also supported by the Prinz Maximilian zu Wied-Stiftung, the F\u00f6rderkreis des Forschungsbereiches Altsteinzeit e.V. and volunteers and works in co-operation with international partners.<\/p>\n\t<div class=\"fw-divider-space\" style=\"padding-top: 50px;\"><\/div>\n\t<\/div>\n<\/div><\/div>\n\n<div class=\"fw-row\">\n\t\n<div id=\"column-69da697c67d67\" class=\"fw-col-xs-12 fw-col-sm-2\" style=\" \">\n        <div class=\"fw-col-inner\" >\n\t\t<a href=\"http:\/\/web.rgzm.de\/\" target=\"_self\" ><img loading=\"lazy\" decoding=\"async\" src=\"https:\/\/monrepos.leiza.de\/wp-content\/uploads\/2024\/05\/Logo-Leiza-rot-150x70.png\" alt=\"https:\/\/monrepos.leiza.de\/wp-content\/uploads\/2024\/05\/Logo-Leiza-rot-150x70.png\" width=\"150\" height=\"70\" \/><\/a>\n\t<div class=\"fw-divider-space\" style=\"padding-top: 50px;\"><\/div>\n\t<\/div>\n<\/div>\n<div id=\"column-69da697c67f5d\" class=\"fw-col-xs-12 fw-col-sm-2\" style=\" \">\n        <div class=\"fw-col-inner\" >\n\t\t<a href=\"https:\/\/www.leibniz-gemeinschaft.de\/\" target=\"_self\" ><img loading=\"lazy\" decoding=\"async\" src=\"https:\/\/monrepos.leiza.de\/wp-content\/uploads\/2024\/05\/Logo-Leibnis-320x220.png\" alt=\"https:\/\/monrepos.leiza.de\/wp-content\/uploads\/2024\/05\/Logo-Leibnis-320x220.png\" width=\"320\" height=\"220\" \/><\/a>\n\t<div class=\"fw-divider-space\" style=\"padding-top: 50px;\"><\/div>\n\t<\/div>\n<\/div>\n<div id=\"column-69da697c68105\" class=\"fw-col-xs-12 fw-col-sm-2\" style=\" \">\n        <div class=\"fw-col-inner\" >\n\t\t<a href=\"http:\/\/www.uni-mainz.de\/\" target=\"_self\" ><img loading=\"lazy\" decoding=\"async\" src=\"https:\/\/monrepos.leiza.de\/wp-content\/uploads\/2024\/05\/Logo-Uni-Mainz-300x200.png\" alt=\"https:\/\/monrepos.leiza.de\/wp-content\/uploads\/2024\/05\/Logo-Uni-Mainz-300x200.png\" width=\"300\" height=\"200\" \/><\/a>\n\t<div class=\"fw-divider-space\" style=\"padding-top: 50px;\"><\/div>\n\t<\/div>\n<\/div>\n<div id=\"column-69da697c68293\" class=\"fw-col-xs-12 fw-col-sm-2\" style=\" \">\n        <div class=\"fw-col-inner\" >\n\t\t<img loading=\"lazy\" decoding=\"async\" src=\"https:\/\/monrepos.leiza.de\/wp-content\/uploads\/2024\/05\/Logo-Prinz-Max-300x200.png\" alt=\"https:\/\/monrepos.leiza.de\/wp-content\/uploads\/2024\/05\/Logo-Prinz-Max-300x200.png\" width=\"300\" height=\"200\" \/>\n\t<div class=\"fw-divider-space\" style=\"padding-top: 50px;\"><\/div>\n\t<\/div>\n<\/div>\n<div id=\"column-69da697c6840f\" class=\"fw-col-xs-12 fw-col-sm-2\" style=\" \">\n        <div class=\"fw-col-inner\" >\n\t\t\n\t<div class=\"fw-divider-space\" style=\"padding-top: 25px;\"><\/div>\n\n<div class=\"wpz-btn-center\">\n    <a href=\"https:\/\/monrepos.leiza.de\/en\/traeger-partner\/\" target=\"_self\" class=\"wpz-btn wpz-btn-1 wpz-btn-white\">\n    \t<span>Further supporters<\/span>\n    <\/a>\n<\/div>\n\t<\/div>\n<\/div><\/div>\n\n\t<\/div>\n<\/section><\/p>","protected":false},"excerpt":{"rendered":"<p>MONREPOS ist Forschungsmuseum: Arch\u00e4ologische Spitzenforschung, ihre Vermittlung und ihr gesellschaftspolitischer Diskurs sind hier untrennbar miteinander verwoben. Wir sind eine Au\u00dfenstelle des R\u00f6misch-Germanischen Zentralmuseums Mainz und Mitglied der Leibniz-Gemeinschaft. Seit \u00fcber 30 Jahren arbeiten wir auf Schloss Monrepos (Monrepos franz. \u00bbMeine Ruhe\u00ab), im historischen Naherholungsgebiet zwischen den UNESCO Welterben \u00bbOberes Mittelrheintal\u00ab und \u00bbObergermanisch-R\u00e4tischer Limes\u00ab.<\/p>","protected":false},"author":1,"featured_media":6506,"parent":0,"menu_order":0,"comment_status":"closed","ping_status":"closed","template":"","meta":{"footnotes":""},"class_list":["post-5258","page","type-page","status-publish","has-post-thumbnail","hentry"],"aioseo_notices":[],"_links":{"self":[{"href":"https:\/\/monrepos.leiza.de\/en\/wp-json\/wp\/v2\/pages\/5258","targetHints":{"allow":["GET"]}}],"collection":[{"href":"https:\/\/monrepos.leiza.de\/en\/wp-json\/wp\/v2\/pages"}],"about":[{"href":"https:\/\/monrepos.leiza.de\/en\/wp-json\/wp\/v2\/types\/page"}],"author":[{"embeddable":true,"href":"https:\/\/monrepos.leiza.de\/en\/wp-json\/wp\/v2\/users\/1"}],"replies":[{"embeddable":true,"href":"https:\/\/monrepos.leiza.de\/en\/wp-json\/wp\/v2\/comments?post=5258"}],"version-history":[{"count":97,"href":"https:\/\/monrepos.leiza.de\/en\/wp-json\/wp\/v2\/pages\/5258\/revisions"}],"predecessor-version":[{"id":10042,"href":"https:\/\/monrepos.leiza.de\/en\/wp-json\/wp\/v2\/pages\/5258\/revisions\/10042"}],"wp:featuredmedia":[{"embeddable":true,"href":"https:\/\/monrepos.leiza.de\/en\/wp-json\/wp\/v2\/media\/6506"}],"wp:attachment":[{"href":"https:\/\/monrepos.leiza.de\/en\/wp-json\/wp\/v2\/media?parent=5258"}],"curies":[{"name":"wp","href":"https:\/\/api.w.org\/{rel}","templated":true}]}}