{"id":5250,"date":"2018-04-10T13:07:48","date_gmt":"2018-04-10T13:07:48","guid":{"rendered":"https:\/\/monrepos.rgzm.de\/?page_id=5250"},"modified":"2026-02-26T12:42:46","modified_gmt":"2026-02-26T12:42:46","slug":"gastronomie","status":"publish","type":"page","link":"https:\/\/monrepos.leiza.de\/en\/gastronomie\/","title":{"rendered":"Catering"},"content":{"rendered":"<section id=\"section_id-15250\" class=\"fw-main-row-custom fw-main-row-top fw-section-no-padding\" style=\" \" >\n\t<div class=\"fw-col-inner fw-container\" >\n\t\t<div class=\"fw-row\">\n\t\n<div id=\"column-69e225e893cb0\" class=\"fw-col-xs-12\" style=\" \">\n        <div class=\"fw-col-inner\" >\n\t\t<h1 id=\"Cafe\" style=\"text-align: center;\">\u00a0Caf\u00e9-Bistro \u00bbHeimathirsch\u00ab<\/h1>\t<div class=\"fw-divider-line\"><hr\/><\/div>\n\n<h1 style=\"text-align: center;\"><span style=\"font-size: 20px;\">Aus dem Caf\u00e9-Bistro \u00bbMonApp\u00e9tit\u00ab\u00a0 <\/span><span style=\"font-size: 20px;\">wurde mit der Neuer\u00f6ffnung unter einer neuen P\u00e4chterin im Dezember das <\/span><span style=\"font-size: 20px;\">Caf\u00e9-Bistro \u00bbHeimathirsch\u00ab. Unter neuem Namen bietet das Bistro eine<\/span><span style=\"font-size: 20px;\"> kleine aber feine Speisekarte.<\/span><span style=\"font-size: 20px;\"> Neben Kaffee, Kuchen und weiteren Leckereien erwarten Dich auch k\u00f6stliche, regionale und warme Gerichte f\u00fcr den gro\u00dfen und kleinen Hunger.\u00a0<strong><br \/><\/strong>Das Team des \u00bbHeimathirsch\u00ab freut sich auf Deinen Besuch!<\/span><\/h1><h3 style=\"text-align: center;\"><strong>\u00d6ffnungszeiten Heimathirsch:\u00a0<\/strong><br \/><strong>Montag und Dienstag: Ruhetage<\/strong><br \/><strong>Donnerstag bis Sonntag: 12 bis 18 Uhr<br \/>Mittwoch nur f\u00fcr geschlossene Gesellschaften.<\/strong><\/h3><h4 style=\"text-align: center;\" class=\"translation-block\">Catering for groups and events on request.\nBreakfast possible on Sundays by prior arrangement.<\/h4><h3 style=\"text-align: center;\"><strong>Currently only cash payment possible.<br \/><\/strong><\/h3><h3 style=\"text-align: center;\"><strong>Reservierungen und Anfragen unter 0151.29581515\u00a0<\/strong><\/h3><h3 style=\"text-align: center;\"><\/h3><h3><\/h3><h1><\/h1><p>&nbsp;<\/p>\n\t<div class=\"fw-divider-space\" style=\"padding-top: 50px;\"><\/div>\n<img loading=\"lazy\" decoding=\"async\" src=\"https:\/\/monrepos.leiza.de\/wp-content\/uploads\/2023\/10\/SAM4726_HDR.jpg_verkleinert-900x500.jpg\" alt=\"https:\/\/monrepos.leiza.de\/wp-content\/uploads\/2023\/10\/SAM4726_HDR.jpg_verkleinert-900x500.jpg\" width=\"900\" height=\"500\" \/>\n\t<div class=\"fw-divider-space\" style=\"padding-top: 50px;\"><\/div>\n\t<div class=\"fw-divider-line\"><hr\/><\/div>\n\n\t<\/div>\n<\/div><\/div>\n\n\t<\/div>\n<\/section>","protected":false},"excerpt":{"rendered":"<p>Hunger is the motor of our behavioural development. That is why MONREPOS Catering is part of the museum exhibition. Here the wild dishes of the Palaeolithic meet the modern cuisine of today. Our caf\u00e9-restaurant MonApp\u00e9tit is perfect for completing your museum visit, for our special events, for your private as well as professional occasions \u2014 or \u00bbjust because\u00ab.<\/p>","protected":false},"author":1,"featured_media":7728,"parent":0,"menu_order":0,"comment_status":"closed","ping_status":"closed","template":"","meta":{"footnotes":""},"class_list":["post-5250","page","type-page","status-publish","has-post-thumbnail","hentry"],"aioseo_notices":[],"_links":{"self":[{"href":"https:\/\/monrepos.leiza.de\/en\/wp-json\/wp\/v2\/pages\/5250","targetHints":{"allow":["GET"]}}],"collection":[{"href":"https:\/\/monrepos.leiza.de\/en\/wp-json\/wp\/v2\/pages"}],"about":[{"href":"https:\/\/monrepos.leiza.de\/en\/wp-json\/wp\/v2\/types\/page"}],"author":[{"embeddable":true,"href":"https:\/\/monrepos.leiza.de\/en\/wp-json\/wp\/v2\/users\/1"}],"replies":[{"embeddable":true,"href":"https:\/\/monrepos.leiza.de\/en\/wp-json\/wp\/v2\/comments?post=5250"}],"version-history":[{"count":315,"href":"https:\/\/monrepos.leiza.de\/en\/wp-json\/wp\/v2\/pages\/5250\/revisions"}],"predecessor-version":[{"id":10486,"href":"https:\/\/monrepos.leiza.de\/en\/wp-json\/wp\/v2\/pages\/5250\/revisions\/10486"}],"wp:featuredmedia":[{"embeddable":true,"href":"https:\/\/monrepos.leiza.de\/en\/wp-json\/wp\/v2\/media\/7728"}],"wp:attachment":[{"href":"https:\/\/monrepos.leiza.de\/en\/wp-json\/wp\/v2\/media?parent=5250"}],"curies":[{"name":"wp","href":"https:\/\/api.w.org\/{rel}","templated":true}]}}