{"id":5235,"date":"2018-04-10T13:07:26","date_gmt":"2018-04-10T13:07:26","guid":{"rendered":"https:\/\/monrepos.rgzm.de\/?page_id=5235"},"modified":"2024-05-23T12:49:01","modified_gmt":"2024-05-23T12:49:01","slug":"ausstellung","status":"publish","type":"page","link":"https:\/\/monrepos.leiza.de\/en\/ausstellung\/","title":{"rendered":"Exhibition"},"content":{"rendered":"<p>\n\n\n<section id=\"section_id-15235\" class=\"fw-main-row-custom fw-main-row-top fw-section-no-padding\" style=\" \" >\n\t<div class=\"fw-col-inner fw-container\" >\n\t\t<div class=\"fw-row\">\n\t\n<div id=\"column-69edfe2fc5097\" class=\"fw-col-xs-12\" style=\" \">\n        <div class=\"fw-col-inner\" >\n\t\t<div class=\"fw-row\"><div id=\"column-5ad5af75d7006\" class=\"fw-col-xs-12\"><div class=\"fw-col-inner\"><h4 style=\"text-align: center;\"><a href=\"#Dauerausstellung\">Exhibition<\/a> | <a href=\"#Marie\">Marie Sj\u00f8vold<\/a> | <a href=\"#Shop\">Museum Shop<\/a><\/h4><\/div><\/div><\/div>\t<\/div>\n<\/div><\/div>\n\n<div class=\"fw-row\">\n\t\n<div id=\"column-69edfe2fc514c\" class=\"fw-col-xs-12\" style=\" \">\n        <div class=\"fw-col-inner\" >\n\t\t\n\t<div class=\"fw-divider-space\" style=\"padding-top: 50px;\"><\/div>\n\t<\/div>\n<\/div><\/div>\n\n\t<\/div>\n<\/section>\n\n\n<section id=\"section_id-25235\" class=\"fw-main-row-custom fw-section-no-padding\" style=\" \" >\n\t<div class=\"fw-col-inner fw-container\" >\n\t\t<div class=\"fw-row\">\n\t\n<div id=\"column-69edfe2fc528a\" class=\"fw-col-xs-12\" style=\" \">\n        <div class=\"fw-col-inner\" >\n\t\t<h1 id=\"Dauerausstellung\" style=\"text-align: center;\">understandIng HUMANity<\/h1>\t<\/div>\n<\/div><\/div>\n\n<div class=\"fw-row\">\n\t\n<div id=\"column-69edfe2fc5307\" class=\"fw-col-xs-12\" style=\" \">\n        <div class=\"fw-col-inner\" >\n\t\t<p style=\"text-align: center;\">Welcome to your past! The history of early humans determines our behaviour to the present day. On a journey of discovery to yourself, \u00bbunderstandIng HUMANity\u00ab describes the most important stages of our behavioural development with moving imagery. Acting as independent tour guides, visitors trace the roots of their behaviour and come closer to their own identity. This is the point of archaeology. Of course those who want the details can also find \u00bbreal archaeology\u00ab: significant finds, background information and methodology. First-hand and up to date \u2013 as a research museum we present comprehensible research and intelligible archaeology.<\/p><p style=\"text-align: center;\">_______<\/p><p style=\"text-align: center;\"><span style=\"color: #ffffff;\">An illustrated exhibition guide in English is available at the museum reception.<\/span><\/p><h4><\/h4><div class=\"fw-divider-space\"><\/div>\t<\/div>\n<\/div><\/div>\n\n<div class=\"fw-row\">\n\t\n<div id=\"column-69edfe2fc53b6\" class=\"fw-col-xs-12\" style=\" \">\n        <div class=\"fw-col-inner\" >\n\t\t\n<div class=\"wpz-btn-center\">\n    <a href=\"https:\/\/monrepos.leiza.de\/en\/fuehrungen-workshops\/\" target=\"_blank\" class=\"wpz-btn wpz-btn-1 wpz-btn-white\">\n    \t<span>Guided Tours, Workshops &amp; more<\/span>\n    <\/a>\n<\/div>\n\t<\/div>\n<\/div><\/div>\n\n<div class=\"fw-row\">\n\t\n<div id=\"column-69edfe2fc5474\" class=\"fw-col-xs-12\" style=\" \">\n        <div class=\"fw-col-inner\" >\n\t\t\n\t<div class=\"fw-divider-space\" style=\"padding-top: 50px;\"><\/div>\n\t<\/div>\n<\/div><\/div>\n\n<div class=\"fw-row\">\n\t\n<div id=\"column-69edfe2fc54f0\" class=\"fw-col-xs-12\" style=\" \">\n        <div class=\"fw-col-inner\" >\n\t\t\t<div class=\"fw-divider-line\"><hr\/><\/div>\n\n\t<\/div>\n<\/div><\/div>\n\n<div class=\"fw-row\">\n\t\n<div id=\"column-69edfe2fc5572\" class=\"fw-col-xs-12\" style=\" \">\n        <div class=\"fw-col-inner\" >\n\t\t\n\t<div class=\"fw-divider-space\" style=\"padding-top: 50px;\"><\/div>\n\t<\/div>\n<\/div><\/div>\n\n\t<\/div>\n<\/section>\n\n\n<section id=\"section_id-35235\" class=\"fw-main-row-custom fw-section-no-padding\" style=\" \" >\n\t<div class=\"fw-col-inner fw-container\" >\n\t\t<div class=\"fw-row\">\n\t\n<div id=\"column-69edfe2fc56b7\" class=\"fw-col-xs-12\" style=\" \">\n        <div class=\"fw-col-inner\" >\n\t\t<div class=\"fw-heading fw-heading-center\" >\n\t\t<h2 class='fw-special-title'><h1 id=\"Marie\">MARIE SJ\u00d8VOLD<\/h1><\/h2>\t\t\t<div class=\"fw-special-subtitle\">All Too Human Moving Moments<\/div>\n\t<\/div>\t<\/div>\n<\/div><\/div>\n\n<div class=\"fw-row\">\n\t\n<div id=\"column-69edfe2fc5772\" class=\"fw-col-xs-12\" style=\" \">\n        <div class=\"fw-col-inner\" >\n\t\t<div class=\"ce_text grid_4 block\"><p style=\"text-align: center;\" class=\"translation-block\">At MONREPOS the internationally successful photographic artist Marie Sj\u00f8vold <a href=\"http:\/\/www.mariesjovold.no\/\" target=\"_self\">Marie Sj\u00f8vold<\/a> (Norway) has transcribed the history of our behavioural development into powerful images. Throughout our exhibit they illustrate ageless and all too human moving moments.<\/p><\/div>\t<\/div>\n<\/div><\/div>\n\n<div class=\"fw-row\">\n\t\n<div id=\"column-69edfe2fc57eb\" class=\"fw-col-xs-12\" style=\" \">\n        <div class=\"fw-col-inner\" >\n\t\t\n\t<div class=\"fw-divider-space\" style=\"padding-top: 50px;\"><\/div>\n\t<\/div>\n<\/div><\/div>\n\n<div class=\"fw-row\">\n\t\n<div id=\"column-69edfe2fc588e\" class=\"fw-col-xs-12\" style=\" \">\n        <div class=\"fw-col-inner\" >\n\t\t<a href=\"http:\/\/www.mariesjovold.no\/\" target=\"_self\" ><img loading=\"lazy\" decoding=\"async\" src=\"https:\/\/monrepos.leiza.de\/wp-content\/uploads\/2024\/05\/DSCF7265_verkleinert-900x500.jpg\" alt=\"https:\/\/monrepos.leiza.de\/wp-content\/uploads\/2024\/05\/DSCF7265_verkleinert-900x500.jpg\" width=\"900\" height=\"500\" \/><\/a>\t<\/div>\n<\/div><\/div>\n\n<div class=\"fw-row\">\n\t\n<div id=\"column-69edfe2fc5ae0\" class=\"fw-col-xs-12\" style=\" \">\n        <div class=\"fw-col-inner\" >\n\t\t\n\t<div class=\"fw-divider-space\" style=\"padding-top: 50px;\"><\/div>\n\t<\/div>\n<\/div><\/div>\n\n<div class=\"fw-row\">\n\t\n<div id=\"column-69edfe2fc5b7a\" class=\"fw-col-xs-12\" style=\" \">\n        <div class=\"fw-col-inner\" >\n\t\t\t<div class=\"fw-divider-line\"><hr\/><\/div>\n\n\t<\/div>\n<\/div><\/div>\n\n<div class=\"fw-row\">\n\t\n<div id=\"column-69edfe2fc5bf8\" class=\"fw-col-xs-12\" style=\" \">\n        <div class=\"fw-col-inner\" >\n\t\t\n\t<div class=\"fw-divider-space\" style=\"padding-top: 50px;\"><\/div>\n\t<\/div>\n<\/div><\/div>\n\n\t<\/div>\n<\/section>\n\n\n<section id=\"section_id-45235\" class=\"fw-main-row-custom fw-section-no-padding\" style=\" \" >\n\t<div class=\"fw-col-inner fw-container\" >\n\t\t<div class=\"fw-row\">\n\t\n<div id=\"column-69edfe2fc5ccd\" class=\"fw-col-xs-12\" style=\" \">\n        <div class=\"fw-col-inner\" >\n\t\t<div class=\"fw-heading fw-heading-center\" >\n\t\t<h2 class='fw-special-title'><h1 id=\"Shop\">MUSEUM SHOP<\/h1><\/h2>\t\t\t<div class=\"fw-special-subtitle\">Carefully selected to keep the Old Stone Age alive in your everyday life<\/div>\n\t<\/div>\t<\/div>\n<\/div><\/div>\n\n<div class=\"fw-row\">\n\t\n<div id=\"column-69edfe2fc5d54\" class=\"fw-col-xs-12\" style=\" \">\n        <div class=\"fw-col-inner\" >\n\t\t<div class=\"ce_text grid_4 block\"><p style=\"text-align: center;\">Under the label <strong>mon<\/strong> we have created a series of products designed to make the carefree and  close-to-nature atmosphere of the Old Stone Age wearable. Jewellery, accessories and everyday items, lovingly handmade from selected natural materials, awaken long forgotten feelings. Let us take you back to an authentic, prehistoric language of design and feel the spirit of an epoch full of archaic energy!\nExclusive for you in our Museum Shop.<\/p><\/div>\t<\/div>\n<\/div><\/div>\n\n<div class=\"fw-row\">\n\t\n<div id=\"column-69edfe2fc5dcc\" class=\"fw-col-xs-12\" style=\" \">\n        <div class=\"fw-col-inner\" >\n\t\t\n\t<div class=\"fw-divider-space\" style=\"padding-top: 50px;\"><\/div>\n\t<\/div>\n<\/div><\/div>\n\n<div class=\"fw-row\">\n\t\n<div id=\"column-69edfe2fc5e45\" class=\"fw-col-xs-12\" style=\" \">\n        <div class=\"fw-col-inner\" >\n\t\t<a href=\"http:\/\/www.mariesjovold.no\/\" target=\"_self\" ><img loading=\"lazy\" decoding=\"async\" src=\"https:\/\/monrepos.leiza.de\/wp-content\/uploads\/2024\/05\/SAM4774-900x500.jpg\" alt=\"https:\/\/monrepos.leiza.de\/wp-content\/uploads\/2024\/05\/SAM4774-900x500.jpg\" width=\"900\" height=\"500\" \/><\/a>\t<\/div>\n<\/div><\/div>\n\n\t<\/div>\n<\/section><\/p>","protected":false},"excerpt":{"rendered":"<p>Die  Ausstellung \u00bbMenschlICHes VERSTEHEN\u00ab macht Forschungsergebnisse f\u00fcr Dich erlebbar. Hier wird jeder selbst zum Arch\u00e4ologen: Exponate m\u00fcssen entdeckt, erlebt und interpretiert werden. Das klassische museale \u00bbBitte nicht anfassen\u00ab ist hier au\u00dfer Kraft gesetzt. Umso einpr\u00e4gsamer sind die Erkenntnisse, die man \u00fcber sich selbst, seine Vorfahren und seine Zeitgenossen mit nach Hause nimmt. Die Botschaft: Neugier lohnt sich \u2013 heute wie schon vor  \u00fcber 2,6 Millionen Jahren.<\/p>","protected":false},"author":1,"featured_media":7861,"parent":0,"menu_order":0,"comment_status":"closed","ping_status":"closed","template":"","meta":{"footnotes":""},"class_list":["post-5235","page","type-page","status-publish","has-post-thumbnail","hentry"],"aioseo_notices":[],"_links":{"self":[{"href":"https:\/\/monrepos.leiza.de\/en\/wp-json\/wp\/v2\/pages\/5235","targetHints":{"allow":["GET"]}}],"collection":[{"href":"https:\/\/monrepos.leiza.de\/en\/wp-json\/wp\/v2\/pages"}],"about":[{"href":"https:\/\/monrepos.leiza.de\/en\/wp-json\/wp\/v2\/types\/page"}],"author":[{"embeddable":true,"href":"https:\/\/monrepos.leiza.de\/en\/wp-json\/wp\/v2\/users\/1"}],"replies":[{"embeddable":true,"href":"https:\/\/monrepos.leiza.de\/en\/wp-json\/wp\/v2\/comments?post=5235"}],"version-history":[{"count":45,"href":"https:\/\/monrepos.leiza.de\/en\/wp-json\/wp\/v2\/pages\/5235\/revisions"}],"predecessor-version":[{"id":9864,"href":"https:\/\/monrepos.leiza.de\/en\/wp-json\/wp\/v2\/pages\/5235\/revisions\/9864"}],"wp:featuredmedia":[{"embeddable":true,"href":"https:\/\/monrepos.leiza.de\/en\/wp-json\/wp\/v2\/media\/7861"}],"wp:attachment":[{"href":"https:\/\/monrepos.leiza.de\/en\/wp-json\/wp\/v2\/media?parent=5235"}],"curies":[{"name":"wp","href":"https:\/\/api.w.org\/{rel}","templated":true}]}}