{"id":4491,"date":"2018-04-10T13:07:18","date_gmt":"2018-04-10T13:07:18","guid":{"rendered":"https:\/\/monrepos.rgzm.de\/?page_id=4491"},"modified":"2025-07-04T11:41:01","modified_gmt":"2025-07-04T11:41:01","slug":"besuch","status":"publish","type":"page","link":"https:\/\/monrepos.leiza.de\/en\/besuch\/","title":{"rendered":"Visiting"},"content":{"rendered":"<p>\n\n\n<section id=\"section_id-14491\" class=\"fw-main-row-custom fw-main-row-top fw-section-no-padding\" style=\" \" >\n\t<div class=\"fw-col-inner fw-container\" >\n\t\t<div class=\"fw-row\">\n\t\n<div id=\"column-69e889a79b5e0\" class=\"fw-col-xs-12\" style=\" \">\n        <div class=\"fw-col-inner\" >\n\t\t<h4 style=\"text-align: center;\"><a href=\"#Ausstellung\">Opening Times<\/a> | <a href=\"#Anfahrt\">Getting Here<\/a> | <a href=\"#Eintritt\">Admission <\/a>| <a href=\"#MONREPOS entdecken\">Info<\/a><\/h4>\t<\/div>\n<\/div><\/div>\n\n<div class=\"fw-row\">\n\t\n<div id=\"column-69e889a79b6e4\" class=\"fw-col-xs-12\" style=\" \">\n        <div class=\"fw-col-inner\" >\n\t\t\n\t<div class=\"fw-divider-space\" style=\"padding-top: 50px;\"><\/div>\n\t<\/div>\n<\/div><\/div>\n\n\t<\/div>\n<\/section>\n\n\n<section id=\"section_id-24491\" class=\"fw-main-row-custom fw-section-no-padding\" style=\" \" >\n\t<div class=\"fw-col-inner fw-container\" >\n\t\t<div class=\"fw-row\">\n\t\n<div id=\"column-69e889a79b86a\" class=\"fw-col-xs-12\" style=\" \">\n        <div class=\"fw-col-inner\" >\n\t\t<div class=\"fw-heading fw-heading-center\" >\n\t\t<h2 class='fw-special-title'><h1>WELCOME TO YOUR PAST<\/h1><\/h2>\t<\/div>\t<\/div>\n<\/div><\/div>\n\n<div class=\"fw-row\">\n\t\n<div id=\"column-69e889a79b930\" class=\"fw-col-xs-12\" style=\" \">\n        <div class=\"fw-col-inner\" >\n\t\t<p style=\"text-align: center;\">The Archaeological Research Centre and Museum for Human Behavioural Evolution leads you all the way back to yourself and to your roots.<\/p>\t<\/div>\n<\/div><\/div>\n\n<div class=\"fw-row\">\n\t\n<div id=\"column-69e889a79b9a9\" class=\"fw-col-xs-12\" style=\" \">\n        <div class=\"fw-col-inner\" >\n\t\t\n\t<div class=\"fw-divider-space\" style=\"padding-top: 50px;\"><\/div>\n\t<\/div>\n<\/div><\/div>\n\n<div class=\"fw-row\">\n\t\n<div id=\"column-69e889a79ba22\" class=\"fw-col-xs-12\" style=\" \">\n        <div class=\"fw-col-inner\" >\n\t\t\t<div class=\"fw-divider-line\"><hr\/><\/div>\n\n\t<\/div>\n<\/div><\/div>\n\n<div class=\"fw-row\">\n\t\n<div id=\"column-69e889a79ba96\" class=\"fw-col-xs-12\" style=\" \">\n        <div class=\"fw-col-inner\" >\n\t\t\n\t<div class=\"fw-divider-space\" style=\"padding-top: 50px;\"><\/div>\n\t<\/div>\n<\/div><\/div>\n\n\t<\/div>\n<\/section>\n\n\n<section id=\"section_id-34491\" class=\"fw-main-row-custom fw-section-no-padding\" style=\" \" >\n\t<div class=\"fw-col-inner fw-container\" >\n\t\t<div class=\"fw-row\">\n\t\n<div id=\"column-69e889a79bbbd\" class=\"fw-col-xs-12 fw-col-sm-6\" style=\" \">\n        <div class=\"fw-col-inner\" >\n\t\t<div class=\"fw-heading fw-heading-center\" >\n\t\t<h2 class='fw-special-title'><h2 id=\"Ausstellung\">Exhibition<\/h2><\/h2>\t<\/div><p style=\"text-align: center;\">Opening hours are Wednesday to Sunday and on public holidays from 10 am to 5 pm.<\/p><p style=\"text-align: center;\">We look forward to seeing you.<\/p>\n\t<div class=\"fw-divider-space\" style=\"padding-top: 50px;\"><\/div>\n\t<\/div>\n<\/div>\n<div id=\"column-69e889a79bc72\" class=\"fw-col-xs-12 fw-col-sm-6\" style=\" \">\n        <div class=\"fw-col-inner\" >\n\t\t<div class=\"fw-heading fw-heading-center\" >\n\t\t<h2 class='fw-special-title'><h2>Caf\u00e9-Restaurant<\/h2><\/h2>\t<\/div><p style=\"text-align: center;\">Lieber Gast,<br \/>Das Bistro \u00bbHeimathirsch\u00ab ist ge\u00f6ffnet. Weitere Informationen findest Du unter \u00bbGastronomie\u00ab.<\/p><p style=\"text-align: center;\">\t<\/div>\n<\/div><\/div>\n\n<div class=\"fw-row\">\n\t\n<div id=\"column-69e889a79bd3e\" class=\"fw-col-xs-12\" style=\" \">\n        <div class=\"fw-col-inner\" >\n\t\t\n\t<div class=\"fw-divider-space\" style=\"padding-top: 50px;\"><\/div>\n\t<\/div>\n<\/div><\/div>\n\n<div class=\"fw-row\">\n\t\n<div id=\"column-69e889a79bdb8\" class=\"fw-col-xs-12\" style=\" \">\n        <div class=\"fw-col-inner\" >\n\t\t\n\t<div class=\"fw-divider-space\" style=\"padding-top: 50px;\"><\/div>\n\t<\/div>\n<\/div><\/div>\n\n<div class=\"fw-row\">\n\t\n<div id=\"column-69e889a79be2e\" class=\"fw-col-xs-12\" style=\" \">\n        <div class=\"fw-col-inner\" >\n\t\t\t<div class=\"fw-divider-line\"><hr\/><\/div>\n\n\t<\/div>\n<\/div><\/div>\n\n<div class=\"fw-row\">\n\t\n<div id=\"column-69e889a79beab\" class=\"fw-col-xs-12\" style=\" \">\n        <div class=\"fw-col-inner\" >\n\t\t\n\t<div class=\"fw-divider-space\" style=\"padding-top: 50px;\"><\/div>\n\t<\/div>\n<\/div><\/div>\n\n\t<\/div>\n<\/section>\n\n\n<section id=\"section_id-44491\" class=\"fw-main-row-custom fw-section-no-padding\" style=\" \" >\n\t<div class=\"fw-col-inner fw-container\" >\n\t\t<div class=\"fw-row\">\n\t\n<div id=\"column-69e889a79bfd3\" class=\"fw-col-xs-12\" style=\" \">\n        <div class=\"fw-col-inner\" >\n\t\t<div class=\"fw-heading fw-heading-center\" >\n\t\t<h2 class='fw-special-title'><h2 id=\"Anfahrt\">Getting Here<\/h2><\/h2>\t\t\t<div class=\"fw-special-subtitle\">Unsere Einrichtung ist leider nicht mit dem \u00d6PNV zu erreichen.<\/div>\n\t<\/div><div class=\"fw-heading fw-heading-center\" >\n\t\t<h2 class='fw-special-title'><\/h2>\t\t\t<div class=\"fw-special-subtitle\"> Address for sat nav: Monrepos 2, 56567 Neuwied<\/div>\n\t<\/div>\n\t<div class=\"fw-divider-space\" style=\"padding-top: 50px;\"><\/div>\n<img loading=\"lazy\" decoding=\"async\" src=\"https:\/\/monrepos.leiza.de\/wp-content\/uploads\/2024\/05\/Anfahrt_SchlossMonrepos_verkleinert-900x500.jpg\" alt=\"https:\/\/monrepos.leiza.de\/wp-content\/uploads\/2024\/05\/Anfahrt_SchlossMonrepos_verkleinert-900x500.jpg\" width=\"900\" height=\"500\" \/>\t<\/div>\n<\/div><\/div>\n\n<div class=\"fw-row\">\n\t\n<div id=\"column-69e889a79c29b\" class=\"fw-col-xs-12\" style=\" \">\n        <div class=\"fw-col-inner\" >\n\t\t\n\t<div class=\"fw-divider-space\" style=\"padding-top: 50px;\"><\/div>\n\t<\/div>\n<\/div><\/div>\n\n<div class=\"fw-row\">\n\t\n<div id=\"column-69e889a79c322\" class=\"fw-col-xs-12\" style=\" \">\n        <div class=\"fw-col-inner\" >\n\t\t\t<div class=\"fw-divider-line\"><hr\/><\/div>\n\n\t<\/div>\n<\/div><\/div>\n\n<div class=\"fw-row\">\n\t\n<div id=\"column-69e889a79c3cc\" class=\"fw-col-xs-12 fw-col-sm-4\" style=\" \">\n        <div class=\"fw-col-inner\" >\n\t\t\t<\/div>\n<\/div><\/div>\n\n<div class=\"fw-row\">\n\t\n<div id=\"column-69e889a79c420\" class=\"fw-col-xs-12\" style=\" \">\n        <div class=\"fw-col-inner\" >\n\t\t\n\t<div class=\"fw-divider-space\" style=\"padding-top: 50px;\"><\/div>\n\t<\/div>\n<\/div><\/div>\n\n\t<\/div>\n<\/section>\n\n\n<section id=\"section_id-54491\" class=\"fw-main-row-custom fw-section-no-padding\" style=\" \" >\n\t<div class=\"fw-col-inner fw-container\" >\n\t\t<div class=\"fw-row\">\n\t\n<div id=\"column-69e889a79c552\" class=\"fw-col-xs-12\" style=\" \">\n        <div class=\"fw-col-inner\" >\n\t\t<div class=\"fw-heading fw-heading-center\" >\n\t\t<h2 class='fw-special-title'><h2 id=\"Eintritt\">Admission<\/h2><\/h2>\t\t\t<div class=\"fw-special-subtitle\">Exhibition<\/div>\n\t<\/div>\n\t<\/div>\n<\/div><\/div>\n\n<div class=\"fw-row\">\n\t\n<div id=\"column-69e889a79c62c\" class=\"fw-col-xs-12 fw-col-sm-4\" style=\" \">\n        <div class=\"fw-col-inner\" >\n\t\t<h3 style=\"text-align: center;\">Adult<\/h3><p style=\"text-align: center;\">6,- \u20ac<\/p>\t<\/div>\n<\/div>\n<div id=\"column-69e889a79c6c7\" class=\"fw-col-xs-12 fw-col-sm-4\" style=\" \">\n        <div class=\"fw-col-inner\" >\n\t\t<h3 style=\"text-align: center;\">Groups from 15 persons<\/h3><p style=\"text-align: center;\">5,- \u20ac | 3,- \u20ac<\/p>\t<\/div>\n<\/div>\n<div id=\"column-69e889a79c735\" class=\"fw-col-xs-12 fw-col-sm-4\" style=\" \">\n        <div class=\"fw-col-inner\" >\n\t\t<h3 style=\"text-align: center;\">Discount<\/h3><p style=\"text-align: center;\">4,- \u20ac<\/p><p>&nbsp;<\/p>\t<\/div>\n<\/div><\/div>\n\n<div class=\"fw-row\">\n\t\n<div id=\"column-69e889a79c800\" class=\"fw-col-xs-12\" style=\" \">\n        <div class=\"fw-col-inner\" >\n\t\t\n<div class=\"wpz-btn-center\">\n    <a href=\"\/en\/fuehrungen-workshops\/\" target=\"_self\" class=\"wpz-btn wpz-btn-1 wpz-btn-white\">\n    \t<span>Book Guided Tour<\/span>\n    <\/a>\n<\/div>\n\n\t<div class=\"fw-divider-space\" style=\"padding-top: 50px;\"><\/div>\n<h5 style=\"text-align: center;\">Families get a 20% discount | Discount (with identification) for children from 6 years, students, seniors, persons with a disability<\/h5><h5 style=\"text-align: center;\">WBG members receive 2 tickets at the price of 1 (regular admission price) upon presentation of the WBG-KulturCard<\/h5>\n\t<div class=\"fw-divider-space\" style=\"padding-top: 50px;\"><\/div>\n\t<div class=\"fw-divider-line\"><hr\/><\/div>\n\n\n\t<div class=\"fw-divider-space\" style=\"padding-top: 50px;\"><\/div>\n\t<\/div>\n<\/div><\/div>\n\n\t<\/div>\n<\/section>\n\n\n<section id=\"section_id-64491\" class=\"fw-main-row-custom fw-section-no-padding\" style=\" \" >\n\t<div class=\"fw-col-inner fw-container\" >\n\t\t<div class=\"fw-row\">\n\t\n<div id=\"column-69e889a79c9f8\" class=\"fw-col-xs-12\" style=\" \">\n        <div class=\"fw-col-inner\" >\n\t\t<div class=\"fw-heading fw-heading-center\" >\n\t\t<h2 class='fw-special-title'><h2 id=\"MONREPOS entdecken\">Explore MONREPOS<\/h2><\/h2>\t<\/div><p style=\"text-align: center;\">Whether alone or \u00bbin your pack\u00ab, privately or with a school class, as a tour operator or for research purposes \u2014 plan on spending a little more time on your visit to MONREPOS. Information, tips and suggestions about our tours, workshops and other offers can be found here.<\/p>\n<div class=\"wpz-btn-center\">\n    <a href=\"https:\/\/monrepos.leiza.de\/en\/monreposentdecken\/\" target=\"_self\" class=\"wpz-btn wpz-btn-1 wpz-btn-white\">\n    \t<span>More Info <\/span>\n    <\/a>\n<\/div>\n\n\t<div class=\"fw-divider-space\" style=\"padding-top: 50px;\"><\/div>\n<img loading=\"lazy\" decoding=\"async\" src=\"https:\/\/monrepos.leiza.de\/wp-content\/uploads\/2024\/05\/Reste-des-alten-Schlosses_verkleinert-900x500.jpg\" alt=\"https:\/\/monrepos.leiza.de\/wp-content\/uploads\/2024\/05\/Reste-des-alten-Schlosses_verkleinert-900x500.jpg\" width=\"900\" height=\"500\" \/>\t<\/div>\n<\/div><\/div>\n\n\t<\/div>\n<\/section><\/p>","protected":false},"excerpt":{"rendered":"<p>Willkommen in deiner Vergangenheit! Das arch\u00e4ologische Forschungszentrum und Museum f\u00fcr menschliche Verhaltensevolution f\u00fchrt Dich den langen Weg zur\u00fcck zu Dir selbst und Deinen Wurzeln. Alles, was du zur Planung deines Besuchs wissen musst, findest du in diesem Bereich.<\/p>","protected":false},"author":1,"featured_media":7556,"parent":0,"menu_order":0,"comment_status":"closed","ping_status":"closed","template":"","meta":{"footnotes":""},"class_list":["post-4491","page","type-page","status-publish","has-post-thumbnail","hentry"],"aioseo_notices":[],"_links":{"self":[{"href":"https:\/\/monrepos.leiza.de\/en\/wp-json\/wp\/v2\/pages\/4491","targetHints":{"allow":["GET"]}}],"collection":[{"href":"https:\/\/monrepos.leiza.de\/en\/wp-json\/wp\/v2\/pages"}],"about":[{"href":"https:\/\/monrepos.leiza.de\/en\/wp-json\/wp\/v2\/types\/page"}],"author":[{"embeddable":true,"href":"https:\/\/monrepos.leiza.de\/en\/wp-json\/wp\/v2\/users\/1"}],"replies":[{"embeddable":true,"href":"https:\/\/monrepos.leiza.de\/en\/wp-json\/wp\/v2\/comments?post=4491"}],"version-history":[{"count":143,"href":"https:\/\/monrepos.leiza.de\/en\/wp-json\/wp\/v2\/pages\/4491\/revisions"}],"predecessor-version":[{"id":10280,"href":"https:\/\/monrepos.leiza.de\/en\/wp-json\/wp\/v2\/pages\/4491\/revisions\/10280"}],"wp:featuredmedia":[{"embeddable":true,"href":"https:\/\/monrepos.leiza.de\/en\/wp-json\/wp\/v2\/media\/7556"}],"wp:attachment":[{"href":"https:\/\/monrepos.leiza.de\/en\/wp-json\/wp\/v2\/media?parent=4491"}],"curies":[{"name":"wp","href":"https:\/\/api.w.org\/{rel}","templated":true}]}}